{"id":43115,"date":"2023-05-15T15:25:58","date_gmt":"2023-05-15T14:25:58","guid":{"rendered":"https:\/\/www.ccis.ad\/rapport-de-situation\/"},"modified":"2023-05-18T11:21:07","modified_gmt":"2023-05-18T10:21:07","slug":"rapport-de-situation","status":"publish","type":"page","link":"https:\/\/www.ccis.ad\/fr\/rapport-de-situation\/","title":{"rendered":"Rapport de situation"},"content":{"rendered":"<div class=\"wpb-content-wrapper\"><p>[vc_row][vc_column][vc_empty_space][vc_column_text css=\u00a0\u00bb.vc_custom_1638294184104{padding-bottom: 10px !important;}\u00a0\u00bb]<\/p>\n<div class=\"dm_description\">\n<h4>Analyse des r\u00e9sultats d&rsquo;enqu\u00eates d&rsquo;opinion aupr\u00e8s des entreprises aupr\u00e8s des diff\u00e9rents secteurs d&rsquo;activit\u00e9. Fr\u00e9quence semestrielle.<\/h4>\n<\/div>\n<p>[\/vc_column_text][\/vc_column][\/vc_row][vc_row][vc_column width=\u00a0\u00bb1\/3&Prime;]<div class=\"gem-list gem-list-type-Label gem-list-color-3\" ><h5>RAPPORTS SEMESTRIELS<\/h5>\n<ul>\n<li><a href=\"https:\/\/www.ccis.ad\/wp-content\/uploads\/2023\/05\/Informe_conjuntura_2n-sem-2022_CCIS-1.pdf\" target=\"_blank\" rel=\"noopener\">Etat des lieux &#8211; juillet-d\u00e9cembre 2022<\/a><\/li>\n<li><a href=\"https:\/\/www.ccis.ad\/wp-content\/uploads\/2022\/12\/Informe_conjuntura_1r-sem.-2022_CCIS.pdf\" target=\"_blank\" rel=\"noopener noreferrer\">Etat des lieux &#8211; janvier-juin 2022<\/a><\/li>\n<li><a href=\"https:\/\/www.ccis.ad\/wp-content\/uploads\/2022\/05\/Informe_conjuntura_2n-sem_2021.pdf\" target=\"_blank\" rel=\"noopener noreferrer\">Etat des lieux &#8211; juillet-d\u00e9cembre 2021<\/a><\/li>\n<li><a href=\"https:\/\/www.ccis.ad\/wp-content\/uploads\/2021\/12\/Informe_conjuntura_1r-sem.-2021_CCIS-1.pdf\" target=\"_blank\" rel=\"noopener noreferrer\">Etat des lieux &#8211; janvier-juin 2021<\/a><\/li>\n<li><a href=\"https:\/\/www.ccis.ad\/wp-content\/uploads\/2021\/05\/Informe_conjuntura_2n-semestre-2020.pdf\" target=\"_blank\" rel=\"noopener noreferrer\">Etat des lieux &#8211; juillet-d\u00e9cembre 2020<\/a><\/li>\n<li><a href=\"https:\/\/www.ccis.ad\/wp-content\/uploads\/2020\/12\/Informe_conjuntura_1r-semestre-2020_CCIS.pdf\" target=\"_blank\" rel=\"noopener noreferrer\">Etat des lieux &#8211; janvier-juin 2020<\/a><\/li>\n<li><a href=\"https:\/\/www.ccis.ad\/wp-content\/uploads\/2020\/04\/Informe_conjuntura_2n-semestre-2019.pdf\" target=\"_blank\" rel=\"noopener noreferrer\">Etat des lieux &#8211; juillet-d\u00e9cembre 2019<\/a><\/li>\n<li><a href=\"https:\/\/www.ccis.ad\/wp-content\/uploads\/2019\/12\/Informe_conjuntura_1r-semestre-2019.pdf\" target=\"_blank\" rel=\"noopener noreferrer\">Etat des lieux &#8211; janvier-juin 2019<\/a><\/li>\n<li><a href=\"https:\/\/www.ccis.ad\/wp-content\/uploads\/2019\/05\/Informe_conjuntura_2n-semestre-2018.pdf\" target=\"_blank\" rel=\"noopener noreferrer\">Etat des lieux &#8211; juillet-d\u00e9cembre 2018<\/a><\/li>\n<li><a href=\"https:\/\/www.ccis.ad\/wp-content\/uploads\/2018\/12\/Informe_conjuntura_1r-semestre-2018.pdf\">Etat des lieux &#8211; janvier-juin 2018<\/a><\/li>\n<li><a href=\"https:\/\/www.ccis.ad\/wp-content\/uploads\/2018\/05\/EnqconjB17.pdf\">Etat des lieux &#8211; juillet-d\u00e9cembre 2017<\/a><\/li>\n<li><a href=\"https:\/\/www.ccis.ad\/wp-content\/uploads\/2017\/12\/EnqconjA17.pdf\">Etat des lieux &#8211; janvier-juin 2017<\/a><\/li>\n<li><a href=\"http:\/\/www.ccis.ad\/wp-content\/uploads\/2017\/05\/EnqconjB16.pdf\">Etat des lieux &#8211; juillet-d\u00e9cembre 2016<\/a><\/li>\n<li><a href=\"http:\/\/www.ccis.ad\/wp-content\/uploads\/2017\/02\/EnqconjA16.pdf\">Etat des lieux &#8211; janvier-juin 2016<\/a><\/li>\n<\/ul>\n<\/div>[\/vc_column][vc_column width=\u00a0\u00bb2\/3&Prime;]<div class=\"gem-list gem-list-type-Label gem-list-color-3\" ><h5>MONOGRAPHIES<\/h5>\n<ul>\n<li><a href=\"https:\/\/www.ccis.ad\/wp-content\/uploads\/2022\/05\/Situacio_economica_empreses_davant_covid-19_Gener-2022.pdf\">Situation \u00e9conomique des entreprises face \u00e0 la crise du covid-19 (2e \u00e9dition &#8211; janvier 2022)<\/a><\/li>\n<li><a href=\"https:\/\/www.ccis.ad\/wp-content\/uploads\/2022\/03\/Informe_Enq_Impacte-Covid-19_gener-2022.pdf\" target=\"_blank\" rel=\"noopener\">Impact \u00e9conomique du Covid-19 sur les entreprises andorranes (janvier 2022)<\/a><\/li>\n<li><a href=\"https:\/\/www.ccis.ad\/wp-content\/uploads\/2021\/09\/Informe_Enq_Impacte-covid-19_juliol-2021.pdf\" target=\"_blank\" rel=\"noopener\">Impact \u00e9conomique du Covid-19 sur les entreprises andorranes (juillet 2021)<\/a><\/li>\n<li><a href=\"https:\/\/www.ccis.ad\/wp-content\/uploads\/2021\/05\/Situacio-economica-de-les-empreses_Covid-19_2020.pdf\">Situation \u00e9conomique des entreprises face \u00e0 la crise du covid-19 (1\u00e8re \u00e9dition &#8211; janvier 2021)<\/a><\/li>\n<li><a href=\"https:\/\/www.ccis.ad\/wp-content\/uploads\/2021\/03\/Inf_Enq_Impacte-Covid-gener2021-2.pdf\">Impact \u00e9conomique du Covid-19 sur les entreprises andorranes (janvier 2021)<\/a><\/li>\n<li><a href=\"https:\/\/www.ccis.ad\/wp-content\/uploads\/2020\/09\/Informe_Enquesta_Impacte-Covid-19-juliol-2020.pdf\">Impact \u00e9conomique du Covid-19 sur les entreprises andorranes (juillet 2020)<\/a><\/li>\n<li><a href=\"https:\/\/www.ccis.ad\/wp-content\/uploads\/2020\/04\/La-complexitat-administrativa.pdf\" target=\"_blank\" rel=\"noopener noreferrer\">Complexit\u00e9 administrative (ann\u00e9e 2019)<\/a><\/li>\n<li><a href=\"https:\/\/www.ccis.ad\/wp-content\/uploads\/2019\/05\/La-formaci%C3%B3-continuada-a-les-empreses.pdf\">Formation continue en entreprise (ann\u00e9e 2018)<\/a><\/li>\n<li><a href=\"https:\/\/www.ccis.ad\/wp-content\/uploads\/2018\/05\/La-inclusi%C3%B3-laboral-de-les-persones-amb-discapacitat.pdf\">Insertion professionnelle des personnes handicap\u00e9es (ann\u00e9e 2017)<\/a><\/li>\n<li><a href=\"http:\/\/www.ccis.ad\/wp-content\/uploads\/2017\/05\/Empresa-familiar-andorrana_2016.pdf\">L&rsquo;entreprise familiale andorrane (ann\u00e9e 2016)<\/a><\/li>\n<li><a href=\"http:\/\/www.ccis.ad\/docs\/accesempreses.pdf\">Acc\u00e8s des entreprises au financement (ann\u00e9e 2015)<\/a><\/li>\n<li><a href=\"https:\/\/www.ccis.ad\/wp-content\/uploads\/2017\/11\/internacionalitzacio.pdf\">L&rsquo;internationalisation des entreprises (ann\u00e9e 2014)<\/a><\/li>\n<li><a href=\"https:\/\/www.ccis.ad\/wp-content\/uploads\/2017\/11\/presencia.pdf\">Pr\u00e9sence et utilisation d&rsquo;Internet dans les entreprises (ann\u00e9e 2013)<\/a><\/li>\n<li><a href=\"https:\/\/www.ccis.ad\/wp-content\/uploads\/2017\/11\/condicions-credit.pdf\">Conditions de cr\u00e9dit aux entreprises (semestre juillet-d\u00e9cembre 2012)<\/a><\/li>\n<\/ul>\n<\/div>[\/vc_column][\/vc_row]<\/p>\n<\/div>","protected":false},"excerpt":{"rendered":"<p>[vc_row][vc_column][vc_empty_space][vc_column_text css=\u00a0\u00bb.vc_custom_1638294184104{padding-bottom: 10px !important;}\u00a0\u00bb] Analyse des r\u00e9sultats d&rsquo;enqu\u00eates d&rsquo;opinion aupr\u00e8s des entreprises aupr\u00e8s des diff\u00e9rents secteurs d&rsquo;activit\u00e9. Fr\u00e9quence semestrielle. [\/vc_column_text][\/vc_column][\/vc_row][vc_row][vc_column width=\u00a0\u00bb1\/3&Prime;][\/vc_column][vc_column width=\u00a0\u00bb2\/3&Prime;][\/vc_column][\/vc_row]<\/p>\n","protected":false},"author":52,"featured_media":35907,"parent":0,"menu_order":0,"comment_status":"closed","ping_status":"closed","template":"","meta":{"footnotes":""},"class_list":["post-43115","page","type-page","status-publish","has-post-thumbnail"],"_links":{"self":[{"href":"https:\/\/www.ccis.ad\/fr\/wp-json\/wp\/v2\/pages\/43115","targetHints":{"allow":["GET"]}}],"collection":[{"href":"https:\/\/www.ccis.ad\/fr\/wp-json\/wp\/v2\/pages"}],"about":[{"href":"https:\/\/www.ccis.ad\/fr\/wp-json\/wp\/v2\/types\/page"}],"author":[{"embeddable":true,"href":"https:\/\/www.ccis.ad\/fr\/wp-json\/wp\/v2\/users\/52"}],"replies":[{"embeddable":true,"href":"https:\/\/www.ccis.ad\/fr\/wp-json\/wp\/v2\/comments?post=43115"}],"version-history":[{"count":5,"href":"https:\/\/www.ccis.ad\/fr\/wp-json\/wp\/v2\/pages\/43115\/revisions"}],"predecessor-version":[{"id":43232,"href":"https:\/\/www.ccis.ad\/fr\/wp-json\/wp\/v2\/pages\/43115\/revisions\/43232"}],"wp:featuredmedia":[{"embeddable":true,"href":"https:\/\/www.ccis.ad\/fr\/wp-json\/wp\/v2\/media\/35907"}],"wp:attachment":[{"href":"https:\/\/www.ccis.ad\/fr\/wp-json\/wp\/v2\/media?parent=43115"}],"curies":[{"name":"wp","href":"https:\/\/api.w.org\/{rel}","templated":true}]}}