{"id":43073,"date":"2017-02-15T17:58:05","date_gmt":"2017-02-15T17:58:05","guid":{"rendered":"https:\/\/www.ccis.ad\/andorra-en-xifres\/"},"modified":"2025-12-09T12:13:22","modified_gmt":"2025-12-09T11:13:22","slug":"andorra-en-xifres","status":"publish","type":"page","link":"https:\/\/www.ccis.ad\/fr\/andorra-en-xifres\/","title":{"rendered":"Andorre en chiffres"},"content":{"rendered":"<div class=\"wpb-content-wrapper\"><p>[vc_row][vc_column width=\u00a0\u00bb1\/4&Prime;][vc_column_text css=\u00a0\u00bb.vc_custom_1765278795198{padding-bottom: 10px !important;}\u00a0\u00bb]<\/p>\n<div class=\"dm_description\">\n<p><a href=\"https:\/\/www.estadistica.ad\/portal\/apps\/sites\/#\/estadistica-ca\/pages\/andorra-en-xifres\" target=\"_blank\" rel=\"noopener\"><img class=\"alignnone wp-image-47876 size-full\" src=\"https:\/\/www.ccis.ad\/wp-content\/uploads\/2025\/12\/Portada-2024.jpg\" alt=\"\" width=\"190\" height=\"280\" srcset=\"https:\/\/www.ccis.ad\/wp-content\/uploads\/2025\/12\/Portada-2024.jpg 190w, https:\/\/www.ccis.ad\/wp-content\/uploads\/2025\/12\/Portada-2024-95x140.jpg 95w\" sizes=\"(max-width: 190px) 100vw, 190px\" \/><\/a><\/p>\n<p>&nbsp;<\/p>\n<\/div>\n<p>[\/vc_column_text][\/vc_column][vc_column width=\u00a0\u00bb3\/4&Prime;][vc_column_text css=\u00a0\u00bb.vc_custom_1765271210385{padding-bottom: 10px !important;}\u00a0\u00bb]<\/p>\n<div class=\"dm_description\">\n<p>Le D\u00e9partement des statistiques du gouvernement, la Chambre de commerce et Andorra Business produisent conjointement \u00ab Andorra en chiffres \u00bb. Cette publication rassemble de mani\u00e8re exhaustive les principaux indicateurs socio-\u00e9conomiques et toutes les informations pertinentes pour comprendre la r\u00e9alit\u00e9 institutionnelle, \u00e9conomique, sociale et territoriale de la Principaut\u00e9. Cette vision globale d&rsquo;Andorre en fait un outil pr\u00e9cieux pour les entreprises, les investisseurs, les organismes publics et les citoyens qui ont besoin d&rsquo;informations fiables et structur\u00e9es sur le pays.<\/p>\n<p>L&rsquo;\u00e9dition 2024 d&rsquo;\u00ab Andorre en chiffres \u00bb est un document clair, concis et visuel qui offre une vue d&rsquo;ensemble compl\u00e8te et sch\u00e9matique des aspects les plus marquants de la soci\u00e9t\u00e9 et de l&rsquo;\u00e9conomie andorranes. Ce recueil de donn\u00e9es statistiques est compl\u00e9t\u00e9 par des commentaires synth\u00e9tiques qui facilitent et enrichissent leur interpr\u00e9tation. Il rassemble les principales donn\u00e9es et indicateurs du pays, ainsi que des comparaisons avec d&rsquo;autres \u00c9tats europ\u00e9ens. Il pr\u00e9sente \u00e9galement les principales caract\u00e9ristiques territoriales, climatiques, historiques, politiques, juridiques, fiscales et sociales de la Principaut\u00e9 et offre le cadre contextuel essentiel pour analyser les chiffres et mieux comprendre la r\u00e9alit\u00e9 et l&rsquo;\u00e9volution d&rsquo;Andorre.<\/p>\n<p>Bien que con\u00e7ue principalement pour l&rsquo;environnement num\u00e9rique, la nouvelle plateforme permet de t\u00e9l\u00e9charger chaque section ou la publication enti\u00e8re au format PDF, afin d&rsquo;en faciliter l&rsquo;utilisation et de garantir une consultation polyvalente adapt\u00e9e aux besoins des utilisateurs.<\/p>\n<\/div>\n<p>[\/vc_column_text]<div class=\"gem-list gem-list-type-Label gem-list-color-3\" ><ul>\n<li><a href=\"https:\/\/www.estadistica.ad\/portal\/apps\/sites\/#\/estadistica-ca\/pages\/andorra-en-xifres\" target=\"_blank\" rel=\"noopener noreferrer\">Andorre en chiffres 2024<\/a><\/li>\n<\/ul>\n<\/div>[\/vc_column][\/vc_row]<\/p>\n<\/div>","protected":false},"excerpt":{"rendered":"<p>[vc_row][vc_column width=\u00a0\u00bb1\/4&Prime;][vc_column_text css=\u00a0\u00bb.vc_custom_1765278795198{padding-bottom: 10px !important;}\u00a0\u00bb] &nbsp; [\/vc_column_text][\/vc_column][vc_column width=\u00a0\u00bb3\/4&Prime;][vc_column_text css=\u00a0\u00bb.vc_custom_1765271210385{padding-bottom: 10px !important;}\u00a0\u00bb] Le D\u00e9partement des statistiques du gouvernement, la Chambre de commerce et Andorra Business produisent conjointement \u00ab Andorra en chiffres \u00bb. Cette publication rassemble de&#8230;<\/p>\n","protected":false},"author":52,"featured_media":47878,"parent":0,"menu_order":0,"comment_status":"closed","ping_status":"closed","template":"","meta":{"footnotes":""},"class_list":["post-43073","page","type-page","status-publish","has-post-thumbnail"],"_links":{"self":[{"href":"https:\/\/www.ccis.ad\/fr\/wp-json\/wp\/v2\/pages\/43073","targetHints":{"allow":["GET"]}}],"collection":[{"href":"https:\/\/www.ccis.ad\/fr\/wp-json\/wp\/v2\/pages"}],"about":[{"href":"https:\/\/www.ccis.ad\/fr\/wp-json\/wp\/v2\/types\/page"}],"author":[{"embeddable":true,"href":"https:\/\/www.ccis.ad\/fr\/wp-json\/wp\/v2\/users\/52"}],"replies":[{"embeddable":true,"href":"https:\/\/www.ccis.ad\/fr\/wp-json\/wp\/v2\/comments?post=43073"}],"version-history":[{"count":15,"href":"https:\/\/www.ccis.ad\/fr\/wp-json\/wp\/v2\/pages\/43073\/revisions"}],"predecessor-version":[{"id":47901,"href":"https:\/\/www.ccis.ad\/fr\/wp-json\/wp\/v2\/pages\/43073\/revisions\/47901"}],"wp:featuredmedia":[{"embeddable":true,"href":"https:\/\/www.ccis.ad\/fr\/wp-json\/wp\/v2\/media\/47878"}],"wp:attachment":[{"href":"https:\/\/www.ccis.ad\/fr\/wp-json\/wp\/v2\/media?parent=43073"}],"curies":[{"name":"wp","href":"https:\/\/api.w.org\/{rel}","templated":true}]}}