{"id":42478,"date":"2023-03-24T15:58:40","date_gmt":"2023-03-24T15:58:40","guid":{"rendered":"https:\/\/www.ccis.ad\/franchises-pour-les-voyageurs\/"},"modified":"2023-03-24T15:58:51","modified_gmt":"2023-03-24T15:58:51","slug":"franchises-pour-les-voyageurs","status":"publish","type":"page","link":"https:\/\/www.ccis.ad\/fr\/franchises-pour-les-voyageurs\/","title":{"rendered":"Franchises pour les voyageurs"},"content":{"rendered":"<div class=\"wpb-content-wrapper\"><p>[vc_row][vc_column css=\u00a0\u00bb.vc_custom_1483693371237{padding-top: 40px !important;}\u00a0\u00bb][vc_column_text]L&rsquo;un des points envisag\u00e9s dans l&rsquo; <a href=\"http:\/\/www.ccis.ad\/wp-content\/uploads\/2017\/01\/acord-unio-duanera.pdf\" target=\"_blank\" rel=\"noopener\">accord d&rsquo;union douani\u00e8re du 28 juin 1990<\/a> est la quantit\u00e9 de marchandises que les voyageurs peuvent emporter avec eux depuis la Principaut\u00e9 d&rsquo;Andorre en exon\u00e9ration du paiement des droits de douane et des taxes, \u00e0 leur entr\u00e9e dans l&rsquo;UE.<\/p>\n<p>Les quantit\u00e9s et montants maximum de ces franchises sont d\u00e9taill\u00e9s ci-dessous, par personne :<\/p>\n<table border=\"1\" cellspacing=\"0\" cellpadding=\"4\" align=\"center\">\n<tbody>\n<tr>\n<td width=\"285\">\n<div align=\"center\"><strong>caf\u00e9<\/strong><\/div>\n<\/td>\n<td width=\"800\">1000 g de caf\u00e9 ou 400 g d&rsquo;extraits<\/td>\n<\/tr>\n<tr>\n<td><\/td>\n<td><strong>+<\/strong><\/td>\n<\/tr>\n<tr>\n<td>\n<div align=\"center\"><strong>A<\/strong><\/div>\n<\/td>\n<td width=\"800\">200 g de th\u00e9 ou 80 g d&rsquo;extraits<\/td>\n<\/tr>\n<tr>\n<td><\/td>\n<td><strong>+<\/strong><\/td>\n<\/tr>\n<tr>\n<td>\n<div align=\"center\"><strong>Boissons alcoolis\u00e9es<\/strong> *<\/div>\n<\/td>\n<td width=\"800\">1,5 l d&rsquo;alcool \u00e0 plus de 22 degr\u00e9s<\/td>\n<\/tr>\n<tr>\n<td><\/td>\n<td><strong>ou<\/strong><\/td>\n<\/tr>\n<tr>\n<td><\/td>\n<td>3 litres de spiritueux ou ap\u00e9ritifs \u00e0 moins de 22 degr\u00e9s ou vins effervescents<\/td>\n<\/tr>\n<tr>\n<td><\/td>\n<td>\n<div align=\"left\"><strong>+<\/strong><\/div>\n<\/td>\n<\/tr>\n<tr>\n<td><\/td>\n<td>\n<div align=\"left\">5 litres de vin de table<\/div>\n<\/td>\n<\/tr>\n<tr>\n<td><\/td>\n<td><strong>+<\/strong><\/td>\n<\/tr>\n<tr>\n<td>\n<div align=\"center\"><strong>tabac<\/strong> *<\/div>\n<\/td>\n<td width=\"800\">300 cigarettes<\/td>\n<\/tr>\n<tr>\n<td><\/td>\n<td>\n<div align=\"left\"><strong>ou<\/strong><\/div>\n<\/td>\n<\/tr>\n<tr>\n<td><\/td>\n<td>\n<div align=\"left\">150 cigares de moins de 3 g pi\u00e8ce<\/div>\n<\/td>\n<\/tr>\n<tr>\n<td><\/td>\n<td>\n<div align=\"left\"><strong>ou<\/strong><\/div>\n<\/td>\n<\/tr>\n<tr>\n<td><\/td>\n<td>\n<div align=\"left\">75 cigares de plus de 3 g par pi\u00e8ce<\/div>\n<\/td>\n<\/tr>\n<tr>\n<td><\/td>\n<td>\n<div align=\"left\"><strong>ou<\/strong><\/div>\n<\/td>\n<\/tr>\n<tr>\n<td><\/td>\n<td>\n<div align=\"left\">400 g de tabac \u00e0 pipe<\/div>\n<\/td>\n<\/tr>\n<tr>\n<td><\/td>\n<td><strong>+<\/strong><\/td>\n<\/tr>\n<tr>\n<td>\n<div align=\"center\"><strong>Autres produits agricoles<\/strong><\/div>\n<\/td>\n<td width=\"800\">Jusqu&rsquo;\u00e0 une valeur de 300,00 \u20ac ( <span class=\"Estilo2\">Pour les personnes de moins de 15 ans, les \u00c9tats membres de la CE peuvent r\u00e9duire la franchise jusqu&rsquo;\u00e0 un maximum de la moiti\u00e9 des montants pr\u00e9vus<\/span> )<\/td>\n<\/tr>\n<tr>\n<td class=\"textonormalnegre\" colspan=\"2\"><\/td>\n<\/tr>\n<tr>\n<td><\/td>\n<td>\n<div align=\"left\"><em>&#8211; sans exc\u00e9der:<\/em><\/div>\n<\/td>\n<\/tr>\n<tr>\n<td><\/td>\n<td>\n<div align=\"left\">2,5 kg de lait en poudre<\/div>\n<\/td>\n<\/tr>\n<tr>\n<td><\/td>\n<td>\n<div align=\"left\">3 kg de lait concentr\u00e9<\/div>\n<\/td>\n<\/tr>\n<tr>\n<td><\/td>\n<td>\n<div align=\"left\">6 kg de lait frais<\/div>\n<\/td>\n<\/tr>\n<tr>\n<td><\/td>\n<td>\n<div align=\"left\">1 kg de beurre<\/div>\n<\/td>\n<\/tr>\n<tr>\n<td><\/td>\n<td>\n<div align=\"left\">4 kg de fromage<\/div>\n<\/td>\n<\/tr>\n<tr>\n<td><\/td>\n<td>\n<div align=\"left\">5 kg de sucre et sucreries<\/div>\n<\/td>\n<\/tr>\n<tr>\n<td><\/td>\n<td>\n<div align=\"left\">5 kg de viande<\/div>\n<\/td>\n<\/tr>\n<\/tbody>\n<\/table>\n<p>&nbsp;<\/p>\n<p>En plus de tous ces produits agricoles, chaque voyageur a droit \u00e0 des franchises en produits industriels :<\/p>\n<table border=\"1\" cellspacing=\"0\" cellpadding=\"4\" align=\"center\">\n<tbody>\n<tr>\n<td width=\"285\">\n<div align=\"center\"><strong>parfums<\/strong><\/div>\n<\/td>\n<td width=\"800\">75 g de parfums<\/td>\n<\/tr>\n<tr>\n<td><\/td>\n<td><strong>+<\/strong><\/td>\n<\/tr>\n<tr>\n<td><\/td>\n<td width=\"800\">375 ml de colonies<\/td>\n<\/tr>\n<tr>\n<td><\/td>\n<td><strong>+<\/strong><\/td>\n<\/tr>\n<tr>\n<td>\n<div align=\"center\"><strong>Autres produits industriels<\/strong><\/div>\n<\/td>\n<td width=\"800\">Jusqu&rsquo;\u00e0 une valeur de 900,00 \u20ac (Pour les personnes de moins de 15 ans, les \u00c9tats membres de la CE peuvent r\u00e9duire la franchise jusqu&rsquo;\u00e0 un maximum de la moiti\u00e9 des montants pr\u00e9vus)<\/td>\n<\/tr>\n<\/tbody>\n<\/table>\n<p>&nbsp;<\/p>\n<p>Il est important de noter les limitations particuli\u00e8res qui peuvent s&rsquo;appliquer \u00e0 certains produits tels que les produits animaux ou v\u00e9g\u00e9taux, les animaux vivants, les esp\u00e8ces menac\u00e9es, les m\u00e9dicaments, les armes et munitions, l&rsquo;art et les objets de collection, la monnaie, l&rsquo;or, les moyens de paiement&#8230; En ce sens, il convient de se renseigner sur ces limitations aupr\u00e8s du bureau de douane communautaire, avant de franchir la fronti\u00e8re :<\/p>\n<ul>\n<li>Douanes fran\u00e7aises de Baladr\u00e0 T\u00e9l. 0033 561 05 20 74<\/li>\n<li>Douane espagnole de La Farga de Moles T\u00e9l. 0034 973 35 15 54<\/li>\n<\/ul>\n<p>[\/vc_column_text][vc_message]<strong>Remarque :<\/strong> Ce contenu est purement informatif et ne constitue aucune base l\u00e9gale[\/vc_message][\/vc_column][\/vc_row]<\/p>\n<\/div>","protected":false},"excerpt":{"rendered":"<p>[vc_row][vc_column css=\u00a0\u00bb.vc_custom_1483693371237{padding-top: 40px !important;}\u00a0\u00bb][vc_column_text]L&rsquo;un des points envisag\u00e9s dans l&rsquo; accord d&rsquo;union douani\u00e8re du 28 juin 1990 est la quantit\u00e9 de marchandises que les voyageurs peuvent emporter avec eux depuis la Principaut\u00e9 d&rsquo;Andorre en exon\u00e9ration du&#8230;<\/p>\n","protected":false},"author":52,"featured_media":35879,"parent":0,"menu_order":0,"comment_status":"closed","ping_status":"closed","template":"","meta":{"footnotes":""},"class_list":["post-42478","page","type-page","status-publish","has-post-thumbnail"],"_links":{"self":[{"href":"https:\/\/www.ccis.ad\/fr\/wp-json\/wp\/v2\/pages\/42478","targetHints":{"allow":["GET"]}}],"collection":[{"href":"https:\/\/www.ccis.ad\/fr\/wp-json\/wp\/v2\/pages"}],"about":[{"href":"https:\/\/www.ccis.ad\/fr\/wp-json\/wp\/v2\/types\/page"}],"author":[{"embeddable":true,"href":"https:\/\/www.ccis.ad\/fr\/wp-json\/wp\/v2\/users\/52"}],"replies":[{"embeddable":true,"href":"https:\/\/www.ccis.ad\/fr\/wp-json\/wp\/v2\/comments?post=42478"}],"version-history":[{"count":10,"href":"https:\/\/www.ccis.ad\/fr\/wp-json\/wp\/v2\/pages\/42478\/revisions"}],"predecessor-version":[{"id":42524,"href":"https:\/\/www.ccis.ad\/fr\/wp-json\/wp\/v2\/pages\/42478\/revisions\/42524"}],"wp:featuredmedia":[{"embeddable":true,"href":"https:\/\/www.ccis.ad\/fr\/wp-json\/wp\/v2\/media\/35879"}],"wp:attachment":[{"href":"https:\/\/www.ccis.ad\/fr\/wp-json\/wp\/v2\/media?parent=42478"}],"curies":[{"name":"wp","href":"https:\/\/api.w.org\/{rel}","templated":true}]}}