{"id":42357,"date":"2023-03-24T15:58:31","date_gmt":"2023-03-24T15:58:31","guid":{"rendered":"https:\/\/www.ccis.ad\/clause-de-non-responsabilite\/"},"modified":"2023-03-24T15:58:37","modified_gmt":"2023-03-24T15:58:37","slug":"clause-de-non-responsabilite","status":"publish","type":"page","link":"https:\/\/www.ccis.ad\/fr\/clause-de-non-responsabilite\/","title":{"rendered":"Clause de non-responsabilit\u00e9"},"content":{"rendered":"<div class=\"wpb-content-wrapper\"><p>[vc_row][vc_column][vc_column_text css=\u00a0\u00bb.vc_custom_1482945057104{padding-bottom: 60px !important;}\u00a0\u00bb]www.ccis.ad est un domaine Internet appartenant \u00e0 la Chambre de Commerce Industrie et Services d&rsquo;Andorre.<\/p>\n<h3>Acc\u00e9der aux recommandations<\/h3>\n<p>&#8211; Navigateur recommand\u00e9 Internet Explorer 8, Mozilla Firefox 6.0 ou sup\u00e9rieur.<\/p>\n<p>&#8211; R\u00e9solution recommand\u00e9e Prend en charge 1280&#215;720 ou sup\u00e9rieur<\/p>\n<p>L&rsquo;acc\u00e8s au site Web de la Chambre de commerce, d&rsquo;industrie et de services d&rsquo;Andorre et aux informations qu&rsquo;il contient implique l&rsquo;acceptation des conditions pr\u00e9vues dans la pr\u00e9sente notice l\u00e9gale. Pour cette raison, nous vous recommandons de lire attentivement le contenu de cet avis si vous souhaitez acc\u00e9der et utiliser les informations et les services propos\u00e9s sur le site Internet de la Chambre de commerce, d&rsquo;industrie et de services d&rsquo;Andorre.<\/p>\n<p>L&rsquo;utilisateur, \u00e0 travers les diff\u00e9rentes zones qui font partie du site Web, peut visiter, obtenir des informations, utiliser une s\u00e9rie d&rsquo;applications, adresser des demandes ou des communications.<\/p>\n<p>Les informations contenues dans ce site Web ont \u00e9t\u00e9 pr\u00e9par\u00e9es et contr\u00f4l\u00e9es par la Chambre de commerce, d&rsquo;industrie et de services d&rsquo;Andorre. Les bo\u00eetes de contact sur le site Web sont purement informatives, sans, en aucun cas, les responsabilit\u00e9s l\u00e9gales contraignantes d\u00e9coulant en cas de r\u00e9ponse.<\/p>\n<h3>Politique d&rsquo;utilisation<\/h3>\n<p>Tous les droits sont r\u00e9serv\u00e9s. Tout acc\u00e8s \u00e0 ce site reste soumis aux conditions suivantes :<\/p>\n<p>La Chambre de Commerce, Industrie et Services d&rsquo;Andorre n&rsquo;est pas responsable des dommages caus\u00e9s par l&rsquo;acc\u00e8s au site ou par l&rsquo;impossibilit\u00e9 d&rsquo;y acc\u00e9der. Le contenu de la page Web est purement indicatif et informatif et la Chambre ne garantit pas l&rsquo;exactitude ou la mise \u00e0 jour des informations pouvant \u00eatre obtenues \u00e0 partir de son site Web, informations pouvant \u00eatre modifi\u00e9es sans pr\u00e9avis. La Chambre de Commerce n&rsquo;est pas responsable des dommages r\u00e9sultant de l&rsquo;utilisation de ce site. Il n&rsquo;est pas non plus responsable des informations obtenues via des liens vers des syst\u00e8mes externes.<\/p>\n<p>Seule l&rsquo;utilisation personnelle des images et contenus t\u00e9l\u00e9chargeables sur le web est autoris\u00e9e. L&rsquo;utilisation commerciale n&rsquo;est pas autoris\u00e9e. La modification du site Web ou de son contenu n&rsquo;est pas autoris\u00e9e.<\/p>\n<p>Cette politique de confidentialit\u00e9 s&rsquo;applique uniquement \u00e0 cette page Web et n&rsquo;est pas garantie pour l&rsquo;acc\u00e8s via des liens vers d&rsquo;autres pages Web. La Chambre de Commerce se r\u00e9serve le droit de modifier la politique de confidentialit\u00e9 d\u00e9crite sur cette page sans notification pr\u00e9alable.<\/p>\n<p>&nbsp;<\/p>\n<p>Chambre de Commerce Industrie et Services d&rsquo;Andorre<br \/>\nC\/ Prat de la Creu, 8, Immeuble Le Mans, Bureau 204-205<br \/>\nAndorre-la-Vieille.<br \/>\nT\u00e9l. 80 92 92[\/vc_column_text][\/vc_column][\/vc_row]<\/p>\n<\/div>","protected":false},"excerpt":{"rendered":"<p>[vc_row][vc_column][vc_column_text css=\u00a0\u00bb.vc_custom_1482945057104{padding-bottom: 60px !important;}\u00a0\u00bb]www.ccis.ad est un domaine Internet appartenant \u00e0 la Chambre de Commerce Industrie et Services d&rsquo;Andorre. Acc\u00e9der aux recommandations &#8211; Navigateur recommand\u00e9 Internet Explorer 8, Mozilla Firefox 6.0 ou sup\u00e9rieur. &#8211; R\u00e9solution recommand\u00e9e&#8230;<\/p>\n","protected":false},"author":52,"featured_media":0,"parent":0,"menu_order":0,"comment_status":"closed","ping_status":"closed","template":"","meta":{"footnotes":""},"class_list":["post-42357","page","type-page","status-publish"],"_links":{"self":[{"href":"https:\/\/www.ccis.ad\/fr\/wp-json\/wp\/v2\/pages\/42357","targetHints":{"allow":["GET"]}}],"collection":[{"href":"https:\/\/www.ccis.ad\/fr\/wp-json\/wp\/v2\/pages"}],"about":[{"href":"https:\/\/www.ccis.ad\/fr\/wp-json\/wp\/v2\/types\/page"}],"author":[{"embeddable":true,"href":"https:\/\/www.ccis.ad\/fr\/wp-json\/wp\/v2\/users\/52"}],"replies":[{"embeddable":true,"href":"https:\/\/www.ccis.ad\/fr\/wp-json\/wp\/v2\/comments?post=42357"}],"version-history":[{"count":1,"href":"https:\/\/www.ccis.ad\/fr\/wp-json\/wp\/v2\/pages\/42357\/revisions"}],"predecessor-version":[{"id":42382,"href":"https:\/\/www.ccis.ad\/fr\/wp-json\/wp\/v2\/pages\/42357\/revisions\/42382"}],"wp:attachment":[{"href":"https:\/\/www.ccis.ad\/fr\/wp-json\/wp\/v2\/media?parent=42357"}],"curies":[{"name":"wp","href":"https:\/\/api.w.org\/{rel}","templated":true}]}}