{"id":42308,"date":"2023-03-24T15:58:20","date_gmt":"2023-03-24T15:58:20","guid":{"rendered":"https:\/\/www.ccis.ad\/recensement-de-la-chambre\/"},"modified":"2026-01-08T15:55:37","modified_gmt":"2026-01-08T14:55:37","slug":"recensement-de-la-chambre","status":"publish","type":"page","link":"https:\/\/www.ccis.ad\/fr\/recensement-de-la-chambre\/","title":{"rendered":"Recensement de la Chambre"},"content":{"rendered":"<div class=\"wpb-content-wrapper\"><p>[vc_row][vc_column css=\u00a0\u00bb.vc_custom_1483693371237{padding-top: 40px !important;}\u00a0\u00bb][vc_column_text css=\u00a0\u00bb\u00a0\u00bb]<\/p>\n<p data-start=\"140\" data-end=\"290\">Le recensement de la Cambra regroupe <strong data-start=\"178\" data-end=\"242\">plus de 11 000 enregistrements d\u2019entreprises et de commerces<\/strong>, repr\u00e9sentant <strong data-start=\"257\" data-end=\"289\">plus de 85 % du PIB national<\/strong>.<\/p>\n<hr data-start=\"292\" data-end=\"295\" \/>\n<h3 data-start=\"297\" data-end=\"352\">DEMANDE ET OBTENTION DE LISTES \/ BASES DE DONN\u00c9ES<\/h3>\n<p data-start=\"353\" data-end=\"578\">Si vous souhaitez obtenir une liste ou une base de donn\u00e9es, vous pouvez en faire la demande en <a href=\"https:\/\/formularicens.ccis.ad\/\">remplissant ce formulaire<\/a>.<br data-start=\"474\" data-end=\"477\" \/>Pour toute question pr\u00e9alable, vous pouvez contacter <strong data-start=\"530\" data-end=\"546\">Pepita L\u00f3pez<\/strong> \u00e0 l\u2019adresse <strong data-start=\"559\" data-end=\"577\"><a class=\"decorated-link cursor-pointer\" rel=\"noopener\" data-start=\"561\" data-end=\"575\">pepita@ccis.ad<\/a><\/strong>.<\/p>\n<hr data-start=\"580\" data-end=\"583\" \/>\n<h2 data-start=\"585\" data-end=\"594\">TARIFS<\/h2>\n<h3 data-start=\"596\" data-end=\"649\">Liste type A (liste de base sur support papier)<\/h3>\n<p data-start=\"650\" data-end=\"754\"><strong data-start=\"650\" data-end=\"670\">Donn\u00e9es incluses<\/strong><br data-start=\"670\" data-end=\"673\" \/>Nom de l\u2019entreprise, adresse, t\u00e9l\u00e9phone, site web, e-mail et personne de contact.<\/p>\n<p data-start=\"756\" data-end=\"768\"><strong data-start=\"756\" data-end=\"766\">Tarifs<\/strong><\/p>\n<ul data-start=\"769\" data-end=\"914\">\n<li data-start=\"769\" data-end=\"795\">\n<p data-start=\"771\" data-end=\"795\">1 adresse : <strong data-start=\"783\" data-end=\"793\">0,70 \u20ac<\/strong><\/p>\n<\/li>\n<li data-start=\"796\" data-end=\"846\">\n<p data-start=\"798\" data-end=\"846\">Jusqu\u2019\u00e0 50 adresses : <strong data-start=\"820\" data-end=\"828\">21 \u20ac<\/strong> (tarif minimum)<\/p>\n<\/li>\n<li data-start=\"847\" data-end=\"914\">\n<p data-start=\"849\" data-end=\"914\">\u00c0 partir de 51 adresses : <strong data-start=\"875\" data-end=\"885\">0,22 \u20ac<\/strong> par adresse suppl\u00e9mentaire<\/p>\n<\/li>\n<\/ul>\n<p data-start=\"916\" data-end=\"1058\"><strong data-start=\"916\" data-end=\"928\">Remarque<\/strong><br data-start=\"928\" data-end=\"931\" \/>Si la m\u00eame information est demand\u00e9e dans un d\u00e9lai d\u2019un an \u00e0 compter de la date du devis, une <strong data-start=\"1024\" data-end=\"1042\">remise de 50 %<\/strong> sera appliqu\u00e9e.<\/p>\n<hr data-start=\"1060\" data-end=\"1063\" \/>\n<h3 data-start=\"1065\" data-end=\"1120\">Liste type B (base de donn\u00e9es \u2013 format num\u00e9rique)<\/h3>\n<p data-start=\"1121\" data-end=\"1277\"><strong data-start=\"1121\" data-end=\"1141\">Donn\u00e9es incluses<\/strong><br data-start=\"1141\" data-end=\"1144\" \/>Nom de l\u2019entreprise, adresse, t\u00e9l\u00e9phone, site web, e-mail, personne de contact, superficie, nombre d\u2019employ\u00e9s et activit\u00e9 principale.<\/p>\n<p data-start=\"1279\" data-end=\"1291\"><strong data-start=\"1279\" data-end=\"1289\">Tarifs<\/strong><\/p>\n<ul data-start=\"1292\" data-end=\"1426\">\n<li data-start=\"1292\" data-end=\"1358\">\n<p data-start=\"1294\" data-end=\"1358\">Base de donn\u00e9es jusqu\u2019\u00e0 50 adresses : <strong data-start=\"1332\" data-end=\"1340\">23 \u20ac<\/strong> (tarif minimum)<\/p>\n<\/li>\n<li data-start=\"1359\" data-end=\"1426\">\n<p data-start=\"1361\" data-end=\"1426\">\u00c0 partir de 51 adresses : <strong data-start=\"1387\" data-end=\"1397\">0,24 \u20ac<\/strong> par adresse suppl\u00e9mentaire<\/p>\n<\/li>\n<\/ul>\n<p data-start=\"1428\" data-end=\"1570\"><strong data-start=\"1428\" data-end=\"1440\">Remarque<\/strong><br data-start=\"1440\" data-end=\"1443\" \/>Si la m\u00eame information est demand\u00e9e dans un d\u00e9lai d\u2019un an \u00e0 compter de la date du devis, une <strong data-start=\"1536\" data-end=\"1554\">remise de 50 %<\/strong> sera appliqu\u00e9e.<\/p>\n<hr data-start=\"1572\" data-end=\"1575\" \/>\n<h3 data-start=\"1577\" data-end=\"1616\">Liste type C (fiche d\u2019entreprise)<\/h3>\n<p data-start=\"1617\" data-end=\"1862\"><strong data-start=\"1617\" data-end=\"1635\">Fiche compl\u00e8te<\/strong><br data-start=\"1635\" data-end=\"1638\" \/>Inclut les donn\u00e9es du type A et, en plus : num\u00e9ro de registre du commerce, titulaire, superficie, nombre d\u2019employ\u00e9s, activit\u00e9 principale et activit\u00e9s secondaires, marques de produits et\/ou services, langue de correspondance.<\/p>\n<p data-start=\"1864\" data-end=\"1876\"><strong data-start=\"1864\" data-end=\"1874\">Tarifs<\/strong><\/p>\n<ul data-start=\"1877\" data-end=\"2014\">\n<li data-start=\"1877\" data-end=\"1901\">\n<p data-start=\"1879\" data-end=\"1901\">1 fiche : <strong data-start=\"1889\" data-end=\"1899\">1,70 \u20ac<\/strong><\/p>\n<\/li>\n<li data-start=\"1902\" data-end=\"1950\">\n<p data-start=\"1904\" data-end=\"1950\">Jusqu\u2019\u00e0 50 fiches : <strong data-start=\"1924\" data-end=\"1932\">39 \u20ac<\/strong> (tarif minimum)<\/p>\n<\/li>\n<li data-start=\"1951\" data-end=\"2014\">\n<p data-start=\"1953\" data-end=\"2014\">\u00c0 partir de 51 fiches : <strong data-start=\"1977\" data-end=\"1987\">0,40 \u20ac<\/strong> par fiche suppl\u00e9mentaire<\/p>\n<\/li>\n<\/ul>\n<p data-start=\"2016\" data-end=\"2158\"><strong data-start=\"2016\" data-end=\"2028\">Remarque<\/strong><br data-start=\"2028\" data-end=\"2031\" \/>Si la m\u00eame information est demand\u00e9e dans un d\u00e9lai d\u2019un an \u00e0 compter de la date du devis, une <strong data-start=\"2124\" data-end=\"2142\">remise de 50 %<\/strong> sera appliqu\u00e9e.<\/p>\n<hr data-start=\"2160\" data-end=\"2163\" \/>\n<h2 data-start=\"2165\" data-end=\"2194\">CERTIFICATS D\u2019ENTREPRISE<\/h2>\n<p data-start=\"2195\" data-end=\"2411\">Si vous avez besoin d\u2019un certificat de votre entreprise, tel qu\u2019elle est inscrite au Recensement de la Cambra veuillez nous contacter et nous vous informerons de la proc\u00e9dure \u00e0 suivre pour obtenir la certification.<\/p>\n<p data-start=\"2413\" data-end=\"2424\"><strong data-start=\"2413\" data-end=\"2422\">Tarif<\/strong><\/p>\n<ul data-start=\"2425\" data-end=\"2464\">\n<li data-start=\"2425\" data-end=\"2464\">\n<p data-start=\"2427\" data-end=\"2464\">Certification : <strong data-start=\"2443\" data-end=\"2464\">17 \u20ac (IGI inclus)<\/strong><\/p>\n<\/li>\n<\/ul>\n<p><span style=\"color: #ffffff;\">.<\/span>[\/vc_column_text][\/vc_column][\/vc_row]<\/p>\n<\/div>","protected":false},"excerpt":{"rendered":"<p>[vc_row][vc_column css=\u00a0\u00bb.vc_custom_1483693371237{padding-top: 40px !important;}\u00a0\u00bb][vc_column_text css=\u00a0\u00bb\u00a0\u00bb] Le recensement de la Cambra regroupe plus de 11 000 enregistrements d\u2019entreprises et de commerces, repr\u00e9sentant plus de 85 % du PIB national. DEMANDE ET OBTENTION DE LISTES \/ BASES&#8230;<\/p>\n","protected":false},"author":52,"featured_media":35512,"parent":0,"menu_order":0,"comment_status":"closed","ping_status":"closed","template":"","meta":{"footnotes":""},"class_list":["post-42308","page","type-page","status-publish","has-post-thumbnail"],"_links":{"self":[{"href":"https:\/\/www.ccis.ad\/fr\/wp-json\/wp\/v2\/pages\/42308","targetHints":{"allow":["GET"]}}],"collection":[{"href":"https:\/\/www.ccis.ad\/fr\/wp-json\/wp\/v2\/pages"}],"about":[{"href":"https:\/\/www.ccis.ad\/fr\/wp-json\/wp\/v2\/types\/page"}],"author":[{"embeddable":true,"href":"https:\/\/www.ccis.ad\/fr\/wp-json\/wp\/v2\/users\/52"}],"replies":[{"embeddable":true,"href":"https:\/\/www.ccis.ad\/fr\/wp-json\/wp\/v2\/comments?post=42308"}],"version-history":[{"count":8,"href":"https:\/\/www.ccis.ad\/fr\/wp-json\/wp\/v2\/pages\/42308\/revisions"}],"predecessor-version":[{"id":48138,"href":"https:\/\/www.ccis.ad\/fr\/wp-json\/wp\/v2\/pages\/42308\/revisions\/48138"}],"wp:featuredmedia":[{"embeddable":true,"href":"https:\/\/www.ccis.ad\/fr\/wp-json\/wp\/v2\/media\/35512"}],"wp:attachment":[{"href":"https:\/\/www.ccis.ad\/fr\/wp-json\/wp\/v2\/media?parent=42308"}],"curies":[{"name":"wp","href":"https:\/\/api.w.org\/{rel}","templated":true}]}}