{"id":42240,"date":"2023-03-24T15:58:08","date_gmt":"2023-03-24T15:58:08","guid":{"rendered":"https:\/\/www.ccis.ad\/conseils-techniques\/"},"modified":"2023-03-24T15:58:10","modified_gmt":"2023-03-24T15:58:10","slug":"conseils-techniques","status":"publish","type":"page","link":"https:\/\/www.ccis.ad\/fr\/conseils-techniques\/","title":{"rendered":"Conseils techniques"},"content":{"rendered":"<div class=\"wpb-content-wrapper\"><p>[vc_row][vc_column css=\u00a0\u00bb.vc_custom_1483693371237{padding-top: 40px !important;}\u00a0\u00bb][vc_column_text]Le conseil individuel offre aux petites et moyennes entreprises des informations, des propositions et des solutions possibles aux doutes et interrogations sur la gestion quotidienne de leur \u00e9tablissement, les oriente sur les strat\u00e9gies et la comp\u00e9titivit\u00e9, les conseille sur la meilleure utilisation des affaires, sur la fid\u00e9lisation de la client\u00e8le et, en d\u00e9finitive, comment s&rsquo;adapter aux nouveaux besoins du march\u00e9.<\/p>\n<p>Ce service fait partie du projet de plan d&rsquo;am\u00e9lioration du commerce andorran promu par le minist\u00e8re de l&rsquo;\u00c9conomie et qui vise \u00e0 am\u00e9liorer en permanence le commerce andorran et \u00e0 garantir que le commerce conserve son r\u00f4le naturel de moteur de croissance de l&rsquo;\u00e9conomie andorrane.<\/p>\n<p>Il s&rsquo;adresse aux entreprises qui n&rsquo;ont pas plus de 20 salari\u00e9s et consiste en l&rsquo;analyse du m\u00e9tier et l&rsquo;\u00e9mission d&rsquo;un rapport avec r\u00e9flexions et recommandations afin de l&rsquo;am\u00e9liorer.<\/p>\n<h3>L&rsquo;analyse commerciale comprend&nbsp;:<\/h3>\n<h4>Analyse des \u00e9l\u00e9ments physiques externes et internes du commerce<\/h4>\n<ul>\n<li>Emplacement<\/li>\n<li>fa\u00e7ade<\/li>\n<li>Panneaux<\/li>\n<li>\u00c9l\u00e9ments architecturaux perturbateurs possibles<\/li>\n<li>Logos<\/li>\n<li>\u00e9clairage,<\/li>\n<li>d\u00e9coration,<\/li>\n<li>image,<\/li>\n<li>Exposition et disponibilit\u00e9 des produits propos\u00e9s, circuit d&rsquo;achat, etc.<\/li>\n<\/ul>\n<h4>Analyse du d\u00e9veloppement du commerce<\/h4>\n<ul>\n<li>Service Clients<\/li>\n<li>service<\/li>\n<li>Des prix<\/li>\n<li>Rapport qualit\u00e9 prix<\/li>\n<li>Relation et r\u00e9alisation des objectifs avec le public<\/li>\n<\/ul>\n<h4>Analyse de march\u00e9<\/h4>\n<ul>\n<li>concours<\/li>\n<li>Tendances du march\u00e9<\/li>\n<li>Analyse de la gestion organisationnelle de l&rsquo;entreprise<\/li>\n<li>organigramme<\/li>\n<li>les fonctions<\/li>\n<li>Responsabilit\u00e9s<\/li>\n<\/ul>\n<h4>Objectifs de cette initiative<\/h4>\n<ul>\n<li>Auto-r\u00e9flexion sur l&rsquo;avenir de l&rsquo;entreprise<\/li>\n<li>Faciliter les outils appropri\u00e9s pour augmenter la rentabilit\u00e9 de toutes les petites et moyennes entreprises commerciales en Andorre<\/li>\n<li>Rivaliser avec les m\u00eames instruments que les grandes entreprises<\/li>\n<li>\u00catre capable d&rsquo;\u00e9tablir des lignes directrices pour l&rsquo;am\u00e9lioration continue afin d&rsquo;obtenir le label de qualit\u00e9 de Comer\u00e7 d&rsquo;Andorra<\/li>\n<li>Rapport sur le processus d&rsquo;analyse et la collecte de donn\u00e9es et les conseils techniques<\/li>\n<\/ul>\n<p>Toutes les donn\u00e9es \u00e9chang\u00e9es avec la soci\u00e9t\u00e9 en charge des conseils techniques individuels seront trait\u00e9es de mani\u00e8re confidentielle.<\/p>\n<p>Le prix de ce service est de 200.- \u20ac<\/p>\n<p>Subventionn\u00e9 par le gouvernement d&rsquo;Andorre[\/vc_column_text][vc_message]<strong>Remarque :<\/strong> Ce contenu est purement informatif et ne constitue aucune base l\u00e9gale[\/vc_message][\/vc_column][\/vc_row]<\/p>\n<\/div>","protected":false},"excerpt":{"rendered":"<p>[vc_row][vc_column css=\u00a0\u00bb.vc_custom_1483693371237{padding-top: 40px !important;}\u00a0\u00bb][vc_column_text]Le conseil individuel offre aux petites et moyennes entreprises des informations, des propositions et des solutions possibles aux doutes et interrogations sur la gestion quotidienne de leur \u00e9tablissement, les oriente sur les&#8230;<\/p>\n","protected":false},"author":52,"featured_media":0,"parent":0,"menu_order":0,"comment_status":"closed","ping_status":"closed","template":"","meta":{"footnotes":""},"class_list":["post-42240","page","type-page","status-publish"],"_links":{"self":[{"href":"https:\/\/www.ccis.ad\/fr\/wp-json\/wp\/v2\/pages\/42240","targetHints":{"allow":["GET"]}}],"collection":[{"href":"https:\/\/www.ccis.ad\/fr\/wp-json\/wp\/v2\/pages"}],"about":[{"href":"https:\/\/www.ccis.ad\/fr\/wp-json\/wp\/v2\/types\/page"}],"author":[{"embeddable":true,"href":"https:\/\/www.ccis.ad\/fr\/wp-json\/wp\/v2\/users\/52"}],"replies":[{"embeddable":true,"href":"https:\/\/www.ccis.ad\/fr\/wp-json\/wp\/v2\/comments?post=42240"}],"version-history":[{"count":1,"href":"https:\/\/www.ccis.ad\/fr\/wp-json\/wp\/v2\/pages\/42240\/revisions"}],"predecessor-version":[{"id":42275,"href":"https:\/\/www.ccis.ad\/fr\/wp-json\/wp\/v2\/pages\/42240\/revisions\/42275"}],"wp:attachment":[{"href":"https:\/\/www.ccis.ad\/fr\/wp-json\/wp\/v2\/media?parent=42240"}],"curies":[{"name":"wp","href":"https:\/\/api.w.org\/{rel}","templated":true}]}}