{"id":42239,"date":"2023-03-24T15:58:08","date_gmt":"2023-03-24T15:58:08","guid":{"rendered":"https:\/\/www.ccis.ad\/qui-sommes-nous-2\/"},"modified":"2024-06-17T12:32:19","modified_gmt":"2024-06-17T10:32:19","slug":"qui-sommes-nous-2","status":"publish","type":"page","link":"https:\/\/www.ccis.ad\/fr\/qui-sommes-nous-2\/","title":{"rendered":"Qui sommes nous?"},"content":{"rendered":"<div class=\"wpb-content-wrapper\"><p>[vc_row][vc_column width=\u00a0\u00bb1\/4&Prime;][vc_single_image image=\u00a0\u00bb36130&Prime; img_size=\u00a0\u00bbfull\u00a0\u00bb][\/vc_column][vc_column width=\u00a0\u00bb3\/4&Prime;][vc_column_text css=\u00a0\u00bb\u00a0\u00bb]La Chambre est une entit\u00e9 de droit public cr\u00e9\u00e9e par la loi en 1993. <strong>Nous repr\u00e9sentons et d\u00e9fendons les int\u00e9r\u00eats g\u00e9n\u00e9raux des entreprises andorranes<\/strong> et promouvons la promotion \u00e9conomique. Nous sommes sous la tutelle du Minist\u00e8re aupr\u00e8s du Registre du Commerce.<\/p>\n<p><strong>Le recensement de la Chambre rassemble un total de plus de 10.000 registres commerciaux, qui repr\u00e9sentent 85 % du PIB national.<\/strong><\/p>\n<p>&nbsp;<\/p>\n<h4>NOTRE MISSION<\/h4>\n<p>La Chambre travaille \u00e0 l&rsquo;am\u00e9lioration de l&rsquo;activit\u00e9 de nos entreprises dans divers domaines. D&rsquo;une part, mener des actions d&rsquo;int\u00e9r\u00eat g\u00e9n\u00e9ral qui contribuent \u00e0 la promotion, \u00e0 la d\u00e9fense et au soutien de l&rsquo;activit\u00e9 \u00e9conomique et entrepreneuriale en g\u00e9n\u00e9ral ; d&rsquo;autre part, avec l&rsquo;exercice des pouvoirs d&rsquo;administration publique que la loi lui attribue et, enfin, en fournissant des services que les entreprises peuvent utiliser individuellement.<\/p>\n<p><span style=\"color: #ffffff;\">.<\/span>[\/vc_column_text][\/vc_column][\/vc_row]<\/p>\n<\/div>","protected":false},"excerpt":{"rendered":"<p>[vc_row][vc_column width=\u00a0\u00bb1\/4&Prime;][vc_single_image image=\u00a0\u00bb36130&Prime; img_size=\u00a0\u00bbfull\u00a0\u00bb][\/vc_column][vc_column width=\u00a0\u00bb3\/4&Prime;][vc_column_text css=\u00a0\u00bb\u00a0\u00bb]La Chambre est une entit\u00e9 de droit public cr\u00e9\u00e9e par la loi en 1993. Nous repr\u00e9sentons et d\u00e9fendons les int\u00e9r\u00eats g\u00e9n\u00e9raux des entreprises andorranes et promouvons la promotion \u00e9conomique. Nous&#8230;<\/p>\n","protected":false},"author":52,"featured_media":0,"parent":0,"menu_order":0,"comment_status":"closed","ping_status":"closed","template":"","meta":{"footnotes":""},"class_list":["post-42239","page","type-page","status-publish"],"_links":{"self":[{"href":"https:\/\/www.ccis.ad\/fr\/wp-json\/wp\/v2\/pages\/42239","targetHints":{"allow":["GET"]}}],"collection":[{"href":"https:\/\/www.ccis.ad\/fr\/wp-json\/wp\/v2\/pages"}],"about":[{"href":"https:\/\/www.ccis.ad\/fr\/wp-json\/wp\/v2\/types\/page"}],"author":[{"embeddable":true,"href":"https:\/\/www.ccis.ad\/fr\/wp-json\/wp\/v2\/users\/52"}],"replies":[{"embeddable":true,"href":"https:\/\/www.ccis.ad\/fr\/wp-json\/wp\/v2\/comments?post=42239"}],"version-history":[{"count":2,"href":"https:\/\/www.ccis.ad\/fr\/wp-json\/wp\/v2\/pages\/42239\/revisions"}],"predecessor-version":[{"id":45327,"href":"https:\/\/www.ccis.ad\/fr\/wp-json\/wp\/v2\/pages\/42239\/revisions\/45327"}],"wp:attachment":[{"href":"https:\/\/www.ccis.ad\/fr\/wp-json\/wp\/v2\/media?parent=42239"}],"curies":[{"name":"wp","href":"https:\/\/api.w.org\/{rel}","templated":true}]}}