{"id":42140,"date":"2023-03-24T15:58:02","date_gmt":"2023-03-24T15:58:02","guid":{"rendered":"https:\/\/www.ccis.ad\/objectifs-et-valeurs\/"},"modified":"2023-05-05T16:12:35","modified_gmt":"2023-05-05T15:12:35","slug":"objectifs-et-valeurs","status":"publish","type":"page","link":"https:\/\/www.ccis.ad\/fr\/objectifs-et-valeurs\/","title":{"rendered":"Objectifs et valeurs"},"content":{"rendered":"<div class=\"wpb-content-wrapper\"><p>[vc_row css=\u00a0\u00bb.vc_custom_1640794007468{margin-right: 20px !important;margin-left: 20px !important;}\u00a0\u00bb][vc_column][vc_empty_space][vc_column_text]<\/p>\n<p style=\"text-align: justify;\"><em>\u00ab\u00a0Notre raison d&rsquo;\u00eatre est d&rsquo;accompagner les entreprises sur le chemin de la <strong>comp\u00e9titivit\u00e9, durabilit\u00e9 et r\u00e9silience<\/strong> , \u0153uvrer pour le bien commun, <strong>le dynamisme \u00e9conomique et le progr\u00e8s du pays. <\/strong>De plus, nous voulons contribuer \u00e0 la r\u00e9flexion strat\u00e9gique dans le <strong>conception d&rsquo;un nouveau mod\u00e8le \u00e9conomique<\/strong> \u00e0 long terme, qui consolide l&rsquo;Andorre comme un pays de r\u00e9f\u00e9rence dans le domaine du tourisme, de l&rsquo;innovation, de la technologie et de l&rsquo;investissement.\u00a0\u00bb<\/em><\/p>\n<p>&nbsp;<\/p>\n<p style=\"text-align: right;\">Chambre de commerce, d&rsquo;industrie et de services d&rsquo;Andorre<\/p>\n<p>[\/vc_column_text][\/vc_column][\/vc_row][vc_row gap=\u00a0\u00bb25&Prime; equal_height=\u00a0\u00bbyes\u00a0\u00bb css=\u00a0\u00bb.vc_custom_1640765076700{margin-right: 20px !important;margin-left: 20px !important;}\u00a0\u00bb mobile_margin_left=\u00a0\u00bb0&Prime; mobile_margin_right=\u00a0\u00bb0&Prime;][vc_column width=\u00a0\u00bb1\/2&Prime; css_animation=\u00a0\u00bbfadeIn\u00a0\u00bb css=\u00a0\u00bb.vc_custom_1634716926680{padding-right: 55px !important;padding-bottom: 60px !important;padding-left: 55px !important;background-color: #1878c5 !important;}\u00a0\u00bb]<div class=\"clearboth\"><\/div><style>#thegem-divider-69ea308515cc9 {margin-top: 40px !important;}<\/style><div id=\"thegem-divider-69ea308515cc9\" class=\"gem-divider  \" style=\"\" ><\/div>[vc_column_text]<\/p>\n<h3 style=\"text-align: left;\"><span class=\"light\" style=\"color: #ffffff;\">REPR\u00c9SENTANT<\/span><\/h3>\n<p>[\/vc_column_text][vc_column_text]<\/p>\n<h5 style=\"text-align: left;\"><span style=\"color: #ff9900;\">DE TOUTES LES ENTREPRISES<br \/>\nDE TOUS LES SECTEURS<\/span><\/h5>\n<p>[\/vc_column_text][\/vc_column][vc_column width=\u00a0\u00bb1\/2&Prime; css_animation=\u00a0\u00bbfadeIn\u00a0\u00bb css=\u00a0\u00bb.vc_custom_1634716997517{padding-right: 55px !important;padding-bottom: 60px !important;padding-left: 55px !important;background-color: #1463a8 !important;}\u00a0\u00bb]<div class=\"clearboth\"><\/div><style>#thegem-divider-69ea308515daf {margin-top: 40px !important;}<\/style><div id=\"thegem-divider-69ea308515daf\" class=\"gem-divider  \" style=\"\" ><\/div>[vc_column_text]<\/p>\n<h3><span class=\"light\" style=\"color: #ffffff;\">ACCESSIBLE, PROCHE ET OUVERTE AU DIALOGUE<\/span><\/h3>\n<p>[\/vc_column_text][vc_column_text]<\/p>\n<h5><span style=\"color: #ff9900;\">NOUS MAINTENONS UNE \u00c9COUTE ACTIVE<\/span><\/h5>\n<p>[\/vc_column_text][\/vc_column][\/vc_row][vc_row gap=\u00a0\u00bb25&Prime; equal_height=\u00a0\u00bbyes\u00a0\u00bb css=\u00a0\u00bb.vc_custom_1640765104951{margin-right: 20px !important;margin-left: 20px !important;}\u00a0\u00bb mobile_margin_left=\u00a0\u00bb0&Prime; mobile_margin_right=\u00a0\u00bb0&Prime;][vc_column width=\u00a0\u00bb1\/3&Prime; css_animation=\u00a0\u00bbfadeIn\u00a0\u00bb css=\u00a0\u00bb.vc_custom_1634716926680{padding-right: 55px !important;padding-bottom: 60px !important;padding-left: 55px !important;background-color: #1878c5 !important;}\u00a0\u00bb]<div class=\"clearboth\"><\/div><style>#thegem-divider-69ea308515e18 {margin-top: 40px !important;}<\/style><div id=\"thegem-divider-69ea308515e18\" class=\"gem-divider  \" style=\"\" ><\/div>[vc_column_text]<\/p>\n<h3><span class=\"light\" style=\"color: #ffffff;\">CATALYSEUR<\/span><\/h3>\n<p>[\/vc_column_text][vc_column_text]<\/p>\n<h5><span style=\"color: #ff9900;\">DE DYNAMISATION ET DE PROGR\u00c8S \u00c9CONOMIQUES<\/span><\/h5>\n<p>[\/vc_column_text][\/vc_column][vc_column width=\u00a0\u00bb1\/3&Prime; css_animation=\u00a0\u00bbfadeIn\u00a0\u00bb css=\u00a0\u00bb.vc_custom_1634716997517{padding-right: 55px !important;padding-bottom: 60px !important;padding-left: 55px !important;background-color: #1463a8 !important;}\u00a0\u00bb]<div class=\"clearboth\"><\/div><style>#thegem-divider-69ea308515e5b {margin-top: 40px !important;}<\/style><div id=\"thegem-divider-69ea308515e5b\" class=\"gem-divider  \" style=\"\" ><\/div>[vc_column_text]<\/p>\n<h3><span class=\"light\" style=\"color: #ffffff;\">IND\u00c9PENDANT<\/span><\/h3>\n<p>[\/vc_column_text][vc_column_text]<\/p>\n<h5><span style=\"color: #ff9900;\">NOUS SOMMES UNE INSTITUTION AUTONOME AU SERVICE DU TISSU COMMERCIAL<\/span><\/h5>\n<p>[\/vc_column_text][\/vc_column][vc_column width=\u00a0\u00bb1\/3&Prime; css_animation=\u00a0\u00bbfadeIn\u00a0\u00bb css=\u00a0\u00bb.vc_custom_1640708821940{padding-right: 55px !important;padding-bottom: 60px !important;padding-left: 55px !important;background-color: #1e73be !important;}\u00a0\u00bb]<div class=\"clearboth\"><\/div><style>#thegem-divider-69ea308515e91 {margin-top: 40px !important;}<\/style><div id=\"thegem-divider-69ea308515e91\" class=\"gem-divider  \" style=\"\" ><\/div>[vc_column_text]<\/p>\n<h3><span class=\"light\" style=\"color: #ffffff;\">OBSERVATION<\/span><\/h3>\n<p>[\/vc_column_text][vc_column_text]<\/p>\n<h5><span style=\"color: #ff9900;\">GARANTIR LA TRANSPARENCE ET UNE CONCURRENCE LOYALE<\/span><\/h5>\n<p>[\/vc_column_text][\/vc_column][\/vc_row][vc_row css=\u00a0\u00bb.vc_custom_1640794007468{margin-right: 20px !important;margin-left: 20px !important;}\u00a0\u00bb][vc_column][vc_empty_space][vc_column_text]<\/p>\n<p style=\"text-align: justify;\">Nous sommes l&rsquo;institution <strong>repr\u00e9sentative<\/strong> de toutes les entreprises et de tous les secteurs: <strong>accessible<\/strong>, <strong>proche et ouverte au dialogue<\/strong>, <strong>ind\u00e9pendante<\/strong> et catalyseuse de la revitalisation \u00e9conomique et du progr\u00e8s du pays, dans le but d&rsquo;assurer <strong>la transparence et une concurrence loyale<\/strong> entre les entreprises andorranes.<\/p>\n<p style=\"text-align: justify;\">Nous sommes la voix de l&rsquo;entreprise. Nous repr\u00e9sentons et d\u00e9fendons les int\u00e9r\u00eats de tous les secteurs d&rsquo;activit\u00e9 et offrons des services pour couvrir les besoins des autonomes, des PME et des grandes entreprises.<\/p>\n<p style=\"text-align: justify;\">Nous \u00e9coutons, comprenons et agissons pour soutenir l&rsquo;entreprise. Nous travaillons avec vision et strat\u00e9gie pour faire progresser notre pays avec des actions ax\u00e9es sur la comp\u00e9titivit\u00e9 et le dynamisme \u00e9conomique.<\/p>\n<p style=\"text-align: justify;\">Nous sommes observateurs de tout ce qui m\u00e9rite d&rsquo;\u00eatre \u00e9tudi\u00e9, dans le but de promouvoir les meilleures pratiques, la transparence et la concurrence loyale.<\/p>\n<p>[\/vc_column_text][\/vc_column][\/vc_row]<\/p>\n<\/div>","protected":false},"excerpt":{"rendered":"<p>[vc_row css=\u00a0\u00bb.vc_custom_1640794007468{margin-right: 20px !important;margin-left: 20px !important;}\u00a0\u00bb][vc_column][vc_empty_space][vc_column_text] \u00ab\u00a0Notre raison d&rsquo;\u00eatre est d&rsquo;accompagner les entreprises sur le chemin de la comp\u00e9titivit\u00e9, durabilit\u00e9 et r\u00e9silience , \u0153uvrer pour le bien commun, le dynamisme \u00e9conomique et le progr\u00e8s du&#8230;<\/p>\n","protected":false},"author":52,"featured_media":0,"parent":0,"menu_order":0,"comment_status":"closed","ping_status":"closed","template":"","meta":{"footnotes":""},"class_list":["post-42140","page","type-page","status-publish"],"_links":{"self":[{"href":"https:\/\/www.ccis.ad\/fr\/wp-json\/wp\/v2\/pages\/42140","targetHints":{"allow":["GET"]}}],"collection":[{"href":"https:\/\/www.ccis.ad\/fr\/wp-json\/wp\/v2\/pages"}],"about":[{"href":"https:\/\/www.ccis.ad\/fr\/wp-json\/wp\/v2\/types\/page"}],"author":[{"embeddable":true,"href":"https:\/\/www.ccis.ad\/fr\/wp-json\/wp\/v2\/users\/52"}],"replies":[{"embeddable":true,"href":"https:\/\/www.ccis.ad\/fr\/wp-json\/wp\/v2\/comments?post=42140"}],"version-history":[{"count":7,"href":"https:\/\/www.ccis.ad\/fr\/wp-json\/wp\/v2\/pages\/42140\/revisions"}],"predecessor-version":[{"id":42968,"href":"https:\/\/www.ccis.ad\/fr\/wp-json\/wp\/v2\/pages\/42140\/revisions\/42968"}],"wp:attachment":[{"href":"https:\/\/www.ccis.ad\/fr\/wp-json\/wp\/v2\/media?parent=42140"}],"curies":[{"name":"wp","href":"https:\/\/api.w.org\/{rel}","templated":true}]}}