{"id":42113,"date":"2023-03-24T15:58:00","date_gmt":"2023-03-24T15:58:00","guid":{"rendered":"https:\/\/www.ccis.ad\/gouvernance-et-reglementation\/"},"modified":"2024-04-17T12:31:32","modified_gmt":"2024-04-17T10:31:32","slug":"gouvernance-et-reglementation","status":"publish","type":"page","link":"https:\/\/www.ccis.ad\/fr\/gouvernance-et-reglementation\/","title":{"rendered":"Gouvernance et r\u00e9glementation"},"content":{"rendered":"<div class=\"wpb-content-wrapper\"><p>[vc_row][vc_column width=\u00a0\u00bb1\/4&Prime;][vc_single_image image=\u00a0\u00bb43544&Prime; img_size=\u00a0\u00bbfull\u00a0\u00bb][\/vc_column][vc_column width=\u00a0\u00bb3\/4&Prime;][vc_column_text]Conform\u00e9ment au d\u00e9cret l\u00e9gislatif du 5-12-2008 portant loi sur la Chambre de commerce, d&rsquo;industrie et de services d&rsquo;Andorre, les organes directeurs de la Chambre sont l&rsquo;Assembl\u00e9e pl\u00e9ni\u00e8re, le Comit\u00e9 ex\u00e9cutif et le pr\u00e9sident.<\/p>\n<p>&nbsp;<\/p>\n<h4><strong>Pr\u00e9sident de la Chambre<\/strong><\/h4>\n<p>Josep Maria Mas est li\u00e9 \u00e0 la Chambre depuis 2009 en tant que tr\u00e9sorier, membre du Comit\u00e9 et de la Commission commerciale. Son parcours professionnel est li\u00e9 \u00e0 la direction d&rsquo;un groupe familial andorran dans le secteur de la grande distribution et de l&rsquo;alimentation. De plus, il a \u00e9t\u00e9 conseiller du Com\u00fa d&rsquo;Encamp pendant la l\u00e9gislature de Jordi Torres.<\/p>\n<p><em>\u00ab\u00a0Mon objectif est de continuer \u00e0 travailler pour le tissu entrepreneurial du pays, et de le faire dans la perspective d&rsquo;un organe consultatif des administrations publiques et de renforcer la mission traditionnelle de la Chambre de diversifier l&rsquo;\u00e9conomie andorrane et de promouvoir la comp\u00e9titivit\u00e9 du pays.\u00a0\u00bb<\/em><\/p>\n<p><span style=\"color: #ffffff;\">.<\/span>[\/vc_column_text][\/vc_column][\/vc_row][vc_row][vc_column css=\u00a0\u00bb.vc_custom_1483693371237{padding-top: 40px !important;}\u00a0\u00bb][vc_separator border_width=\u00a0\u00bb10&Prime; css=\u00a0\u00bb.vc_custom_1486475572322{padding-bottom: 30px !important;}\u00a0\u00bb][vc_column_text]<\/p>\n<h4><strong>Comit\u00e9 ex\u00e9cutif<\/strong><\/h4>\n<p><strong>Pr\u00e9sident :<\/strong> M. Josep M\u00aa MAS TORRES, MIT SA; <strong>Vice-pr\u00e9sident secteur commerce :<\/strong> M. Ramon GINESTA JULI\u00c1N, SERVEI AERI ANDORR\u00c0 D&rsquo;AVANTGUARDA SL\u00a0; <strong>Vice-pr\u00e9sident secteur industrie :<\/strong> M. Miquel PUJAL, PUJAL CONSTRUCTIONS\u00a0; <strong>Vice-pr\u00e9sident services touristiques :<\/strong> M. Ricard VICENS RODR\u00cdGUEZ, H\u00d4TEL COMA BELLA\u00a0; <strong>Vice-pr\u00e9sidente autres services :<\/strong> Mme. Esther PUIGCERC\u00d3S FONT, ANDORRA BANC AGR\u00cdCOL REIG SA\u00a0; <strong>Tr\u00e9sorier :<\/strong> M. Joan ARDERIU SOLER, ORGANISATION, FORMATION ET MAINTENANCE ARDERIU SLU\u00a0; <strong>Tr\u00e9sorier adjoint :<\/strong> Carles VISENT GUITART, ESTACI\u00d3 ENCLAR CARBURANTS ANDORRA SA ; <strong>Voix :<\/strong> Mme. Merc\u00e8 ARDERIU HUIX, LIDERA, SL; M. Josep MAGALL\u00d3N TORN\u00c9, \u00a0TRANSPORT LOG\u00cdSTIC INTERNACIONAL VERD SL;<\/p>\n<p><span style=\"color: #ffffff;\">.<\/span>[\/vc_column_text][vc_separator border_width=\u00a0\u00bb10&Prime; css=\u00a0\u00bb.vc_custom_1486475572322{padding-bottom: 30px !important;}\u00a0\u00bb][vc_column_text]<\/p>\n<h4><strong>Plein<\/strong><\/h4>\n<h4>INDUSTRIE, 7 membres<\/h4>\n<p>M. Francesc ZAMORA PUIGCERC\u00d3S, ECOTECNIC, SA\u00a0; M. Josep M\u00aa MAS TORRES, MIT SA; M. Daniel ARMENGOL BOSCH, GRUP HERACLES CONSTRUCTION ET TRAVAUX PUBLICS SLU\u00a0; M. Miquel PUJAL LABORDA, CONSTRUCCIONS PUJAL SA\u00a0; Mme. Gr\u00e0cia Mirell ROCA BOV\u00c9, PIDASA SERVEIS, SL; M. Lloren\u00e7 PICANYOL BULL\u00d3, EM-T INGENIERIA I TECHNICS, SA\u00a0; M. Jordi DUR\u00d3 ESPINETA, AGEFRED SERVEI, SA<\/p>\n<p><span style=\"color: #ffffff;\">.<\/span>[\/vc_column_text][vc_gallery type=\u00a0\u00bbimage_grid\u00a0\u00bb images=\u00a0\u00bb26260,36970,26151,28489,26149,33077,28490&Prime; onclick=\u00a0\u00bb\u00a0\u00bb][vc_separator css=\u00a0\u00bb.vc_custom_1487002904223{padding-bottom: 20px !important;}\u00a0\u00bb][vc_column_text]<\/p>\n<h4>COMMERCE, 11 membres<\/h4>\n<p>M. Carles SANSA CALL, HRC MOTOR, SLU\u00a0; M. Carles VISENT GUITART, STATION ENCLAR CARBURANTS ANDORRE SA\u00a0; M. Ramon GINESTA JULI\u00c1N, SERVEI AERI ANDORR\u00c0 D&rsquo;AVANTGUARDA SL\u00a0; M. Miquel ARMENGOL PONS, DAIRY DISTRIBUTIONS SLU\u00a0; Mme. Cristina TOR ARMENGOL, CAVE DES PYR\u00c9N\u00c9ES\u00a0; M. Ramon Maria OLIVA CUSCULLOLA, ALTA RIBA DISRIBUCI\u00d3 SA\u00a0; Mme. Meritxell MART\u00cd CASTANYER, PHARMACIE MERITXELL\u00a0; M. Enric CASABELLA TRIAS, CAP TECHNIQUE SPORTIF SL; M. Joan ARDERIU SOLER, ORGANISATION, FORMATION ET MAINTENANCE ARDERIU SLU\u00a0; Mme. Rosa PONS SOLANS, SUISSE, SLU; M. Jordi RIBA CASAL<\/p>\n<p><span style=\"color: #ffffff;\">.<\/span>[\/vc_column_text][vc_gallery type=\u00a0\u00bbimage_grid\u00a0\u00bb images=\u00a0\u00bb28498,26150,28500,26155,26153,35828,26394,26149,26226,28501,37074&Prime; onclick=\u00a0\u00bb\u00a0\u00bb][vc_separator css=\u00a0\u00bb.vc_custom_1487002904223{padding-bottom: 20px !important;}\u00a0\u00bb][vc_column_text]<\/p>\n<h4>SERVICES TOURISTIQUES, 6 membres<\/h4>\n<p>Mme. Rose DABAN VILA ; M. Amadeu ROSSELL TARRADELLAS, ALIAT SA\u00a0; M. Ricard VICENS RODR\u00cdGUEZ, H\u00d4TEL COMA BELLA\u00a0; M. Pere TORRES MASBERNAT, RESTAURATION DE LA MONTAGNE ET DE LA MER; M. Nicolau CRUZ COBO, ALLEMANDS CRUZ, SL<\/p>\n<p><span style=\"color: #ffffff;\">.<\/span>[\/vc_column_text][vc_gallery type=\u00a0\u00bbimage_grid\u00a0\u00bb images=\u00a0\u00bb37146,26157,28492,37269,37152&Prime; onclick=\u00a0\u00bb\u00a0\u00bb][vc_separator css=\u00a0\u00bb.vc_custom_1487002904223{padding-bottom: 20px !important;}\u00a0\u00bb][vc_column_text]<\/p>\n<h4>AUTRES SERVICES, 6 membres<\/h4>\n<p>M. Josep MAGALL\u00d3N TORN\u00c9, TRANSPORT LOG\u00cdSTIC INTERNACIONAL VERD SL\u00a0; Mme. Esther PUIGCERC\u00d3S FONT, ANDORRA BANC AGR\u00cdCOL REIG SA\u00a0; M. Enric LLAH\u00cd SEGAL\u00c0S, DKV Seguros y reaseguros SA Espa\u00f1ola\u00a0; Mme. Sandra CANO VILA, MIGJORN SLU\u00a0; M. Joan TOM\u00c0S REIG, \u00c9CONOMISTES ASSOCI\u00c9S, SL\u00a0; Mme. Merc\u00e8 ARDERIU HUIX, LIDERA, SL<\/p>\n<p><span style=\"color: #ffffff;\">.<\/span>[\/vc_column_text][vc_gallery type=\u00a0\u00bbimage_grid\u00a0\u00bb images=\u00a0\u00bb26145,26228,30721,35779,26229,26160&Prime; onclick=\u00a0\u00bb\u00a0\u00bb][vc_separator css=\u00a0\u00bb.vc_custom_1487002904223{padding-bottom: 20px !important;}\u00a0\u00bb][vc_column_text]<\/p>\n<h4>VOCAUX COOP\u00c9RANTS, 5 membres<\/h4>\n<p>M. Francesc PALL\u00c0S VILADOMAT, M. Marc PANTEBRE PALMITJAVILA, M. Daniel BASTIDA OBIOLS, Mme. Meritxell MARS\u00c0 PONS, M. Andr\u00e9s Lopez Alonso<\/p>\n<p><span style=\"color: #ffffff;\">.<\/span>[\/vc_column_text][\/vc_column][\/vc_row][vc_row css=\u00a0\u00bb.vc_custom_1641379889443{padding-top: 25px !important;}\u00a0\u00bb][vc_column][vc_separator border_width=\u00a0\u00bb10&Prime; css=\u00a0\u00bb.vc_custom_1486475572322{padding-bottom: 30px !important;}\u00a0\u00bb][vc_column_text]<\/p>\n<h4><strong>R\u00c8GLEMENT DE LA CHAMBRE<\/strong><\/h4>\n<p>Dans cette section, vous pouvez t\u00e9l\u00e9charger les documents correspondant au R\u00e8glement Int\u00e9rieur de la Chambre de Commerce, le texte de la loi 23\/2018, du 18 octobre et le Code de bonnes pratiques.<\/p>\n<p><span style=\"color: #ffffff;\">.<\/span>[\/vc_column_text][vc_row_inner][vc_column_inner width=\u00a0\u00bb1\/4&Prime;][vc_btn title=\u00a0\u00bbR\u00e8glement int\u00e9rieur\u00a0\u00bb color=\u00a0\u00bbprimary\u00a0\u00bb align=\u00a0\u00bbcenter\u00a0\u00bb button_block=\u00a0\u00bbtrue\u00a0\u00bb link=\u00a0\u00bburl:https%3A%2F%2Fwww.ccis.ad%2Fwp-content%2Fuploads%2F2023%2F11%2FReglament-intern-de-la-Cambra.pdf|target:_blank\u00a0\u00bb][\/vc_column_inner][vc_column_inner width=\u00a0\u00bb1\/4&Prime;][vc_btn title=\u00a0\u00bbLoi de la CCI\u00a0\u00bb color=\u00a0\u00bbprimary\u00a0\u00bb align=\u00a0\u00bbcenter\u00a0\u00bb button_block=\u00a0\u00bbtrue\u00a0\u00bb link=\u00a0\u00bburl:https%3A%2F%2Fwww.ccis.ad%2Fwp-content%2Fuploads%2F2022%2F01%2FLlei-CCIS.pdf|target:_blank|\u00a0\u00bb][\/vc_column_inner][vc_column_inner width=\u00a0\u00bb1\/4&Prime;][vc_btn title=\u00a0\u00bbCode de bonnes pratiques\u00a0\u00bb color=\u00a0\u00bbprimary\u00a0\u00bb align=\u00a0\u00bbcenter\u00a0\u00bb button_block=\u00a0\u00bbtrue\u00a0\u00bb link=\u00a0\u00bburl:https%3A%2F%2Fonline.fliphtml5.com%2Ftjblj%2Fkzrm%2F%23p%3D1|target:_blank|\u00a0\u00bb][\/vc_column_inner][vc_column_inner width=\u00a0\u00bb1\/4&Prime;][vc_btn title=\u00a0\u00bbR\u00e8glements \u00e9lectoraux\u00a0\u00bb color=\u00a0\u00bbprimary\u00a0\u00bb align=\u00a0\u00bbcenter\u00a0\u00bb button_block=\u00a0\u00bbtrue\u00a0\u00bb link=\u00a0\u00bburl:https%3A%2F%2Fwww.ccis.ad%2Fwp-content%2Fuploads%2F2023%2F11%2FReglament-electoral-del-Ple-de-la-Cambra.pdf|target:_blank\u00a0\u00bb][\/vc_column_inner][\/vc_row_inner][vc_row_inner][vc_column_inner width=\u00a0\u00bb1\/4&Prime;][vc_btn title=\u00a0\u00bbManuel de passation des march\u00e9s et d&rsquo;achats\u00a0\u00bb color=\u00a0\u00bbprimary\u00a0\u00bb align=\u00a0\u00bbcenter\u00a0\u00bb button_block=\u00a0\u00bbtrue\u00a0\u00bb link=\u00a0\u00bburl:https%3A%2F%2Fwww.ccis.ad%2Fwp-content%2Fuploads%2F2023%2F11%2FManual-en-la-contractacio-i-les-compres-de-la-Cambra.pdf|target:_blank\u00a0\u00bb][\/vc_column_inner][vc_column_inner width=\u00a0\u00bb1\/4&Prime;][\/vc_column_inner][vc_column_inner width=\u00a0\u00bb1\/4&Prime;][\/vc_column_inner][vc_column_inner width=\u00a0\u00bb1\/4&Prime;][\/vc_column_inner][\/vc_row_inner][\/vc_column][\/vc_row][vc_row css=\u00a0\u00bb.vc_custom_1641379889443{padding-top: 25px !important;}\u00a0\u00bb][vc_column][vc_separator border_width=\u00a0\u00bb10&Prime; css=\u00a0\u00bb.vc_custom_1486475572322{padding-bottom: 30px !important;}\u00a0\u00bb][vc_column_text]<\/p>\n<h4><strong>ORGANIGRAMME DE LA CHAMBRE<\/strong><\/h4>\n<p>Ici vous pouvez t\u00e9l\u00e9charger notre organigramme.<\/p>\n<p><span style=\"color: #ffffff;\">.<\/span>[\/vc_column_text][vc_row_inner][vc_column_inner width=\u00a0\u00bb1\/3&Prime;][vc_btn title=\u00a0\u00bbOrganigramme\u00a0\u00bb color=\u00a0\u00bbprimary\u00a0\u00bb align=\u00a0\u00bbcenter\u00a0\u00bb button_block=\u00a0\u00bbtrue\u00a0\u00bb link=\u00a0\u00bburl:https%3A%2F%2Fwww.ccis.ad%2Fwp-content%2Fuploads%2F2024%2F04%2FOrganigrama-2023.pdf|target:_blank\u00a0\u00bb][\/vc_column_inner][vc_column_inner width=\u00a0\u00bb1\/3&Prime;][\/vc_column_inner][vc_column_inner width=\u00a0\u00bb1\/3&Prime;][\/vc_column_inner][\/vc_row_inner][\/vc_column][\/vc_row]<\/p>\n<\/div>","protected":false},"excerpt":{"rendered":"<p>[vc_row][vc_column width=\u00a0\u00bb1\/4&Prime;][vc_single_image image=\u00a0\u00bb43544&Prime; img_size=\u00a0\u00bbfull\u00a0\u00bb][\/vc_column][vc_column width=\u00a0\u00bb3\/4&Prime;][vc_column_text]Conform\u00e9ment au d\u00e9cret l\u00e9gislatif du 5-12-2008 portant loi sur la Chambre de commerce, d&rsquo;industrie et de services d&rsquo;Andorre, les organes directeurs de la Chambre sont l&rsquo;Assembl\u00e9e pl\u00e9ni\u00e8re, le Comit\u00e9 ex\u00e9cutif et&#8230;<\/p>\n","protected":false},"author":52,"featured_media":0,"parent":0,"menu_order":0,"comment_status":"closed","ping_status":"closed","template":"","meta":{"footnotes":""},"class_list":["post-42113","page","type-page","status-publish"],"_links":{"self":[{"href":"https:\/\/www.ccis.ad\/fr\/wp-json\/wp\/v2\/pages\/42113","targetHints":{"allow":["GET"]}}],"collection":[{"href":"https:\/\/www.ccis.ad\/fr\/wp-json\/wp\/v2\/pages"}],"about":[{"href":"https:\/\/www.ccis.ad\/fr\/wp-json\/wp\/v2\/types\/page"}],"author":[{"embeddable":true,"href":"https:\/\/www.ccis.ad\/fr\/wp-json\/wp\/v2\/users\/52"}],"replies":[{"embeddable":true,"href":"https:\/\/www.ccis.ad\/fr\/wp-json\/wp\/v2\/comments?post=42113"}],"version-history":[{"count":16,"href":"https:\/\/www.ccis.ad\/fr\/wp-json\/wp\/v2\/pages\/42113\/revisions"}],"predecessor-version":[{"id":44941,"href":"https:\/\/www.ccis.ad\/fr\/wp-json\/wp\/v2\/pages\/42113\/revisions\/44941"}],"wp:attachment":[{"href":"https:\/\/www.ccis.ad\/fr\/wp-json\/wp\/v2\/media?parent=42113"}],"curies":[{"name":"wp","href":"https:\/\/api.w.org\/{rel}","templated":true}]}}