{"id":42088,"date":"2023-03-24T15:57:51","date_gmt":"2023-03-24T15:57:51","guid":{"rendered":"https:\/\/www.ccis.ad\/fonctions-de-la-chambre\/"},"modified":"2023-05-05T15:54:41","modified_gmt":"2023-05-05T14:54:41","slug":"fonctions-de-la-chambre","status":"publish","type":"page","link":"https:\/\/www.ccis.ad\/fr\/fonctions-de-la-chambre\/","title":{"rendered":"Fonctions de la Chambre"},"content":{"rendered":"<div class=\"wpb-content-wrapper\"><p>[vc_row css=\u00a0\u00bb.vc_custom_1640788017472{margin-right: 20px !important;margin-left: 20px !important;}\u00a0\u00bb][vc_column][vc_column_text]<\/p>\n<p style=\"text-align: justify;\">\u00c0 la Chambre, nous avons deux fonctions principales qui marquent notre activit\u00e9 : la premi\u00e8re se concentre sur le r\u00f4le d&rsquo;organe consultatif et la seconde a pour vocation d&rsquo;offrir des services destin\u00e9s aux entreprises andorranes.<\/p>\n<p>[\/vc_column_text][\/vc_column][\/vc_row][vc_row gap=\u00a0\u00bb25&Prime; equal_height=\u00a0\u00bbyes\u00a0\u00bb css=\u00a0\u00bb.vc_custom_1640765165749{margin-right: 20px !important;margin-left: 20px !important;}\u00a0\u00bb mobile_margin_left=\u00a0\u00bb0&Prime; mobile_margin_right=\u00a0\u00bb0&Prime;][vc_column width=\u00a0\u00bb1\/2&Prime; css_animation=\u00a0\u00bbfadeIn\u00a0\u00bb css=\u00a0\u00bb.vc_custom_1634716926680{padding-right: 55px !important;padding-bottom: 60px !important;padding-left: 55px !important;background-color: #1878c5 !important;}\u00a0\u00bb]<div class=\"clearboth\"><\/div><style>#thegem-divider-69ea209149c74 {margin-top: 40px !important;}<\/style><div id=\"thegem-divider-69ea209149c74\" class=\"gem-divider  \" style=\"\" ><\/div>[vc_column_text]<\/p>\n<h3><span class=\"light\" style=\"color: #ffffff;\">ORGANE<\/span><br \/>\n<span style=\"color: #ff9900;\">CONSULTATIF<\/span><\/h3>\n<p>[\/vc_column_text][\/vc_column][vc_column width=\u00a0\u00bb1\/2&Prime; css_animation=\u00a0\u00bbfadeIn\u00a0\u00bb css=\u00a0\u00bb.vc_custom_1634716997517{padding-right: 55px !important;padding-bottom: 60px !important;padding-left: 55px !important;background-color: #1463a8 !important;}\u00a0\u00bb]<div class=\"clearboth\"><\/div><style>#thegem-divider-69ea209149cdb {margin-top: 40px !important;}<\/style><div id=\"thegem-divider-69ea209149cdb\" class=\"gem-divider  \" style=\"\" ><\/div>[vc_column_text]<\/p>\n<h3><span class=\"light\" style=\"color: #ffffff;\">PRESTATIONS DE SERVICE<\/span><br \/>\n<span style=\"color: #ff9900;\">AUX ENTREPRISES<\/span><\/h3>\n<p>[\/vc_column_text][vc_column_text][\/vc_column_text][\/vc_column][\/vc_row][vc_row css=\u00a0\u00bb.vc_custom_1640788078155{margin-right: 20px !important;margin-left: 20px !important;}\u00a0\u00bb][vc_column][vc_column_text]<\/p>\n<p class=\"xmsonormal\" style=\"text-align: justify;\">En tant <b>qu&rsquo;organe consultatif<\/b> , devant le gouvernement, le conseil g\u00e9n\u00e9ral et d&rsquo;autres administrations et institutions publiques, nous transmettons l&rsquo;avis et les propositions du secteur des entreprises qui contribuent mieux \u00e0 l&rsquo;\u00e9conomie andorrane et \u00e0 la soci\u00e9t\u00e9 en g\u00e9n\u00e9ral.<\/p>\n<p class=\"xmsonormal\" style=\"text-align: justify;\">La Chambre se voit attribuer par la loi 23\/2018, du 18 octobre, la fonction de consultation et conseil de l&rsquo;administration publique. Le r\u00e9sultat de cette activit\u00e9 est obtenu par l&rsquo;analyse et la publication de rapports et d&rsquo;\u00e9tudes. Cette fonction est exerc\u00e9e \u00e0 la fois \u00e0 la demande des administrations publiques et de sa propre initiative.<\/p>\n<p class=\"xmsonormal\" style=\"text-align: justify;\">La fonction de conseil est coordonn\u00e9e par le secr\u00e9tariat juridique avec l&rsquo;appui des commissions et du service d&rsquo;analyse \u00e9conomique.<\/p>\n<p class=\"xmsonormal\" style=\"text-align: justify;\">Les commissions sont l&rsquo;outil de travail qui apporte les connaissances n\u00e9cessaires \u00e0 une r\u00e9flexion strat\u00e9gique transversale et de long terme.<\/p>\n<p class=\"xmsonormal\" style=\"text-align: justify;\">Le service d&rsquo;analyse \u00e9conomique, en plus de pr\u00e9parer le rapport \u00e9conomique annuel, dans l&rsquo;accomplissement de ses fonctions, est la r\u00e9f\u00e9rence dans le pays en mati\u00e8re de publications \u00e0 caract\u00e8re commercial et \u00e9conomique.<\/p>\n<p>[\/vc_column_text][vc_empty_space][\/vc_column][\/vc_row][vc_row css=\u00a0\u00bb.vc_custom_1640788078155{margin-right: 20px !important;margin-left: 20px !important;}\u00a0\u00bb][vc_column][vc_column_text]<\/p>\n<p style=\"text-align: justify;\"><strong>Nous disposons d&rsquo;une large gamme de services destin\u00e9s \u00e0 l&rsquo;entreprise, visant la professionnalisation, le dynamisme \u00e9conomique, le conseil, la r\u00e9solution des conflits d&rsquo;affaires et la formation continue. <\/strong><\/p>\n<ul>\n<li style=\"text-align: left;\"><a href=\"https:\/\/www.ccis.ad\/pf\/assessorament-empresarial\/\"><strong>Le conseil<\/strong> <strong>aux entreprises<\/strong><\/a> : c&rsquo;est un accompagnement pour r\u00e9soudre tous les doutes lors de la cr\u00e9ation d&rsquo;une entreprise ou d&rsquo;une soci\u00e9t\u00e9<\/li>\n<li style=\"text-align: justify;\"><strong><a href=\"https:\/\/www.ccis.ad\/pf\/formacio\/\">La formation continue<\/a><\/strong> vise la comp\u00e9titivit\u00e9 et la vitalit\u00e9 du tissu entrepreneurial en proposant des contenus de qualit\u00e9 et actualis\u00e9s.<\/li>\n<li style=\"text-align: justify;\">Depuis le <strong><a href=\"https:\/\/www.ccis.ad\/pf\/resolucio-de-conflictes\/\">Centre de r\u00e9solution des conflits<\/a><\/strong> , nous offrons les proc\u00e9dures pour r\u00e9soudre les conflits de mani\u00e8re professionnelle, impartiale et neutre.<\/li>\n<li style=\"text-align: justify;\">Au sein du service <strong><a href=\"https:\/\/www.ccis.ad\/pf\/comerc-i-turisme\/\">du commerce et du tourisme<\/a><\/strong> , nous structurons des programmes de dynamisation du commerce, comme le label \u00ab\u00a0Andorra excellent trade\u00a0\u00bb et le service Store Assist et le concours Vitrines de No\u00ebl. D&rsquo;autre part, depuis la commission de travail sp\u00e9cialis\u00e9e dans le tourisme et le commerce, des initiatives pour le secteur sont promues.<\/li>\n<li style=\"text-align: justify;\"><strong><a href=\"https:\/\/www.ccis.ad\/pf\/analisi-economica\/\">Analyse \u00e9conomique.<\/a><\/strong> Nous sommes la r\u00e9f\u00e9rence dans le pays en mati\u00e8re de publications \u00e0 caract\u00e8re commercial et \u00e9conomique, telles que <em>le rapport \u00e9conomique annuel<\/em> , <em>le rapport de situation semestriel<\/em> et la co\u00e9dition d&rsquo; <em>Andorre en chiffres<\/em> .<\/li>\n<li style=\"text-align: left;\"><a href=\"https:\/\/www.ccis.ad\/pf\/cens-de-la-cambra\/\"><strong>Le recensement<\/strong> :<\/a> une partie de notre responsabilit\u00e9 consiste \u00e0 maintenir une base de donn\u00e9es compl\u00e8te et constamment mise \u00e0 jour des \u00e9tablissements commerciaux du pays.<\/li>\n<li style=\"text-align: justify;\"><strong><a href=\"https:\/\/www.ccis.ad\/pf\/internacionalitzacio\/\">Internationalisation :<\/a><\/strong> nous aidons les entreprises dans les processus d&rsquo;internationalisation et le traitement de la documentation douani\u00e8re n\u00e9cessaire.<\/li>\n<\/ul>\n<p>[\/vc_column_text][\/vc_column][\/vc_row]<\/p>\n<\/div>","protected":false},"excerpt":{"rendered":"<p>[vc_row css=\u00a0\u00bb.vc_custom_1640788017472{margin-right: 20px !important;margin-left: 20px !important;}\u00a0\u00bb][vc_column][vc_column_text] \u00c0 la Chambre, nous avons deux fonctions principales qui marquent notre activit\u00e9 : la premi\u00e8re se concentre sur le r\u00f4le d&rsquo;organe consultatif et la seconde a pour vocation d&rsquo;offrir&#8230;<\/p>\n","protected":false},"author":52,"featured_media":0,"parent":0,"menu_order":0,"comment_status":"closed","ping_status":"closed","template":"","meta":{"footnotes":""},"class_list":["post-42088","page","type-page","status-publish"],"_links":{"self":[{"href":"https:\/\/www.ccis.ad\/fr\/wp-json\/wp\/v2\/pages\/42088","targetHints":{"allow":["GET"]}}],"collection":[{"href":"https:\/\/www.ccis.ad\/fr\/wp-json\/wp\/v2\/pages"}],"about":[{"href":"https:\/\/www.ccis.ad\/fr\/wp-json\/wp\/v2\/types\/page"}],"author":[{"embeddable":true,"href":"https:\/\/www.ccis.ad\/fr\/wp-json\/wp\/v2\/users\/52"}],"replies":[{"embeddable":true,"href":"https:\/\/www.ccis.ad\/fr\/wp-json\/wp\/v2\/comments?post=42088"}],"version-history":[{"count":11,"href":"https:\/\/www.ccis.ad\/fr\/wp-json\/wp\/v2\/pages\/42088\/revisions"}],"predecessor-version":[{"id":42962,"href":"https:\/\/www.ccis.ad\/fr\/wp-json\/wp\/v2\/pages\/42088\/revisions\/42962"}],"wp:attachment":[{"href":"https:\/\/www.ccis.ad\/fr\/wp-json\/wp\/v2\/media?parent=42088"}],"curies":[{"name":"wp","href":"https:\/\/api.w.org\/{rel}","templated":true}]}}