{"id":34404,"date":"2020-10-13T14:48:00","date_gmt":"2020-10-13T13:48:00","guid":{"rendered":"https:\/\/www.ccis.ad\/?page_id=34404"},"modified":"2023-06-08T10:36:58","modified_gmt":"2023-06-08T09:36:58","slug":"politique-de-cookies","status":"publish","type":"page","link":"https:\/\/www.ccis.ad\/fr\/politique-de-cookies\/","title":{"rendered":"Politique relative aux cookies"},"content":{"rendered":"<div class=\"wpb-content-wrapper\"><p>[vc_row][vc_column][vc_column_text css=\u00a0\u00bb.vc_custom_1683133429560{padding-bottom: 60px !important;}\u00a0\u00bb]Un cookie est un petit fichier texte qui est stock\u00e9 dans votre navigateur lorsque vous visitez presque n&rsquo;importe quelle page Web. Son utilit\u00e9 est que le Web est capable de se souvenir de votre visite lorsque vous naviguez \u00e0 nouveau sur cette page. Les cookies stockent g\u00e9n\u00e9ralement des informations de nature technique, les pr\u00e9f\u00e9rences personnelles, la personnalisation du contenu, les statistiques d&rsquo;utilisation, les liens vers les r\u00e9seaux sociaux, l&rsquo;acc\u00e8s aux comptes des utilisateurs, etc. Le but du cookie est d&rsquo;adapter le contenu du site Web \u00e0 votre profil et \u00e0 vos besoins, sans les cookies, les services offerts par n&rsquo;importe quelle page seraient consid\u00e9rablement r\u00e9duits.<\/p>\n<h5>Cookies utilis\u00e9s sur ce site :<\/h5>\n<p>Conform\u00e9ment aux directives de l&rsquo;APDA, nous proc\u00e9dons \u00e0 d\u00e9tailler l&rsquo;utilisation des cookies par ce site afin de vous informer le plus pr\u00e9cis\u00e9ment possible.<\/p>\n<h5>Ce site Web utilise les propres cookies suivants :<\/h5>\n<ul>\n<li>Cookies de session, pour garantir que les utilisateurs qui participent sur le Web sont des applications humaines et non automatis\u00e9es. De cette mani\u00e8re, le spam est combattu.<\/li>\n<\/ul>\n<h5>Ce site utilise les cookies tiers suivants :<\/h5>\n<ul>\n<li>Google Analytics : stocke des cookies pour pouvoir compiler des statistiques sur le trafic et le volume de visites sur ce site Web. En utilisant ce site Web, vous consentez au traitement de vos informations par Google. Par cons\u00e9quent, l&rsquo;exercice de tout droit \u00e0 cet \u00e9gard doit \u00eatre fait en communiquant directement avec Google.<\/li>\n<li>R\u00e9seaux sociaux : Chaque r\u00e9seau social utilise ses propres cookies pour que vous puissiez cliquer sur les boutons J&rsquo;aime ou Partager.<br \/>\nD\u00e9sactivation ou suppression des cookies<\/li>\n<li>\u00c0 tout moment, vous pouvez exercer le droit de d\u00e9sactiver ou de supprimer les cookies de ce site Web. Ces actions sont effectu\u00e9es diff\u00e9remment selon le navigateur que vous utilisez.<\/li>\n<\/ul>\n<div class=\"row no-gutters\"><table class=\"cookielawinfo-row-cat-table cookielawinfo-classic\"><thead><tr><th class=\"cookielawinfo-column-1\">Cookie<\/th><th class=\"cookielawinfo-column-2\">Type<\/th><th class=\"cookielawinfo-column-3\">Dur\u00e9e<\/th><th class=\"cookielawinfo-column-4\">Description<\/th><\/tr><\/thead><tbody><tr class=\"cookielawinfo-row\"><td class=\"cookielawinfo-column-1\">_fbp<\/td><td class=\"cookielawinfo-column-2\"><\/td><td class=\"cookielawinfo-column-3\">3 months<\/td><td class=\"cookielawinfo-column-4\">Facebook sets this cookie to display advertisements when either on Facebook or on a digital platform powered by Facebook advertising after visiting the website.<\/td><\/tr><tr class=\"cookielawinfo-row\"><td class=\"cookielawinfo-column-1\">_ga<\/td><td class=\"cookielawinfo-column-2\"><\/td><td class=\"cookielawinfo-column-3\">1 year 1 month 4 days<\/td><td class=\"cookielawinfo-column-4\">Google Analytics sets this cookie to calculate visitor, session and campaign data and track site usage for the site's analytics report. The cookie stores information anonymously and assigns a randomly generated number to recognise unique visitors.<\/td><\/tr><tr class=\"cookielawinfo-row\"><td class=\"cookielawinfo-column-1\">_ga_*<\/td><td class=\"cookielawinfo-column-2\"><\/td><td class=\"cookielawinfo-column-3\">1 year 1 month 4 days<\/td><td class=\"cookielawinfo-column-4\">Google Analytics sets this cookie to store and count page views.<\/td><\/tr><tr class=\"cookielawinfo-row\"><td class=\"cookielawinfo-column-1\">_gat_gtag_UA_*<\/td><td class=\"cookielawinfo-column-2\"><\/td><td class=\"cookielawinfo-column-3\">1 minute<\/td><td class=\"cookielawinfo-column-4\">Google Analytics sets this cookie to store a unique user ID.<\/td><\/tr><tr class=\"cookielawinfo-row\"><td class=\"cookielawinfo-column-1\">_gid<\/td><td class=\"cookielawinfo-column-2\"><\/td><td class=\"cookielawinfo-column-3\">1 day<\/td><td class=\"cookielawinfo-column-4\">Google Analytics sets this cookie to store information on how visitors use a website while also creating an analytics report of the website's performance. Some of the collected data includes the number of visitors, their source, and the pages they visit anonymously.<\/td><\/tr><tr class=\"cookielawinfo-row\"><td class=\"cookielawinfo-column-1\">cookielawinfo-checkbox-advertisement<\/td><td class=\"cookielawinfo-column-2\"><\/td><td class=\"cookielawinfo-column-3\">1 year<\/td><td class=\"cookielawinfo-column-4\">Set by the GDPR Cookie Consent plugin, this cookie records the user consent for the cookies in the \"Advertisement\" category.<\/td><\/tr><tr class=\"cookielawinfo-row\"><td class=\"cookielawinfo-column-1\">cookielawinfo-checkbox-analytics<\/td><td class=\"cookielawinfo-column-2\"><\/td><td class=\"cookielawinfo-column-3\"><\/td><td class=\"cookielawinfo-column-4\">Ce cookie est d\u00e9fini par le plugin GDPR Cookie Consent. Le cookie est utilis\u00e9 pour stocker le consentement de l'utilisateur pour les cookies de la cat\u00e9gorie \"Analytics\".<\/td><\/tr><tr class=\"cookielawinfo-row\"><td class=\"cookielawinfo-column-1\">cookielawinfo-checkbox-autres<\/td><td class=\"cookielawinfo-column-2\"><\/td><td class=\"cookielawinfo-column-3\"><\/td><td class=\"cookielawinfo-column-4\">Ce cookie est d\u00e9fini par le plugin GDPR Cookie Consent. Le cookie est utilis\u00e9 pour stocker le consentement de l'utilisateur pour les cookies dans la cat\u00e9gorie \"Autre.<\/td><\/tr><tr class=\"cookielawinfo-row\"><td class=\"cookielawinfo-column-1\">cookielawinfo-checkbox-fonctionnel<\/td><td class=\"cookielawinfo-column-2\"><\/td><td class=\"cookielawinfo-column-3\"><\/td><td class=\"cookielawinfo-column-4\">Le cookie est d\u00e9fini par le consentement aux cookies GDPR pour enregistrer le consentement de l'utilisateur pour les cookies dans la cat\u00e9gorie \"Fonctionnel\".<\/td><\/tr><tr class=\"cookielawinfo-row\"><td class=\"cookielawinfo-column-1\">cookielawinfo-checkbox-n\u00e9cessaire<\/td><td class=\"cookielawinfo-column-2\"><\/td><td class=\"cookielawinfo-column-3\"><\/td><td class=\"cookielawinfo-column-4\">Ce cookie est d\u00e9fini par le plugin GDPR Cookie Consent. Les cookies sont utilis\u00e9s pour stocker le consentement de l'utilisateur pour les cookies dans la cat\u00e9gorie \"N\u00e9cessaire\".<\/td><\/tr><tr class=\"cookielawinfo-row\"><td class=\"cookielawinfo-column-1\">cookielawinfo-checkbox-performance<\/td><td class=\"cookielawinfo-column-2\"><\/td><td class=\"cookielawinfo-column-3\"><\/td><td class=\"cookielawinfo-column-4\">Ce cookie est d\u00e9fini par le plugin GDPR Cookie Consent. Le cookie est utilis\u00e9 pour stocker le consentement de l'utilisateur pour les cookies de la cat\u00e9gorie \"Performance\".<\/td><\/tr><tr class=\"cookielawinfo-row\"><td class=\"cookielawinfo-column-1\">CookieLawInfoConsent<\/td><td class=\"cookielawinfo-column-2\"><\/td><td class=\"cookielawinfo-column-3\">1 year<\/td><td class=\"cookielawinfo-column-4\">CookieYes sets this cookie to record the default button state of the corresponding category and the status of CCPA. It works only in coordination with the primary cookie.<\/td><\/tr><tr class=\"cookielawinfo-row\"><td class=\"cookielawinfo-column-1\">quform_session_e5097e567c58db8e489ff92460983241<\/td><td class=\"cookielawinfo-column-2\"><\/td><td class=\"cookielawinfo-column-3\">session<\/td><td class=\"cookielawinfo-column-4\">Description is currently not available.<\/td><\/tr><tr class=\"cookielawinfo-row\"><td class=\"cookielawinfo-column-1\">view_cookie_policy<\/td><td class=\"cookielawinfo-column-2\"><\/td><td class=\"cookielawinfo-column-3\"><\/td><td class=\"cookielawinfo-column-4\">Le cookie est d\u00e9fini par le plugin GDPR Cookie Consent et est utilis\u00e9 pour stocker si l'utilisateur a consenti ou non \u00e0 l'utilisation de cookies. Il ne stocke aucune donn\u00e9e personnelle.<\/td><\/tr><\/tbody><\/table><\/div>\n<div><\/div>\n<div><\/div>\n<h5>Notes compl\u00e9mentaires<\/h5>\n<ul>\n<li>Ni ce site Web ni ses repr\u00e9sentants l\u00e9gaux ne sont responsables du contenu ou de la v\u00e9racit\u00e9 des politiques de confidentialit\u00e9 que les tiers mentionn\u00e9s dans cette politique de cookies peuvent avoir.<\/li>\n<li>Les navigateurs Web sont les outils responsables du stockage des cookies et \u00e0 partir de ce site, vous devez exercer le droit de les supprimer ou de les d\u00e9sactiver. Ni ce site Web ni ses repr\u00e9sentants l\u00e9gaux ne peuvent garantir le traitement correct ou incorrect des cookies par les navigateurs susmentionn\u00e9s.<\/li>\n<li>Dans certains cas, il est n\u00e9cessaire d&rsquo;installer des cookies afin que le navigateur n&rsquo;oublie pas sa d\u00e9cision de ne pas les accepter.<\/li>\n<li>Dans le cas des cookies de Google Analytics, cette soci\u00e9t\u00e9 stocke des cookies sur des serveurs situ\u00e9s aux \u00c9tats-Unis et s&rsquo;engage \u00e0 ne pas les partager avec des tiers, sauf dans les cas o\u00f9 cela est n\u00e9cessaire au fonctionnement du syst\u00e8me ou lorsque la loi l&rsquo;oblige \u00e0 cet effet. . Selon Google, votre adresse IP n&rsquo;est pas enregistr\u00e9e. Google Inc. est une entreprise qui adh\u00e8re au Safe Harbor Agreement qui garantit que toutes les donn\u00e9es transf\u00e9r\u00e9es seront trait\u00e9es avec un niveau de protection conforme \u00e0 la r\u00e9glementation europ\u00e9enne. Vous pouvez consulter des informations d\u00e9taill\u00e9es \u00e0 ce sujet sur ce lien. Si vous souhaitez des informations sur l&rsquo;utilisation que Google fait des cookies, nous joignons cet autre lien.<\/li>\n<\/ul>\n<p>Pour tout doute ou question concernant cette politique de cookies, n&rsquo;h\u00e9sitez pas \u00e0 nous contacter via la rubrique contact.[\/vc_column_text][\/vc_column][\/vc_row]<\/p>\n<\/div>","protected":false},"excerpt":{"rendered":"<p>[vc_row][vc_column][vc_column_text css=\u00a0\u00bb.vc_custom_1683133429560{padding-bottom: 60px !important;}\u00a0\u00bb]Un cookie est un petit fichier texte qui est stock\u00e9 dans votre navigateur lorsque vous visitez presque n&rsquo;importe quelle page Web. Son utilit\u00e9 est que le Web est capable de se souvenir&#8230;<\/p>\n","protected":false},"author":52,"featured_media":0,"parent":0,"menu_order":0,"comment_status":"closed","ping_status":"closed","template":"","meta":{"footnotes":""},"class_list":["post-34404","page","type-page","status-publish"],"_links":{"self":[{"href":"https:\/\/www.ccis.ad\/fr\/wp-json\/wp\/v2\/pages\/34404","targetHints":{"allow":["GET"]}}],"collection":[{"href":"https:\/\/www.ccis.ad\/fr\/wp-json\/wp\/v2\/pages"}],"about":[{"href":"https:\/\/www.ccis.ad\/fr\/wp-json\/wp\/v2\/types\/page"}],"author":[{"embeddable":true,"href":"https:\/\/www.ccis.ad\/fr\/wp-json\/wp\/v2\/users\/52"}],"replies":[{"embeddable":true,"href":"https:\/\/www.ccis.ad\/fr\/wp-json\/wp\/v2\/comments?post=34404"}],"version-history":[{"count":15,"href":"https:\/\/www.ccis.ad\/fr\/wp-json\/wp\/v2\/pages\/34404\/revisions"}],"predecessor-version":[{"id":43376,"href":"https:\/\/www.ccis.ad\/fr\/wp-json\/wp\/v2\/pages\/34404\/revisions\/43376"}],"wp:attachment":[{"href":"https:\/\/www.ccis.ad\/fr\/wp-json\/wp\/v2\/media?parent=34404"}],"curies":[{"name":"wp","href":"https:\/\/api.w.org\/{rel}","templated":true}]}}