{"id":43120,"date":"2023-05-15T15:25:59","date_gmt":"2023-05-15T14:25:59","guid":{"rendered":"https:\/\/www.ccis.ad\/informe-de-coyuntura\/"},"modified":"2023-05-18T11:22:17","modified_gmt":"2023-05-18T10:22:17","slug":"informe-de-coyuntura","status":"publish","type":"page","link":"https:\/\/www.ccis.ad\/es\/informe-de-coyuntura\/","title":{"rendered":"Informe de coyuntura"},"content":{"rendered":"<div class=\"wpb-content-wrapper\"><p>[vc_row][vc_column][vc_empty_space][vc_column_text css=\u00bb.vc_custom_1638294184104{padding-bottom: 10px !important;}\u00bb]<\/p>\n<div class=\"dm_description\">\n<h4>An\u00e1lisis de los resultados de las encuestas de opini\u00f3n empresarial dirigidas a los distintos sectores de actividad. Periodicidad semestral.<\/h4>\n<\/div>\n<p>[\/vc_column_text][\/vc_column][\/vc_row][vc_row][vc_column width=\u00bb1\/3&#8243;]<div class=\"gem-list gem-list-type-Label gem-list-color-3\" ><h5>INFORMES SEMESTRALES<\/h5>\n<ul>\n<li><a href=\"https:\/\/www.ccis.ad\/wp-content\/uploads\/2023\/05\/Informe_conjuntura_2n-sem-2022_CCIS-1.pdf\" target=\"_blank\" rel=\"noopener\">Encuesta de coyuntura &#8211; julio-diciembre 2022<\/a><\/li>\n<li><a href=\"https:\/\/www.ccis.ad\/wp-content\/uploads\/2022\/12\/Informe_conjuntura_1r-sem.-2022_CCIS.pdf\" target=\"_blank\" rel=\"noopener noreferrer\">Encuesta de coyuntura &#8211; enero-junio 2022<\/a><\/li>\n<li><a href=\"https:\/\/www.ccis.ad\/wp-content\/uploads\/2022\/05\/Informe_conjuntura_2n-sem_2021.pdf\" target=\"_blank\" rel=\"noopener noreferrer\">Encuesta de coyuntura &#8211; julio-diciembre 2021<\/a><\/li>\n<li><a href=\"https:\/\/www.ccis.ad\/wp-content\/uploads\/2021\/12\/Informe_conjuntura_1r-sem.-2021_CCIS-1.pdf\" target=\"_blank\" rel=\"noopener noreferrer\">Encuesta de coyuntura &#8211; enero-junio 2021<\/a><\/li>\n<li><a href=\"https:\/\/www.ccis.ad\/wp-content\/uploads\/2021\/05\/Informe_conjuntura_2n-semestre-2020.pdf\" target=\"_blank\" rel=\"noopener noreferrer\">Encuesta de coyuntura &#8211; julio-diciembre 2020<\/a><\/li>\n<li><a href=\"https:\/\/www.ccis.ad\/wp-content\/uploads\/2020\/12\/Informe_conjuntura_1r-semestre-2020_CCIS.pdf\" target=\"_blank\" rel=\"noopener noreferrer\">Encuesta de coyuntura &#8211; enero-junio 2020<\/a><\/li>\n<li><a href=\"https:\/\/www.ccis.ad\/wp-content\/uploads\/2020\/04\/Informe_conjuntura_2n-semestre-2019.pdf\" target=\"_blank\" rel=\"noopener noreferrer\">Encuesta de coyuntura &#8211; julio-diciembre 2019<\/a><\/li>\n<li><a href=\"https:\/\/www.ccis.ad\/wp-content\/uploads\/2019\/12\/Informe_conjuntura_1r-semestre-2019.pdf\" target=\"_blank\" rel=\"noopener noreferrer\">Encuesta de coyuntura &#8211; enero-junio 2019<\/a><\/li>\n<li><a href=\"https:\/\/www.ccis.ad\/wp-content\/uploads\/2019\/05\/Informe_conjuntura_2n-semestre-2018.pdf\" target=\"_blank\" rel=\"noopener noreferrer\">Encuesta de coyuntura &#8211; julio-diciembre 2018<\/a><\/li>\n<li><a href=\"https:\/\/www.ccis.ad\/wp-content\/uploads\/2018\/12\/Informe_conjuntura_1r-semestre-2018.pdf\">Encuesta de coyuntura &#8211; enero-junio 2018<\/a><\/li>\n<li><a href=\"https:\/\/www.ccis.ad\/wp-content\/uploads\/2018\/05\/EnqconjB17.pdf\">Encuesta de coyuntura &#8211; julio-diciembre 2017<\/a><\/li>\n<li><a href=\"https:\/\/www.ccis.ad\/wp-content\/uploads\/2017\/12\/EnqconjA17.pdf\">Encuesta de coyuntura &#8211; enero-junio 2017<\/a><\/li>\n<li><a href=\"http:\/\/www.ccis.ad\/wp-content\/uploads\/2017\/05\/EnqconjB16.pdf\">Encuesta de coyuntura &#8211; julio-diciembre 2016<\/a><\/li>\n<li><a href=\"http:\/\/www.ccis.ad\/wp-content\/uploads\/2017\/02\/EnqconjA16.pdf\">Encuesta de coyuntura &#8211; enero-junio 2016<\/a><\/li>\n<\/ul>\n<\/div>[\/vc_column][vc_column width=\u00bb2\/3&#8243;]<div class=\"gem-list gem-list-type-Label gem-list-color-3\" ><h5>MONOGR\u00c1FICOS<\/h5>\n<ul>\n<li><a href=\"https:\/\/www.ccis.ad\/wp-content\/uploads\/2022\/05\/Situacio_economica_empreses_davant_covid-19_Gener-2022.pdf\">Situaci\u00f3n econ\u00f3mica de las empresas ante la crisis de la Covid-19 (2a edici\u00f3n &#8211; enero 2022)<\/a><\/li>\n<li><a href=\"https:\/\/www.ccis.ad\/wp-content\/uploads\/2022\/03\/Informe_Enq_Impacte-Covid-19_gener-2022.pdf\" target=\"_blank\" rel=\"noopener\">Impacto econ\u00f3mico de la Covid-19 en las empresas andorranas (enero 2022)<\/a><\/li>\n<li><a href=\"https:\/\/www.ccis.ad\/wp-content\/uploads\/2021\/09\/Informe_Enq_Impacte-covid-19_juliol-2021.pdf\" target=\"_blank\" rel=\"noopener\">Impacto econ\u00f3mico de la Covid-19 en las empresas andorranas (julio 2021)<\/a><\/li>\n<li><a href=\"https:\/\/www.ccis.ad\/wp-content\/uploads\/2021\/05\/Situacio-economica-de-les-empreses_Covid-19_2020.pdf\">Situaci\u00f3n econ\u00f3mica de las empresas ante la crisis de la Covid-19 (1\u00aa edici\u00f3n &#8211; enero 2021)<\/a><\/li>\n<li><a href=\"https:\/\/www.ccis.ad\/wp-content\/uploads\/2021\/03\/Inf_Enq_Impacte-Covid-gener2021-2.pdf\">Impacto econ\u00f3mico de la Covid-19 en las empresas andorranas (enero 2021)<\/a><\/li>\n<li><a href=\"https:\/\/www.ccis.ad\/wp-content\/uploads\/2020\/09\/Informe_Enquesta_Impacte-Covid-19-juliol-2020.pdf\">Impacto econ\u00f3mico de la Covid-19 en las empresas andorranas (julio 2020)<\/a><\/li>\n<li><a href=\"https:\/\/www.ccis.ad\/wp-content\/uploads\/2020\/04\/La-complexitat-administrativa.pdf\" target=\"_blank\" rel=\"noopener noreferrer\">La complejidad administrativa (a\u00f1o 2019)<\/a><\/li>\n<li><a href=\"https:\/\/www.ccis.ad\/wp-content\/uploads\/2019\/05\/La-formaci%C3%B3-continuada-a-les-empreses.pdf\">La formaci\u00f3n continuada en las empresas (a\u00f1o 2018)<\/a><\/li>\n<li><a href=\"https:\/\/www.ccis.ad\/wp-content\/uploads\/2018\/05\/La-inclusi%C3%B3-laboral-de-les-persones-amb-discapacitat.pdf\">La inclusi\u00f3n laboral de las personas con discapacidad (a\u00f1o 2017)<\/a><\/li>\n<li><a href=\"http:\/\/www.ccis.ad\/wp-content\/uploads\/2017\/05\/Empresa-familiar-andorrana_2016.pdf\">La empresa familiar andorrana (a\u00f1o 2016)<\/a><\/li>\n<li><a href=\"http:\/\/www.ccis.ad\/docs\/accesempreses.pdf\">El acceso de las empresas a la financiaci\u00f3n (a\u00f1o 2015)<\/a><\/li>\n<li><a href=\"https:\/\/www.ccis.ad\/wp-content\/uploads\/2017\/11\/internacionalitzacio.pdf\">La internacionalizaci\u00f3n de las empresas (a\u00f1o 2014)<\/a><\/li>\n<li><a href=\"https:\/\/www.ccis.ad\/wp-content\/uploads\/2017\/11\/presencia.pdf\">Presencia y uso de Internet en las empresas (a\u00f1o 2013)<\/a><\/li>\n<li><a href=\"https:\/\/www.ccis.ad\/wp-content\/uploads\/2017\/11\/condicions-credit.pdf\">Las condiciones de cr\u00e9dito a las empresas (semestre julio-diciembre 2012)<\/a><\/li>\n<\/ul>\n<\/div>[\/vc_column][\/vc_row]<\/p>\n<\/div>","protected":false},"excerpt":{"rendered":"<p>[vc_row][vc_column][vc_empty_space][vc_column_text css=\u00bb.vc_custom_1638294184104{padding-bottom: 10px !important;}\u00bb] An\u00e1lisis de los resultados de las encuestas de opini\u00f3n empresarial dirigidas a los distintos sectores de actividad. Periodicidad semestral. [\/vc_column_text][\/vc_column][\/vc_row][vc_row][vc_column width=\u00bb1\/3&#8243;][\/vc_column][vc_column width=\u00bb2\/3&#8243;][\/vc_column][\/vc_row]<\/p>\n","protected":false},"author":52,"featured_media":35908,"parent":0,"menu_order":0,"comment_status":"closed","ping_status":"closed","template":"","meta":{"footnotes":""},"class_list":["post-43120","page","type-page","status-publish","has-post-thumbnail"],"_links":{"self":[{"href":"https:\/\/www.ccis.ad\/es\/wp-json\/wp\/v2\/pages\/43120","targetHints":{"allow":["GET"]}}],"collection":[{"href":"https:\/\/www.ccis.ad\/es\/wp-json\/wp\/v2\/pages"}],"about":[{"href":"https:\/\/www.ccis.ad\/es\/wp-json\/wp\/v2\/types\/page"}],"author":[{"embeddable":true,"href":"https:\/\/www.ccis.ad\/es\/wp-json\/wp\/v2\/users\/52"}],"replies":[{"embeddable":true,"href":"https:\/\/www.ccis.ad\/es\/wp-json\/wp\/v2\/comments?post=43120"}],"version-history":[{"count":6,"href":"https:\/\/www.ccis.ad\/es\/wp-json\/wp\/v2\/pages\/43120\/revisions"}],"predecessor-version":[{"id":43233,"href":"https:\/\/www.ccis.ad\/es\/wp-json\/wp\/v2\/pages\/43120\/revisions\/43233"}],"wp:featuredmedia":[{"embeddable":true,"href":"https:\/\/www.ccis.ad\/es\/wp-json\/wp\/v2\/media\/35908"}],"wp:attachment":[{"href":"https:\/\/www.ccis.ad\/es\/wp-json\/wp\/v2\/media?parent=43120"}],"curies":[{"name":"wp","href":"https:\/\/api.w.org\/{rel}","templated":true}]}}