{"id":43113,"date":"2023-05-15T15:25:57","date_gmt":"2023-05-15T14:25:57","guid":{"rendered":"https:\/\/www.ccis.ad\/informe-economico-anual\/"},"modified":"2026-04-07T11:18:38","modified_gmt":"2026-04-07T09:18:38","slug":"informe-economico-anual","status":"publish","type":"page","link":"https:\/\/www.ccis.ad\/es\/informe-economico-anual\/","title":{"rendered":"Informe econ\u00f3mico anual"},"content":{"rendered":"<div class=\"wpb-content-wrapper\"><p>[vc_row][vc_column][vc_empty_space][vc_column_text css=\u00bb.vc_custom_1638294330989{padding-bottom: 10px !important;}\u00bb]<\/p>\n<div class=\"dm_description\">\n<h4>Anuario descriptivo de la evoluci\u00f3n de la econom\u00eda andorrana y de los principales sectores econ\u00f3micos del pa\u00eds.<\/h4>\n<p>Incluye un repaso a la situaci\u00f3n econ\u00f3mica y financiera mundial durante el a\u00f1o, con una visi\u00f3n detallada de la evoluci\u00f3n econ\u00f3mica de nuestros vecinos, Espa\u00f1a y Francia.<\/p>\n<p><span style=\"color: #ffffff;\">.<\/span><\/p>\n<\/div>\n<p>[\/vc_column_text][\/vc_column][\/vc_row][vc_row][vc_column width=\u00bb1\/2&#8243;]<div class=\"gem-list gem-list-type-Label gem-list-color-3\" ><p><img class=\"wp-image-47594 size-large aligncenter\" src=\"https:\/\/www.ccis.ad\/wp-content\/uploads\/2025\/10\/IE_PORTADA-2024_en-424x600.jpg\" alt=\"\" width=\"424\" height=\"600\" srcset=\"https:\/\/www.ccis.ad\/wp-content\/uploads\/2025\/10\/IE_PORTADA-2024_en-424x600.jpg 424w, https:\/\/www.ccis.ad\/wp-content\/uploads\/2025\/10\/IE_PORTADA-2024_en-99x140.jpg 99w, https:\/\/www.ccis.ad\/wp-content\/uploads\/2025\/10\/IE_PORTADA-2024_en-768x1086.jpg 768w, https:\/\/www.ccis.ad\/wp-content\/uploads\/2025\/10\/IE_PORTADA-2024_en-1086x1536.jpg 1086w, https:\/\/www.ccis.ad\/wp-content\/uploads\/2025\/10\/IE_PORTADA-2024_en.jpg 1240w\" sizes=\"(max-width: 424px) 100vw, 424px\" \/><\/p>\n<p style=\"text-align: center;\"><a href=\"https:\/\/www.ccis.ad\/wp-content\/uploads\/2025\/10\/ie24-cat.pdf\" target=\"_blank\" rel=\"noopener\">Informe econ\u00f3mico 2024<\/a><\/p>\n<p style=\"text-align: center;\"><span style=\"color: #ffffff;\">,<\/span><\/p>\n<\/div>[\/vc_column][vc_column width=\u00bb1\/2&#8243;]<div class=\"gem-list gem-list-type-Label gem-list-color-3\" ><h5>INFORMES ECON\u00d3MICOS ANTERIORES<br \/>\n(EN CATAl\u00c1N)<\/h5>\n<ul>\n<li><a href=\"https:\/\/www.ccis.ad\/wp-content\/uploads\/2024\/10\/INFORME-ECONOMIC_2023_CA_DEF.pdf\" target=\"_blank\" rel=\"noopener\">Informe econ\u00f3mico 2023<\/a><\/li>\n<li><a href=\"https:\/\/ccis.ad\/docs\/ie2022\/catalan\/html\/index.html\" target=\"_blank\" rel=\"noopener\">Informe econ\u00f3mico 2022<\/a><\/li>\n<li><a href=\"https:\/\/www.ccis.ad\/docs\/ie2021\/catalan\/html\/index.html\" target=\"_blank\" rel=\"noopener\">Informe econ\u00f3mico 2021<\/a><\/li>\n<li><a href=\"https:\/\/www.ccis.ad\/wp-content\/uploads\/2022\/09\/AF_IE_2020_CA_ALTA.pdf\" target=\"_blank\" rel=\"noopener\">Informe Econ\u00f3mico 2020<\/a><\/li>\n<li><a href=\"https:\/\/www.ccis.ad\/wp-content\/uploads\/2021\/10\/Informe_Econo%CC%80mic_2019_CCIS_CA.pdf\" target=\"_blank\" rel=\"noopener\">Informe econ\u00f3mico 2019<\/a><\/li>\n<li><a href=\"https:\/\/www.ccis.ad\/wp-content\/uploads\/2021\/10\/Informe_Econo%CC%80mic_2018_CCIS_CA.pdf\" target=\"_blank\" rel=\"noopener\">Informe econ\u00f3mico 2018<\/a><\/li>\n<li><a style=\"color: #384554;\" href=\"https:\/\/www.ccis.ad\/wp-content\/uploads\/2021\/10\/Informe_Econo%CC%80mic_2017_CCIS_CA.pdf\" target=\"_blank\" rel=\"noopener\">Informe econ\u00f3mico 2017<\/a><\/li>\n<li><a href=\"https:\/\/www.ccis.ad\/wp-content\/uploads\/2021\/10\/Informe_Econo%CC%80mic_2016_CCIS_CA.pdf\" target=\"_blank\" rel=\"noopener noreferrer\">Informe econ\u00f3mico 2016<\/a><\/li>\n<li><a href=\"http:\/\/www.ccis.ad\/wp-content\/uploads\/2017\/02\/INFORME_ECONOMIC_2015.pdf\">Informe econ\u00f3mico 2015<\/a><\/li>\n<li><a href=\"http:\/\/www.ccis.ad\/wp-content\/uploads\/2017\/03\/INFORME_ECONOMIC_2014.pdf\">Informe econ\u00f3mico 2014<\/a><\/li>\n<li><a href=\"http:\/\/www.ccis.ad\/wp-content\/uploads\/2017\/03\/INFORME_ECONOMIC_2013.pdf\">Informe econ\u00f3mico 2013<\/a><\/li>\n<li><a href=\"http:\/\/www.ccis.ad\/wp-content\/uploads\/2017\/03\/OK_INFORME_ECONOMIC_2012.pdf\">Informe econ\u00f3mico 2012<\/a><\/li>\n<li><a href=\"http:\/\/www.ccis.ad\/wp-content\/uploads\/2017\/03\/INFORME_ECONOMIC_2011.pdf\">Informe econ\u00f3mico 2011<\/a><\/li>\n<li><a href=\"http:\/\/www.ccis.ad\/wp-content\/uploads\/2017\/03\/INFORME-ECONOMIC-2010.pdf\">Informe econ\u00f3mico 2010<\/a><\/li>\n<\/ul>\n<\/div>[\/vc_column][\/vc_row]<\/p>\n<\/div>","protected":false},"excerpt":{"rendered":"<p>[vc_row][vc_column][vc_empty_space][vc_column_text css=\u00bb.vc_custom_1638294330989{padding-bottom: 10px !important;}\u00bb] Anuario descriptivo de la evoluci\u00f3n de la econom\u00eda andorrana y de los principales sectores econ\u00f3micos del pa\u00eds. Incluye un repaso a la situaci\u00f3n econ\u00f3mica y financiera mundial durante el a\u00f1o, con&#8230;<\/p>\n","protected":false},"author":52,"featured_media":33984,"parent":0,"menu_order":0,"comment_status":"closed","ping_status":"closed","template":"","meta":{"footnotes":""},"class_list":["post-43113","page","type-page","status-publish","has-post-thumbnail"],"_links":{"self":[{"href":"https:\/\/www.ccis.ad\/es\/wp-json\/wp\/v2\/pages\/43113","targetHints":{"allow":["GET"]}}],"collection":[{"href":"https:\/\/www.ccis.ad\/es\/wp-json\/wp\/v2\/pages"}],"about":[{"href":"https:\/\/www.ccis.ad\/es\/wp-json\/wp\/v2\/types\/page"}],"author":[{"embeddable":true,"href":"https:\/\/www.ccis.ad\/es\/wp-json\/wp\/v2\/users\/52"}],"replies":[{"embeddable":true,"href":"https:\/\/www.ccis.ad\/es\/wp-json\/wp\/v2\/comments?post=43113"}],"version-history":[{"count":14,"href":"https:\/\/www.ccis.ad\/es\/wp-json\/wp\/v2\/pages\/43113\/revisions"}],"predecessor-version":[{"id":48384,"href":"https:\/\/www.ccis.ad\/es\/wp-json\/wp\/v2\/pages\/43113\/revisions\/48384"}],"wp:featuredmedia":[{"embeddable":true,"href":"https:\/\/www.ccis.ad\/es\/wp-json\/wp\/v2\/media\/33984"}],"wp:attachment":[{"href":"https:\/\/www.ccis.ad\/es\/wp-json\/wp\/v2\/media?parent=43113"}],"curies":[{"name":"wp","href":"https:\/\/api.w.org\/{rel}","templated":true}]}}