{"id":43074,"date":"2017-02-15T17:58:05","date_gmt":"2017-02-15T17:58:05","guid":{"rendered":"https:\/\/www.ccis.ad\/andorra-en-xifres\/"},"modified":"2025-12-09T12:13:58","modified_gmt":"2025-12-09T11:13:58","slug":"andorra-en-xifres","status":"publish","type":"page","link":"https:\/\/www.ccis.ad\/es\/andorra-en-xifres\/","title":{"rendered":"Andorra en cifras"},"content":{"rendered":"<div class=\"wpb-content-wrapper\"><p>[vc_row][vc_column width=\u00bb1\/4&#8243;][vc_column_text css=\u00bb.vc_custom_1765278832835{padding-bottom: 10px !important;}\u00bb]<\/p>\n<div class=\"dm_description\">\n<p><a href=\"https:\/\/www.estadistica.ad\/portal\/apps\/sites\/#\/estadistica-ca\/pages\/andorra-en-xifres\" target=\"_blank\" rel=\"noopener\"><img class=\"alignnone wp-image-47876 size-full\" src=\"https:\/\/www.ccis.ad\/wp-content\/uploads\/2025\/12\/Portada-2024.jpg\" alt=\"\" width=\"190\" height=\"280\" srcset=\"https:\/\/www.ccis.ad\/wp-content\/uploads\/2025\/12\/Portada-2024.jpg 190w, https:\/\/www.ccis.ad\/wp-content\/uploads\/2025\/12\/Portada-2024-95x140.jpg 95w\" sizes=\"(max-width: 190px) 100vw, 190px\" \/><\/a><\/p>\n<p>&nbsp;<\/p>\n<\/div>\n<p>[\/vc_column_text][\/vc_column][vc_column width=\u00bb3\/4&#8243;][vc_column_text css=\u00bb.vc_custom_1765271210385{padding-bottom: 10px !important;}\u00bb]<\/p>\n<div class=\"dm_description\">\n<p>El Departamento de Estad\u00edstica del Gobierno, la C\u00e1mara y Andorra Business elaboran de forma conjunta Andorra en cifras. Esta publicaci\u00f3n recoge de forma exhaustiva los principales indicadores socioecon\u00f3micos y toda la informaci\u00f3n relevante para la comprensi\u00f3n de la realidad institucional, econ\u00f3mica, social y territorial del Principado. Esa mirada global de Andorra la convierte en una herramienta \u00fatil para empresas, inversores, organismos p\u00fablicos y ciudadanos que necesiten informaci\u00f3n fiable y estructurada sobre el pa\u00eds.<\/p>\n<p>La edici\u00f3n Andorra en cifras 2024 es un documento de f\u00e1cil lectura, r\u00e1pida y gr\u00e1fica que tiene como objetivo facilitar una visi\u00f3n completa ya la vez esquem\u00e1tica de los aspectos m\u00e1s remarcables de la sociedad y de la econom\u00eda andorranas. Se trata de una recopilaci\u00f3n de datos estad\u00edsticos que van complementados con comentarios sint\u00e9ticos que facilitan y enriquecen la interpretaci\u00f3n de la informaci\u00f3n. Re\u00fane las principales magnitudes y datos generales del pa\u00eds, incluyendo comparaciones con otros estados europeos. Tambi\u00e9n presenta las principales caracter\u00edsticas territoriales, clim\u00e1ticas, hist\u00f3ricas, pol\u00edticas, jur\u00eddicas, fiscales y sociales del Principado, y ofrece el marco de contexto esencial para analizar las cifras y comprender con mayor profundidad la realidad y la evoluci\u00f3n de Andorra.<\/p>\n<p>Aunque est\u00e1 concebida principalmente para el entorno digital, la nueva plataforma permite descargar en formato PDF cada apartado o la publicaci\u00f3n entera, para facilitar su uso y garantizar una consulta vers\u00e1til y adaptada a las necesidades de los usuarios.<\/p>\n<\/div>\n<p>[\/vc_column_text]<div class=\"gem-list gem-list-type-Label gem-list-color-3\" ><ul>\n<li><a href=\"https:\/\/www.estadistica.ad\/portal\/apps\/sites\/#\/estadistica-ca\/pages\/andorra-en-xifres\" target=\"_blank\" rel=\"noopener noreferrer\">Andorra en cifras 2024<\/a><\/li>\n<\/ul>\n<\/div>[\/vc_column][\/vc_row]<\/p>\n<\/div>","protected":false},"excerpt":{"rendered":"<p>[vc_row][vc_column width=\u00bb1\/4&#8243;][vc_column_text css=\u00bb.vc_custom_1765278832835{padding-bottom: 10px !important;}\u00bb] &nbsp; [\/vc_column_text][\/vc_column][vc_column width=\u00bb3\/4&#8243;][vc_column_text css=\u00bb.vc_custom_1765271210385{padding-bottom: 10px !important;}\u00bb] El Departamento de Estad\u00edstica del Gobierno, la C\u00e1mara y Andorra Business elaboran de forma conjunta Andorra en cifras. Esta publicaci\u00f3n recoge de forma exhaustiva&#8230;<\/p>\n","protected":false},"author":52,"featured_media":47879,"parent":0,"menu_order":0,"comment_status":"closed","ping_status":"closed","template":"","meta":{"footnotes":""},"class_list":["post-43074","page","type-page","status-publish","has-post-thumbnail"],"_links":{"self":[{"href":"https:\/\/www.ccis.ad\/es\/wp-json\/wp\/v2\/pages\/43074","targetHints":{"allow":["GET"]}}],"collection":[{"href":"https:\/\/www.ccis.ad\/es\/wp-json\/wp\/v2\/pages"}],"about":[{"href":"https:\/\/www.ccis.ad\/es\/wp-json\/wp\/v2\/types\/page"}],"author":[{"embeddable":true,"href":"https:\/\/www.ccis.ad\/es\/wp-json\/wp\/v2\/users\/52"}],"replies":[{"embeddable":true,"href":"https:\/\/www.ccis.ad\/es\/wp-json\/wp\/v2\/comments?post=43074"}],"version-history":[{"count":13,"href":"https:\/\/www.ccis.ad\/es\/wp-json\/wp\/v2\/pages\/43074\/revisions"}],"predecessor-version":[{"id":47902,"href":"https:\/\/www.ccis.ad\/es\/wp-json\/wp\/v2\/pages\/43074\/revisions\/47902"}],"wp:featuredmedia":[{"embeddable":true,"href":"https:\/\/www.ccis.ad\/es\/wp-json\/wp\/v2\/media\/47879"}],"wp:attachment":[{"href":"https:\/\/www.ccis.ad\/es\/wp-json\/wp\/v2\/media?parent=43074"}],"curies":[{"name":"wp","href":"https:\/\/api.w.org\/{rel}","templated":true}]}}