{"id":42497,"date":"2023-03-24T15:58:42","date_gmt":"2023-03-24T15:58:42","guid":{"rendered":"https:\/\/www.ccis.ad\/franquicias-por-viajeros\/"},"modified":"2023-05-15T14:52:51","modified_gmt":"2023-05-15T13:52:51","slug":"franquicias-para-viajeros","status":"publish","type":"page","link":"https:\/\/www.ccis.ad\/es\/franquicias-para-viajeros\/","title":{"rendered":"Franquicias para viajeros"},"content":{"rendered":"<div class=\"wpb-content-wrapper\"><p>[vc_row][vc_column css=\u00bb.vc_custom_1483693371237{padding-top: 40px !important;}\u00bb][vc_column_text]Uno de los puntos contemplados en el <a href=\"http:\/\/www.ccis.ad\/wp-content\/uploads\/2017\/01\/acord-unio-duanera.pdf\" target=\"_blank\" rel=\"noopener\">Acuerdo de uni\u00f3n aduanera de 28 de junio de 1990<\/a> es la cantidad de mercanc\u00eda que los viajeros pueden llevarse del Principado de Andorra en exenci\u00f3n del pago de los derechos aduaneros y tasas fiscales, en su entrada en la UE.<\/p>\n<p>A continuaci\u00f3n se detallan, por persona, las cantidades y los importes m\u00e1ximos de estas franquicias:<\/p>\n<table border=\"1\" cellspacing=\"0\" cellpadding=\"4\" align=\"center\">\n<tbody>\n<tr>\n<td width=\"285\">\n<div align=\"center\"><strong>Caf\u00e9<\/strong><\/div>\n<\/td>\n<td width=\"800\">1000 g de caf\u00e9 o 400 g de extractos<\/td>\n<\/tr>\n<tr>\n<td><\/td>\n<td><strong>+<\/strong><\/td>\n<\/tr>\n<tr>\n<td>\n<div align=\"center\"><strong>T\u00e9<\/strong><\/div>\n<\/td>\n<td width=\"800\">200 g de t\u00e9 o 80 g de extractos<\/td>\n<\/tr>\n<tr>\n<td><\/td>\n<td><strong>+<\/strong><\/td>\n<\/tr>\n<tr>\n<td>\n<div align=\"center\"><strong>Bebidas alcoh\u00f3licas<\/strong> *<\/div>\n<\/td>\n<td width=\"800\">1,5 l de licores de m\u00e1s de 22 grados<\/td>\n<\/tr>\n<tr>\n<td><\/td>\n<td><strong>o<\/strong><\/td>\n<\/tr>\n<tr>\n<td><\/td>\n<td>3 l de licores o aperitivos de menos de 22 grados o de vinos espumosos<\/td>\n<\/tr>\n<tr>\n<td><\/td>\n<td>\n<div align=\"left\"><strong>+<\/strong><\/div>\n<\/td>\n<\/tr>\n<tr>\n<td><\/td>\n<td>\n<div align=\"left\">5 l de vinos de mesa<\/div>\n<\/td>\n<\/tr>\n<tr>\n<td><\/td>\n<td><strong>+<\/strong><\/td>\n<\/tr>\n<tr>\n<td>\n<div align=\"center\"><strong>Tabaco<\/strong> *<\/div>\n<\/td>\n<td width=\"800\">300 cigarrillos<\/td>\n<\/tr>\n<tr>\n<td><\/td>\n<td>\n<div align=\"left\"><strong>o<\/strong><\/div>\n<\/td>\n<\/tr>\n<tr>\n<td><\/td>\n<td>\n<div align=\"left\">150 puros de menos de 3 g por pieza<\/div>\n<\/td>\n<\/tr>\n<tr>\n<td><\/td>\n<td>\n<div align=\"left\"><strong>o<\/strong><\/div>\n<\/td>\n<\/tr>\n<tr>\n<td><\/td>\n<td>\n<div align=\"left\">75 puros de m\u00e1s de 3 g por pieza<\/div>\n<\/td>\n<\/tr>\n<tr>\n<td><\/td>\n<td>\n<div align=\"left\"><strong>o<\/strong><\/div>\n<\/td>\n<\/tr>\n<tr>\n<td><\/td>\n<td>\n<div align=\"left\">400 g de tabaco para pipa<\/div>\n<\/td>\n<\/tr>\n<tr>\n<td><\/td>\n<td><strong>+<\/strong><\/td>\n<\/tr>\n<tr>\n<td>\n<div align=\"center\"><strong>Otros productos agr\u00edcolas<\/strong><\/div>\n<\/td>\n<td width=\"800\">Hasta un valor de 300,00 \u20ac ( <span class=\"Estilo2\">Para las personas menores de 15 a\u00f1os, los estados miembros de la CE pueden reducir la franquicia como m\u00e1ximo a la mitad de las cantidades previstas<\/span> )<\/td>\n<\/tr>\n<tr>\n<td class=\"textonormalnegre\" colspan=\"2\"><\/td>\n<\/tr>\n<tr>\n<td><\/td>\n<td>\n<div align=\"left\"><em>&#8211; sin sobrepasar:<\/em><\/div>\n<\/td>\n<\/tr>\n<tr>\n<td><\/td>\n<td>\n<div align=\"left\">2,5 kg de leche en polvo<\/div>\n<\/td>\n<\/tr>\n<tr>\n<td><\/td>\n<td>\n<div align=\"left\">3 kg de leche condensada<\/div>\n<\/td>\n<\/tr>\n<tr>\n<td><\/td>\n<td>\n<div align=\"left\">6 kg de leche fresca<\/div>\n<\/td>\n<\/tr>\n<tr>\n<td><\/td>\n<td>\n<div align=\"left\">1 kg de mantequilla<\/div>\n<\/td>\n<\/tr>\n<tr>\n<td><\/td>\n<td>\n<div align=\"left\">4 kg de queso<\/div>\n<\/td>\n<\/tr>\n<tr>\n<td><\/td>\n<td>\n<div align=\"left\">5 kg de az\u00facar y dulces<\/div>\n<\/td>\n<\/tr>\n<tr>\n<td><\/td>\n<td>\n<div align=\"left\">5 kg de carne<\/div>\n<\/td>\n<\/tr>\n<\/tbody>\n<\/table>\n<p>&nbsp;<\/p>\n<p>Adem\u00e1s de todos estos productos agr\u00edcolas, cada viajero tiene derecho a franquicias en productos industriales:<\/p>\n<table border=\"1\" cellspacing=\"0\" cellpadding=\"4\" align=\"center\">\n<tbody>\n<tr>\n<td width=\"285\">\n<div align=\"center\"><strong>Perfumes<\/strong><\/div>\n<\/td>\n<td width=\"800\">75 g de perfumes<\/td>\n<\/tr>\n<tr>\n<td><\/td>\n<td><strong>+<\/strong><\/td>\n<\/tr>\n<tr>\n<td><\/td>\n<td width=\"800\">375 ml de colonias<\/td>\n<\/tr>\n<tr>\n<td><\/td>\n<td><strong>+<\/strong><\/td>\n<\/tr>\n<tr>\n<td>\n<div align=\"center\"><strong>Otros productos industriales<\/strong><\/div>\n<\/td>\n<td width=\"800\">Hasta un valor de 900,00 \u20ac (Para las personas menores de 15 a\u00f1os, los Estados miembros de la CE pueden reducir la franquicia como m\u00e1ximo a la mitad de las cantidades previstas)<\/td>\n<\/tr>\n<\/tbody>\n<\/table>\n<p>&nbsp;<\/p>\n<p>Es importante tener en cuenta las limitaciones especiales que puedan aplicarse sobre productos determinados como productos animales o vegetales, animales vivos, especies en v\u00edas de extinci\u00f3n, medicamentos, armas y municiones, objetos de arte y colecci\u00f3n, divisas, oro, medios de pago&#8230; En este sentido es recomendable informarse cerca de las aduanas comunitarias de estas limitaciones, antes de pasar la frontera:<\/p>\n<ul>\n<li>Aduana Francesa de Baladr\u00e0 Tel. 0033 561 05 20 74<\/li>\n<li>Aduana Espa\u00f1ola de la Farga de Moles Tel. 0034 973 35 15 54<\/li>\n<\/ul>\n<p>[\/vc_column_text][vc_message]<strong>Nota:<\/strong> El presente contenido tiene un car\u00e1cter meramente informativo y no constituye ninguna base legal[\/vc_message][\/vc_column][\/vc_row]<\/p>\n<\/div>","protected":false},"excerpt":{"rendered":"<p>[vc_row][vc_column css=\u00bb.vc_custom_1483693371237{padding-top: 40px !important;}\u00bb][vc_column_text]Uno de los puntos contemplados en el Acuerdo de uni\u00f3n aduanera de 28 de junio de 1990 es la cantidad de mercanc\u00eda que los viajeros pueden llevarse del Principado de Andorra en&#8230;<\/p>\n","protected":false},"author":52,"featured_media":35880,"parent":0,"menu_order":0,"comment_status":"closed","ping_status":"closed","template":"","meta":{"footnotes":""},"class_list":["post-42497","page","type-page","status-publish","has-post-thumbnail"],"_links":{"self":[{"href":"https:\/\/www.ccis.ad\/es\/wp-json\/wp\/v2\/pages\/42497","targetHints":{"allow":["GET"]}}],"collection":[{"href":"https:\/\/www.ccis.ad\/es\/wp-json\/wp\/v2\/pages"}],"about":[{"href":"https:\/\/www.ccis.ad\/es\/wp-json\/wp\/v2\/types\/page"}],"author":[{"embeddable":true,"href":"https:\/\/www.ccis.ad\/es\/wp-json\/wp\/v2\/users\/52"}],"replies":[{"embeddable":true,"href":"https:\/\/www.ccis.ad\/es\/wp-json\/wp\/v2\/comments?post=42497"}],"version-history":[{"count":9,"href":"https:\/\/www.ccis.ad\/es\/wp-json\/wp\/v2\/pages\/42497\/revisions"}],"predecessor-version":[{"id":43101,"href":"https:\/\/www.ccis.ad\/es\/wp-json\/wp\/v2\/pages\/42497\/revisions\/43101"}],"wp:featuredmedia":[{"embeddable":true,"href":"https:\/\/www.ccis.ad\/es\/wp-json\/wp\/v2\/media\/35880"}],"wp:attachment":[{"href":"https:\/\/www.ccis.ad\/es\/wp-json\/wp\/v2\/media?parent=42497"}],"curies":[{"name":"wp","href":"https:\/\/api.w.org\/{rel}","templated":true}]}}