{"id":42449,"date":"2023-03-24T15:58:37","date_gmt":"2023-03-24T15:58:37","guid":{"rendered":"https:\/\/www.ccis.ad\/aranceles\/"},"modified":"2025-10-08T18:03:33","modified_gmt":"2025-10-08T16:03:33","slug":"aranceles","status":"publish","type":"page","link":"https:\/\/www.ccis.ad\/es\/aranceles\/","title":{"rendered":"Aranceles"},"content":{"rendered":"<div class=\"wpb-content-wrapper\"><p>[vc_row][vc_column css=\u00bb.vc_custom_1483693371237{padding-top: 40px !important;}\u00bb][vc_column_text css=\u00bb\u00bb]<\/p>\n<h3>La clasificaci\u00f3n de la mercanc\u00eda &#8211; El sistema armonizado (SH)<\/h3>\n<p>A fin de facilitar la aplicaci\u00f3n de la normativa aduanera, todas las mercanc\u00edas que pasan por las aduanas son clasificadas por las autoridades aduaneras, seg\u00fan criterios muy espec\u00edficos, con unos c\u00f3digos determinados.<\/p>\n<p>Aunque cada estado puede utilizar el sistema de clasificaci\u00f3n que desee, la Nomenclatura del Sistema Armonizado de designaci\u00f3n y codificaci\u00f3n de las mercanc\u00edas (NSH) -establecida por la OMD- es la nomenclatura con car\u00e1cter m\u00e1s internacional y sirve de base para un gran n\u00famero de sistemas de clasificaci\u00f3n.<\/p>\n<p>En cuanto a los pa\u00edses de la UE, \u00e9stos se valen de la Nomenclatura Combinada (NC), que reanuda parte de los c\u00f3digos de la NSH para clasificar la mercanc\u00eda.<\/p>\n<p>En el \u00e1mbito nacional, se utiliza la Nomenclatura General de Productos (NGP), que integra en sus c\u00f3digos la NSH y la NC. Estos c\u00f3digos se componen de hasta nueve d\u00edgitos, de los que los dos primeros especifican el cap\u00edtulo en el que se clasifica la mercanc\u00eda. En el caso de Andorra, este hecho tiene especial relevancia, ya que debido al icono Acuerdo de uni\u00f3n aduanera (1.72 MB) que se firm\u00f3 el 28.06.1990 con la Comunidad Europea, los productos de los cap\u00edtulos 1 a 24 del SH y los productos de los cap\u00edtulos 25 a 97 del SH reciben un trato diferencial.<\/p>\n<p>Para cualquier consulta sobre tipos impositivos, contacte directamente con el departamento de Aduanas. (Tel. +376 879900)<\/p>\n<p><strong>\u00a1ATENCI\u00d3N! Dada la complejidad de la normativa aduanera, le aconsejamos que consulte las bases legales que rigen la clasificaci\u00f3n, previamente a la realizaci\u00f3n de cualquier tramitaci\u00f3n.<\/strong><\/p>\n<p><span style=\"color: #ffffff;\">.<\/span>[\/vc_column_text][vc_message]<strong>Nota:<\/strong> El presente contenido tiene un car\u00e1cter meramente informativo y no constituye ninguna base legal[\/vc_message][\/vc_column][\/vc_row]<\/p>\n<\/div>","protected":false},"excerpt":{"rendered":"<p>[vc_row][vc_column css=\u00bb.vc_custom_1483693371237{padding-top: 40px !important;}\u00bb][vc_column_text css=\u00bb\u00bb] La clasificaci\u00f3n de la mercanc\u00eda &#8211; El sistema armonizado (SH) A fin de facilitar la aplicaci\u00f3n de la normativa aduanera, todas las mercanc\u00edas que pasan por las aduanas son clasificadas&#8230;<\/p>\n","protected":false},"author":52,"featured_media":0,"parent":0,"menu_order":0,"comment_status":"closed","ping_status":"closed","template":"","meta":{"footnotes":""},"class_list":["post-42449","page","type-page","status-publish"],"_links":{"self":[{"href":"https:\/\/www.ccis.ad\/es\/wp-json\/wp\/v2\/pages\/42449","targetHints":{"allow":["GET"]}}],"collection":[{"href":"https:\/\/www.ccis.ad\/es\/wp-json\/wp\/v2\/pages"}],"about":[{"href":"https:\/\/www.ccis.ad\/es\/wp-json\/wp\/v2\/types\/page"}],"author":[{"embeddable":true,"href":"https:\/\/www.ccis.ad\/es\/wp-json\/wp\/v2\/users\/52"}],"replies":[{"embeddable":true,"href":"https:\/\/www.ccis.ad\/es\/wp-json\/wp\/v2\/comments?post=42449"}],"version-history":[{"count":3,"href":"https:\/\/www.ccis.ad\/es\/wp-json\/wp\/v2\/pages\/42449\/revisions"}],"predecessor-version":[{"id":47559,"href":"https:\/\/www.ccis.ad\/es\/wp-json\/wp\/v2\/pages\/42449\/revisions\/47559"}],"wp:attachment":[{"href":"https:\/\/www.ccis.ad\/es\/wp-json\/wp\/v2\/media?parent=42449"}],"curies":[{"name":"wp","href":"https:\/\/api.w.org\/{rel}","templated":true}]}}