{"id":42409,"date":"2023-03-24T15:58:35","date_gmt":"2023-03-24T15:58:35","guid":{"rendered":"https:\/\/www.ccis.ad\/formaciones-a-medida\/"},"modified":"2023-03-24T15:58:42","modified_gmt":"2023-03-24T15:58:42","slug":"formaciones-a-medida","status":"publish","type":"page","link":"https:\/\/www.ccis.ad\/es\/formaciones-a-medida\/","title":{"rendered":"Formaciones a medida"},"content":{"rendered":"<div class=\"wpb-content-wrapper\"><p>[vc_row][vc_column][vc_column_text]<\/p>\n<p>[\/vc_column_text][\/vc_column][\/vc_row][vc_row][vc_column][vc_text_separator title_light=\u00bb1&#8243; title_level=\u00bbh4&#8243; title=\u00bb\u00bfEN QU\u00c9 PODEMOS AYUDARTE?\u00bb title_align=\u00bbseparator_align_left\u00bb][vc_column_text]La C\u00e1mara ofrece a todas las agrupaciones y empresas andorranas la posibilidad de realizar cursos a medida, previa demanda, sobre cualquier tema que sea de su inter\u00e9s. \u00c9sta es una buena oportunidad para profundizar en cuestiones espec\u00edficas de un sector o actividad comercial que no est\u00e9n cubiertas en los cursos est\u00e1ndar. Muchas empresas del Principado ya han disfrutado de las ventajas de tener una formaci\u00f3n a medida, gestionada a trav\u00e9s de la C\u00e1mara (tanto en nuestros locales como en los de la empresa) y adaptada a sus necesidades, a las condiciones de horario y disponibilidad de personal.<\/p>\n<p><span style=\"color: #ffffff;\">.<\/span>[\/vc_column_text][\/vc_column][\/vc_row][vc_row][vc_column width=\u00bb4\/6&#8243;][vc_text_separator title_light=\u00bb1&#8243; title_level=\u00bbh5&#8243; title=\u00bbPUEDES SOLICITAR ASESORAMIENTO A:\u00bb i_icon_fontawesome=\u00bbfas fa-info\u00bb i_size=\u00bbsm\u00bb title_align=\u00bbseparator_align_left\u00bb add_icon=\u00bbtrue\u00bb]<div class=\"gem-team row inline-row gem-interactions-enabled gem-team-style-6\" > <div class=\"col-sm-6 col-xs-12 inline-column\"> <div id=\"post-27370\" class=\"team-person default-background post-27370 thegem_team_person type-thegem_team_person status-publish has-post-thumbnail\" style=\"background-color: #ffffff; border-color: #ffffff\"><div class=\"team-person-hover\"> <div class=\"team-person-box clearfix\"> <div class=\"team-person-box-left\"><div class=\"team-person-image\"><img width=\"80\" height=\"80\" src=\"https:\/\/www.ccis.ad\/wp-content\/uploads\/2016\/11\/pepita-lopez-ok-thegem-person-80.jpg\" class=\"img-responsive wp-post-image\" alt=\"pepita-lopez-ok\" srcset=\"https:\/\/www.ccis.ad\/wp-content\/uploads\/2016\/11\/pepita-lopez-ok-thegem-person.jpg 2x\" sizes=\"100vw\" \/><\/div><\/div> <div class=\"team-person-box-right\"> <div class=\"team-person-info\"> <div class=\"team-person-name styled-subtitle\" >PEPITA L\u00d3PEZ<\/div> <div class=\"team-person-position date-color\" >Formaci\u00f3n y censo<\/div> <div class=\"gem-styled-color-1\"><div class=\"team-person-phone title-h6\"><a href=\"tel:+376%20809292\">+376 809292<\/a><\/div><\/div> <div class=\"team-person-email\"><a href=\"mailto:pepita@ccis.ad\">pepita@ccis.ad<\/a><\/div> <\/div> <div class=\"socials team-person-socials socials-colored-hover\"><a title=\"LinkedIn\" target=\"_blank\" href=\"https:\/\/www.linkedin.com\/in\/pepita-l%C3%B3pez-60709667\/\" class=\"socials-item\"><i class=\"socials-item-icon social-item-rounded linkedin\"><\/i><\/a><\/div> <\/div> <\/div> <\/div><\/div> <\/div> <\/div>[\/vc_column][vc_column width=\u00bb2\/6&#8243;][\/vc_column][\/vc_row][vc_row][vc_column][vc_message]Nota: El presente contenido tiene un car\u00e1cter meramente informativo y no constituye ninguna base legal.[\/vc_message][\/vc_column][\/vc_row]<\/p>\n<\/div>","protected":false},"excerpt":{"rendered":"<p>[vc_row][vc_column][vc_column_text] [\/vc_column_text][\/vc_column][\/vc_row][vc_row][vc_column][vc_text_separator title_light=\u00bb1&#8243; title_level=\u00bbh4&#8243; title=\u00bb\u00bfEN QU\u00c9 PODEMOS AYUDARTE?\u00bb title_align=\u00bbseparator_align_left\u00bb][vc_column_text]La C\u00e1mara ofrece a todas las agrupaciones y empresas andorranas la posibilidad de realizar cursos a medida, previa demanda, sobre cualquier tema que sea de su inter\u00e9s&#8230;.<\/p>\n","protected":false},"author":52,"featured_media":35943,"parent":0,"menu_order":0,"comment_status":"closed","ping_status":"closed","template":"","meta":{"footnotes":""},"class_list":["post-42409","page","type-page","status-publish","has-post-thumbnail"],"_links":{"self":[{"href":"https:\/\/www.ccis.ad\/es\/wp-json\/wp\/v2\/pages\/42409","targetHints":{"allow":["GET"]}}],"collection":[{"href":"https:\/\/www.ccis.ad\/es\/wp-json\/wp\/v2\/pages"}],"about":[{"href":"https:\/\/www.ccis.ad\/es\/wp-json\/wp\/v2\/types\/page"}],"author":[{"embeddable":true,"href":"https:\/\/www.ccis.ad\/es\/wp-json\/wp\/v2\/users\/52"}],"replies":[{"embeddable":true,"href":"https:\/\/www.ccis.ad\/es\/wp-json\/wp\/v2\/comments?post=42409"}],"version-history":[{"count":6,"href":"https:\/\/www.ccis.ad\/es\/wp-json\/wp\/v2\/pages\/42409\/revisions"}],"predecessor-version":[{"id":42503,"href":"https:\/\/www.ccis.ad\/es\/wp-json\/wp\/v2\/pages\/42409\/revisions\/42503"}],"wp:featuredmedia":[{"embeddable":true,"href":"https:\/\/www.ccis.ad\/es\/wp-json\/wp\/v2\/media\/35943"}],"wp:attachment":[{"href":"https:\/\/www.ccis.ad\/es\/wp-json\/wp\/v2\/media?parent=42409"}],"curies":[{"name":"wp","href":"https:\/\/api.w.org\/{rel}","templated":true}]}}