{"id":42385,"date":"2023-03-24T15:58:34","date_gmt":"2023-03-24T15:58:34","guid":{"rendered":"https:\/\/www.ccis.ad\/disclaimer\/"},"modified":"2023-03-24T15:58:37","modified_gmt":"2023-03-24T15:58:37","slug":"disclaimer","status":"publish","type":"page","link":"https:\/\/www.ccis.ad\/es\/disclaimer\/","title":{"rendered":"Disclaimer"},"content":{"rendered":"<div class=\"wpb-content-wrapper\"><p>[vc_row][vc_column][vc_column_text css=\u00bb.vc_custom_1482945057104{padding-bottom: 60px !important;}\u00bb]www.ccis.ad, es un dominio de Internet de titularidad de la C\u00e1mara de Comercio Industria y Servicios de Andorra.<\/p>\n<h3>Recomendaciones de acceso<\/h3>\n<p>&#8211; Navegador recomendado Internet Explorer 8, Mozilla Firefox 6.0 o superior.<\/p>\n<p>&#8211; Resoluci\u00f3n recomendada Soporta 1280&#215;720 o superior<\/p>\n<p>El acceso a la web de la C\u00e1mara de Comercio Industria y Servicios de Andorra ya la informaci\u00f3n contenida comporta la aceptaci\u00f3n de las condiciones previstas en este aviso legal. Por este motivo, le recomendamos que lea atentamente el contenido de este aviso si desea acceder y utilizar la informaci\u00f3n y los servicios que se ofrecen desde la web de la C\u00e1mara de Comercio Industria y Servicios de Andorra.<\/p>\n<p>El usuario, por medio de las diferentes \u00e1reas que forman parte del sitio web, puede visitar, obtener informaci\u00f3n, utilizar una serie de aplicaciones, dirigir solicitudes o comunicaciones.<\/p>\n<p>La informaci\u00f3n contenida en esta web ha sido elaborada y supervisada por la C\u00e1mara de Comercio Industria y Servicios de Andorra. Los buzones de contacto de la web tienen car\u00e1cter meramente informativo, sin que, en ning\u00fan caso, puedan derivarse responsabilidades jur\u00eddicas vinculantes en caso de respuesta.<\/p>\n<h3>Pol\u00edtica de uso<\/h3>\n<p>Todos los derechos est\u00e1n reservados. Todo acceso a este sitio web est\u00e1 sujeto a las siguientes condiciones:<\/p>\n<p>La C\u00e1mara de Comercio Industria y Servicios de Andorra no es responsable de los da\u00f1os causados por el acceso a la web o por la imposibilidad de acceder a la misma. Los contenidos de la p\u00e1gina web est\u00e1n meramente con car\u00e1cter orientativo e informativo y la C\u00e1mara no garantiza la exactitud ni la actualizaci\u00f3n de la informaci\u00f3n que se pueda obtener de su web, informaci\u00f3n que se podr\u00e1 modificar sin previo aviso. La C\u00e1mara de Comercio no se hace responsable de los da\u00f1os derivados de la utilizaci\u00f3n de este sitio web. Igualmente, no se hace responsable de la informaci\u00f3n obtenida a trav\u00e9s de enlaces a sistemas externos.<\/p>\n<p>S\u00f3lo est\u00e1 autorizado el uso personal de las im\u00e1genes y contenido que se puede descargar de la web. Su uso comercial no est\u00e1 permitido. No est\u00e1 permitida la modificaci\u00f3n de la web ni de sus contenidos.<\/p>\n<p>Esta pol\u00edtica de privacidad es de aplicaci\u00f3n \u00fanica a esta p\u00e1gina web y no se garantiza en los accesos a trav\u00e9s de enlaces a otras p\u00e1ginas web. La C\u00e1mara de Comercio se reserva el derecho a cambiar la pol\u00edtica de privacidad descrita en la presente p\u00e1gina sin notificaci\u00f3n previa.<\/p>\n<p>&nbsp;<\/p>\n<p>C\u00e1mara de Comercio Industria y Servicios de Andorra<br \/>\nC\/ Prat de la Creu, 8, Edificio Le Mans, Despacho 204-205<br \/>\nAndorra La Vella.<br \/>\nTelf. 80 92 92[\/vc_column_text][\/vc_column][\/vc_row]<\/p>\n<\/div>","protected":false},"excerpt":{"rendered":"<p>[vc_row][vc_column][vc_column_text css=\u00bb.vc_custom_1482945057104{padding-bottom: 60px !important;}\u00bb]www.ccis.ad, es un dominio de Internet de titularidad de la C\u00e1mara de Comercio Industria y Servicios de Andorra. Recomendaciones de acceso &#8211; Navegador recomendado Internet Explorer 8, Mozilla Firefox 6.0 o superior&#8230;.<\/p>\n","protected":false},"author":52,"featured_media":0,"parent":0,"menu_order":0,"comment_status":"closed","ping_status":"closed","template":"","meta":{"footnotes":""},"class_list":["post-42385","page","type-page","status-publish"],"_links":{"self":[{"href":"https:\/\/www.ccis.ad\/es\/wp-json\/wp\/v2\/pages\/42385","targetHints":{"allow":["GET"]}}],"collection":[{"href":"https:\/\/www.ccis.ad\/es\/wp-json\/wp\/v2\/pages"}],"about":[{"href":"https:\/\/www.ccis.ad\/es\/wp-json\/wp\/v2\/types\/page"}],"author":[{"embeddable":true,"href":"https:\/\/www.ccis.ad\/es\/wp-json\/wp\/v2\/users\/52"}],"replies":[{"embeddable":true,"href":"https:\/\/www.ccis.ad\/es\/wp-json\/wp\/v2\/comments?post=42385"}],"version-history":[{"count":1,"href":"https:\/\/www.ccis.ad\/es\/wp-json\/wp\/v2\/pages\/42385\/revisions"}],"predecessor-version":[{"id":42418,"href":"https:\/\/www.ccis.ad\/es\/wp-json\/wp\/v2\/pages\/42385\/revisions\/42418"}],"wp:attachment":[{"href":"https:\/\/www.ccis.ad\/es\/wp-json\/wp\/v2\/media?parent=42385"}],"curies":[{"name":"wp","href":"https:\/\/api.w.org\/{rel}","templated":true}]}}