{"id":42345,"date":"2023-03-24T15:58:30","date_gmt":"2023-03-24T15:58:30","guid":{"rendered":"https:\/\/www.ccis.ad\/certificaciones\/"},"modified":"2025-10-08T18:01:06","modified_gmt":"2025-10-08T16:01:06","slug":"certificaciones","status":"publish","type":"page","link":"https:\/\/www.ccis.ad\/es\/certificaciones\/","title":{"rendered":"Certificaciones"},"content":{"rendered":"<div class=\"wpb-content-wrapper\"><p>[vc_row][vc_column css=\u00bb.vc_custom_1483693371237{padding-top: 40px !important;}\u00bb][vc_column_text css=\u00bb\u00bb]La C\u00e1mara le ofrece la posibilidad de obtener varios tipos de certificaciones seg\u00fan sus necesidades:<\/p>\n<h3>Certificados de origen<\/h3>\n<p>El Principado de Andorra, respetando el Acuerdo de uni\u00f3n aduanera con la UE , aplica los mismos criterios que la UE para determinar el origen de la mercanc\u00eda: el origen no preferencial y el origen preferencial.<\/p>\n<h4>Origen no preferencial<\/h4>\n<p>Se utiliza en los intercambios de mercanc\u00edas entre pa\u00edses que siguen las directrices de las reglas de comercio de la OMC, y las reglas para su determinaci\u00f3n son propias para cada pa\u00eds.<\/p>\n<p>En cuanto a los pa\u00edses de la UE y en Andorra, adquieren el origen de derecho no preferencial:<\/p>\n<p>Los productos obtenidos en su totalidad en el pa\u00eds:<\/p>\n<ul>\n<li>productos minerales extra\u00eddos del suelo<\/li>\n<li>productos del reino vegetal que se cosechan<\/li>\n<li>animales vivos que nacen y que se cr\u00edan<\/li>\n<li>productos provenientes de animales vivos que se cr\u00edan<\/li>\n<li>productos de la caza o de la pesca que se practica<\/li>\n<li>los productos de la pesca mar\u00edtima y otros productos extra\u00eddos del mar, fuera del mar territorial del pa\u00eds, por barcos matriculados o registrados en el pa\u00eds en cuesti\u00f3n y con bandera de ese mismo pa\u00eds<\/li>\n<li>las mercanc\u00edas obtenidas a bordo de barcos factor\u00eda a partir de los productos mencionados en el punto (f) originarios del pa\u00eds en cuesti\u00f3n y siempre que dichos barcos factor\u00eda est\u00e9n matriculados o registrados en dicho pa\u00eds y que arbolen la bandera<\/li>\n<li>los productos del suelo o subsuelo marino fuera del mar territorial, siempre que este pa\u00eds ejerza, a efectos de explotaci\u00f3n, derechos exclusivos sobre este suelo o subsuelo<\/li>\n<li>los residuos y desechos que resulten de operaciones manufactureras y los art\u00edculos fuera de uso, con la reserva que hayan sido recogidos, y s\u00f3lo puedan servir para recuperar materias primas<\/li>\n<li>los que se obtienen exclusivamente a partir de las mercanc\u00edas mencionadas en los puntos (a) a (i) o de sus derivados, en el estadio que sea<\/li>\n<\/ul>\n<p>Una mercanc\u00eda en cuya producci\u00f3n han intervenido dos o m\u00e1s pa\u00edses adquiere el origen del pa\u00eds en el que se ha realizado la \u00faltima transformaci\u00f3n que re\u00fana las cuatro condiciones siguientes:<\/p>\n<ul>\n<li>transformaci\u00f3n u obraje sustancial: el producto transformado presenta propiedades o funciones propias y distintas a los productos usados en la transformaci\u00f3n<\/li>\n<li>transformaci\u00f3n econ\u00f3micamente justificada: transformaci\u00f3n que forma parte del proceso normal de producci\u00f3n<\/li>\n<li>transformaci\u00f3n realizada en una empresa equipada a tal efecto<\/li>\n<li>transformaci\u00f3n que ha desembocado en la fabricaci\u00f3n de un nuevo producto o que haya representado un estadio de fabricaci\u00f3n importante<\/li>\n<\/ul>\n<p>Aunque el certificado de origen no preferencial no presenta ninguna restituci\u00f3n o disminuci\u00f3n de los derechos aduaneros, en ciertos pa\u00edses terceros la presentaci\u00f3n de un certificado de origen andorrano facilita los tr\u00e1mites de importaci\u00f3n: el cliente se hace r\u00e1pidamente una idea de los controles sanitarios, de calidad y de seguridad a los que se ha sometido la mercanc\u00eda. Es una manera sencilla de atribuir a sus productos una imagen de marca.<\/p>\n<p>Si desea certificar sus productos, la C\u00e1mara de Comercio, Industria y Servicios de Andorra es la entidad autorizada por el Gobierno de Andorra a emitir los certificados de origen no preferencial. Cont\u00e1ctenos a gemma@ccis.ad y le informaremos del procedimiento a seguir.<\/p>\n<p><a href=\"http:\/\/www.ccis.ad\/wp-content\/uploads\/2017\/01\/certificat-origen-no-preferencial.pdf\" target=\"_blank\" rel=\"noopener\">Certificado de origen no preferencial<\/a><\/p>\n<h4>Origen preferencial<\/h4>\n<p>Se utiliza en los intercambios comerciales entre los terceros pa\u00edses que han firmado acuerdos de asociaci\u00f3n con la Comunidad. Su finalidad es favorecer los intercambios comerciales con estos pa\u00edses, mediante la reducci\u00f3n o la suspensi\u00f3n de los derechos a la importaci\u00f3n y de las restricciones cuantitativas.<\/p>\n<p>Este tipo de certificados son entregados \u00fanicamente por las autoridades aduaneras y necesitan una solicitud previa escrita. En este sentido, y dado que para determinar el origen preferencial de las mercanc\u00edas la Comunidad ha establecido unas reglas rigurosas y muy precisas, le recomendamos que si est\u00e1 interesado en certificar sus productos con certificados de origen preferencial, p\u00f3ngase en contacto con Aduana Andorrana (aduana.origen@andorra.ad &#8211; Sr. Josep Llu\u00eds Santur\u00e9).<\/p>\n<h3>Certificados: Legalizaci\u00f3n de facturas y documentos comerciales<\/h3>\n<p>En algunos casos, cuando se realiza una venta a determinados pa\u00edses, el comprador solicita que las facturas o documentos comerciales que la acompa\u00f1an sean autentificados por una C\u00e1mara de Comercio o por otra entidad competente.<\/p>\n<p><span style=\"color: #ffffff;\">.<\/span>[\/vc_column_text][vc_message]<strong>Nota:<\/strong> El presente contenido tiene un car\u00e1cter meramente informativo y no constituye ninguna base legal[\/vc_message][\/vc_column][\/vc_row]<\/p>\n<\/div>","protected":false},"excerpt":{"rendered":"<p>[vc_row][vc_column css=\u00bb.vc_custom_1483693371237{padding-top: 40px !important;}\u00bb][vc_column_text css=\u00bb\u00bb]La C\u00e1mara le ofrece la posibilidad de obtener varios tipos de certificaciones seg\u00fan sus necesidades: Certificados de origen El Principado de Andorra, respetando el Acuerdo de uni\u00f3n aduanera con la UE&#8230;<\/p>\n","protected":false},"author":52,"featured_media":35892,"parent":0,"menu_order":0,"comment_status":"closed","ping_status":"closed","template":"","meta":{"footnotes":""},"class_list":["post-42345","page","type-page","status-publish","has-post-thumbnail"],"_links":{"self":[{"href":"https:\/\/www.ccis.ad\/es\/wp-json\/wp\/v2\/pages\/42345","targetHints":{"allow":["GET"]}}],"collection":[{"href":"https:\/\/www.ccis.ad\/es\/wp-json\/wp\/v2\/pages"}],"about":[{"href":"https:\/\/www.ccis.ad\/es\/wp-json\/wp\/v2\/types\/page"}],"author":[{"embeddable":true,"href":"https:\/\/www.ccis.ad\/es\/wp-json\/wp\/v2\/users\/52"}],"replies":[{"embeddable":true,"href":"https:\/\/www.ccis.ad\/es\/wp-json\/wp\/v2\/comments?post=42345"}],"version-history":[{"count":11,"href":"https:\/\/www.ccis.ad\/es\/wp-json\/wp\/v2\/pages\/42345\/revisions"}],"predecessor-version":[{"id":47557,"href":"https:\/\/www.ccis.ad\/es\/wp-json\/wp\/v2\/pages\/42345\/revisions\/47557"}],"wp:featuredmedia":[{"embeddable":true,"href":"https:\/\/www.ccis.ad\/es\/wp-json\/wp\/v2\/media\/35892"}],"wp:attachment":[{"href":"https:\/\/www.ccis.ad\/es\/wp-json\/wp\/v2\/media?parent=42345"}],"curies":[{"name":"wp","href":"https:\/\/api.w.org\/{rel}","templated":true}]}}