{"id":42328,"date":"2023-03-24T15:58:26","date_gmt":"2023-03-24T15:58:26","guid":{"rendered":"https:\/\/www.ccis.ad\/asesoramiento-tecnico\/"},"modified":"2023-03-24T15:58:39","modified_gmt":"2023-03-24T15:58:39","slug":"asesoramiento-tecnico","status":"publish","type":"page","link":"https:\/\/www.ccis.ad\/es\/asesoramiento-tecnico\/","title":{"rendered":"Asesoramiento t\u00e9cnico"},"content":{"rendered":"<div class=\"wpb-content-wrapper\"><p>[vc_row][vc_column css=\u00bb.vc_custom_1483693371237{padding-top: 40px !important;}\u00bb][vc_column_text]El asesoramiento individual ofrece al peque\u00f1o y medio comercio informaci\u00f3n, propuestas y posibles soluciones a las dudas y consultas sobre la gesti\u00f3n diaria de su establecimiento, orienta sobre estrategias y competitividad, aconseja sobre el mejor aprovechamiento del comercio, sobre la fidelizaci\u00f3n de los clientes y, en definitiva, c\u00f3mo adecuarse a las nuevas necesidades del mercado.<\/p>\n<p>Este Servicio se enmarca dentro del proyecto de Plan de mejora del comercio de Andorra impulsado por el Ministerio de Econom\u00eda y que tiene como objetivo la mejora continua del comercio de Andorra y asegurar que el comercio conserve el papel natural de motor de crecimiento de la econom\u00eda andorrana.<\/p>\n<p>Est\u00e1 destinado a las empresas que no dispongan de m\u00e1s de 20 empleados y consiste en el an\u00e1lisis del comercio y la emisi\u00f3n de un informe con las consideraciones y recomendaciones para mejorarlo.<\/p>\n<h3>El an\u00e1lisis del comercio incluye:<\/h3>\n<h4>An\u00e1lisis de los elementos f\u00edsicos exteriores e interiores del comercio<\/h4>\n<ul>\n<li>Ubicaci\u00f3n<\/li>\n<li>Fachada<\/li>\n<li>Letreros<\/li>\n<li>Posibles elementos arquitect\u00f3nicos perturbadores<\/li>\n<li>Logos<\/li>\n<li>Iluminaci\u00f3n,<\/li>\n<li>Decoraci\u00f3n,<\/li>\n<li>Imagen,<\/li>\n<li>Exposici\u00f3n y disponibilidad de los productos ofrecidos, circuito de compra, etc.<\/li>\n<\/ul>\n<h4>An\u00e1lisis del desarrollo del comercio<\/h4>\n<ul>\n<li>Atenci\u00f3n a los clientes<\/li>\n<li>Servicio<\/li>\n<li>Precios<\/li>\n<li>Relaci\u00f3n calidad\/precio<\/li>\n<li>Relaci\u00f3n y cumplimiento de objetivos con el p\u00fablico<\/li>\n<\/ul>\n<h4>An\u00e1lisis del mercado<\/h4>\n<ul>\n<li>Competencia<\/li>\n<li>Tendencias de mercado<\/li>\n<li>An\u00e1lisis de la gesti\u00f3n organizativa del negocio<\/li>\n<li>Organigrama<\/li>\n<li>Funciones<\/li>\n<li>Responsabilidades<\/li>\n<\/ul>\n<h4>Objetivos de esta iniciativa<\/h4>\n<ul>\n<li>Auto-reflexionar sobre el futuro del negocio<\/li>\n<li>Facilitar las herramientas adecuadas para aumentar la rentabilidad de todas las empresas peque\u00f1as y medianas comerciales de Andorra<\/li>\n<li>Competir con los mismos instrumentos que las mayores empresas<\/li>\n<li>Poder establecer pautas para la mejora continua de cara a conseguir el sello de calidad del Comercio de Andorra<\/li>\n<li>Proceso de an\u00e1lisis y recogida de datos e informe de asesoramiento t\u00e9cnico<\/li>\n<\/ul>\n<p>Todos los datos intercambiados con la empresa encargada del asesoramiento t\u00e9cnico individual, gozar\u00e1n de un tratamiento confidencial.<\/p>\n<p>El precio de este servicio es de 200.- \u20ac<\/p>\n<p>Subvencionado por Gobierno de Andorra[\/vc_column_text][vc_message]<strong>Nota:<\/strong> El presente contenido tiene un car\u00e1cter meramente informativo y no constituye ninguna base legal[\/vc_message][\/vc_column][\/vc_row]<\/p>\n<\/div>","protected":false},"excerpt":{"rendered":"<p>[vc_row][vc_column css=\u00bb.vc_custom_1483693371237{padding-top: 40px !important;}\u00bb][vc_column_text]El asesoramiento individual ofrece al peque\u00f1o y medio comercio informaci\u00f3n, propuestas y posibles soluciones a las dudas y consultas sobre la gesti\u00f3n diaria de su establecimiento, orienta sobre estrategias y competitividad, aconseja&#8230;<\/p>\n","protected":false},"author":52,"featured_media":0,"parent":0,"menu_order":0,"comment_status":"closed","ping_status":"closed","template":"","meta":{"footnotes":""},"class_list":["post-42328","page","type-page","status-publish"],"_links":{"self":[{"href":"https:\/\/www.ccis.ad\/es\/wp-json\/wp\/v2\/pages\/42328","targetHints":{"allow":["GET"]}}],"collection":[{"href":"https:\/\/www.ccis.ad\/es\/wp-json\/wp\/v2\/pages"}],"about":[{"href":"https:\/\/www.ccis.ad\/es\/wp-json\/wp\/v2\/types\/page"}],"author":[{"embeddable":true,"href":"https:\/\/www.ccis.ad\/es\/wp-json\/wp\/v2\/users\/52"}],"replies":[{"embeddable":true,"href":"https:\/\/www.ccis.ad\/es\/wp-json\/wp\/v2\/comments?post=42328"}],"version-history":[{"count":10,"href":"https:\/\/www.ccis.ad\/es\/wp-json\/wp\/v2\/pages\/42328\/revisions"}],"predecessor-version":[{"id":42468,"href":"https:\/\/www.ccis.ad\/es\/wp-json\/wp\/v2\/pages\/42328\/revisions\/42468"}],"wp:attachment":[{"href":"https:\/\/www.ccis.ad\/es\/wp-json\/wp\/v2\/media?parent=42328"}],"curies":[{"name":"wp","href":"https:\/\/api.w.org\/{rel}","templated":true}]}}