{"id":42318,"date":"2023-03-24T15:58:22","date_gmt":"2023-03-24T15:58:22","guid":{"rendered":"https:\/\/www.ccis.ad\/censo-de-la-camara\/"},"modified":"2026-01-08T15:57:20","modified_gmt":"2026-01-08T14:57:20","slug":"censo-de-la-camara","status":"publish","type":"page","link":"https:\/\/www.ccis.ad\/es\/censo-de-la-camara\/","title":{"rendered":"Censo de la C\u00e1mara"},"content":{"rendered":"<div class=\"wpb-content-wrapper\"><p>[vc_row][vc_column css=\u00bb.vc_custom_1483693371237{padding-top: 40px !important;}\u00bb][vc_column_text css=\u00bb\u00bb]<\/p>\n<p class=\"p1\"><span class=\"s1\">El Censo es la base de datos empresarial de la Cambra que contiene informaci\u00f3n de m\u00e1s de 10.000 registros de comercio dados de alta en nuestro Pa\u00eds.<\/span><\/p>\n<h3 class=\"p1\"><span class=\"s1\">SOLICITUD Y OBTENCI\u00d3N DE LISTADOS\/BASES DE DATOS<\/span><\/h3>\n<p class=\"p1\">Si est\u00e1 interesado en obtener un listado o base de datos, puede solicitarlo <strong><a href=\"https:\/\/formularicens.ccis.ad\/\">rellenando este formulario<\/a>.<br \/>\n<\/strong>Para cualquier consulta previa, puede contactar con Pepita L\u00f3pez a <a href=\"mailto:pepita@ccis.ad\">pepita@ccis.ad<\/a>.<strong><br \/>\n<\/strong><\/p>\n<h4 class=\"p1\"><span class=\"s1\">TARIFAS<\/span><\/h4>\n<h5 class=\"p1\"><span class=\"s1\">Listado tipo A (impreso) <\/span><\/h5>\n<p class=\"p1\"><span class=\"s1\">Raz\u00f3n social, direcci\u00f3n, tel\u00e9fono, fax, direcci\u00f3n web, e-mail y persona de contacto.<\/span><\/p>\n<h6 class=\"p1\"><span class=\"s1\">Precio<\/span><\/h6>\n<ul>\n<li class=\"p1\"><span class=\"s1\">Listado hasta 50 direcciones: 18 \u20ac (precio m\u00ednimo)<\/span><\/li>\n<li class=\"p1\"><span class=\"s1\">A partir de 50 direcciones: 0,18\u20ac por direcci\u00f3n suplementaria.<\/span><\/li>\n<\/ul>\n<p class=\"p1\"><span style=\"color: #ffffff;\">.<\/span><\/p>\n<h5 class=\"p1\"><span class=\"s1\">Listado tipo B (base de datos)<\/span><\/h5>\n<p class=\"p1\"><span class=\"s1\">Raz\u00f3n social, direcci\u00f3n, tel\u00e9fono, fax, direcci\u00f3n web, e-mail, persona de contacto, superficie, n\u00famero de empleados, n\u00famero de habitaciones (hoteles) y actividad principal.<\/span><\/p>\n<h6 class=\"p1\"><span class=\"s1\">Precio<\/span><\/h6>\n<ul>\n<li class=\"p1\"><span class=\"s1\">Bds hasta 50 direcciones: 20 \u20ac (precio m\u00ednimo)<\/span><\/li>\n<li class=\"p1\"><span class=\"s1\">A partir de 50 direcciones: 0,20 \u20ac por direcci\u00f3n suplementaria<\/span><\/li>\n<\/ul>\n<p class=\"p1\"><span style=\"color: #ffffff;\">.<\/span><\/p>\n<h5 class=\"p1\"><span class=\"s1\">Listado tipo C (ficha empresa)<\/span><\/h5>\n<p class=\"p1\"><span class=\"s1\">Raz\u00f3n social, direcci\u00f3n, tel\u00e9fono, fax, direcci\u00f3n web, e-mail, persona de contacto, titular, direcci\u00f3n de correspondencia, superficie, n\u00famero de empleados, actividad principal y secundaria, sector econ\u00f3mico, marcas productos y\/o servicios, idioma de correspondencia&#8230;<\/span><\/p>\n<h6 class=\"p1\"><span class=\"s1\">Precio<\/span><\/h6>\n<ul>\n<li class=\"p1\"><span class=\"s1\">1 ficha = 1,50 \u20ac<\/span><\/li>\n<li class=\"p1\"><span class=\"s1\">Hasta 50 fichas: 35 \u20ac (precio m\u00ednimo)<\/span><\/li>\n<li class=\"p2\"><span class=\"s5\">A partir de 50 fichas: 0,35 \u20ac por ficha suplementaria<\/span><\/li>\n<\/ul>\n<p>&nbsp;<\/p>\n<h5>Certificados de empresas<\/h5>\n<p>Si necesita un certificado de su empresa, como tal est\u00e1 inscrita el Censo de la Cambra, p\u00f3ngase en contacto con nosotros y le informaremos del procedimiento a seguir para obtener la certificaci\u00f3n.<\/p>\n<h6>Precio<\/h6>\n<ul>\n<li>Certificaci\u00f3n: 16 \u20ac<\/li>\n<\/ul>\n<p><span style=\"color: #ffffff;\">.<\/span>[\/vc_column_text][\/vc_column][\/vc_row]<\/p>\n<\/div>","protected":false},"excerpt":{"rendered":"<p>[vc_row][vc_column css=\u00bb.vc_custom_1483693371237{padding-top: 40px !important;}\u00bb][vc_column_text css=\u00bb\u00bb] El Censo es la base de datos empresarial de la Cambra que contiene informaci\u00f3n de m\u00e1s de 10.000 registros de comercio dados de alta en nuestro Pa\u00eds. SOLICITUD Y OBTENCI\u00d3N&#8230;<\/p>\n","protected":false},"author":52,"featured_media":35513,"parent":0,"menu_order":0,"comment_status":"closed","ping_status":"closed","template":"","meta":{"footnotes":""},"class_list":["post-42318","page","type-page","status-publish","has-post-thumbnail"],"_links":{"self":[{"href":"https:\/\/www.ccis.ad\/es\/wp-json\/wp\/v2\/pages\/42318","targetHints":{"allow":["GET"]}}],"collection":[{"href":"https:\/\/www.ccis.ad\/es\/wp-json\/wp\/v2\/pages"}],"about":[{"href":"https:\/\/www.ccis.ad\/es\/wp-json\/wp\/v2\/types\/page"}],"author":[{"embeddable":true,"href":"https:\/\/www.ccis.ad\/es\/wp-json\/wp\/v2\/users\/52"}],"replies":[{"embeddable":true,"href":"https:\/\/www.ccis.ad\/es\/wp-json\/wp\/v2\/comments?post=42318"}],"version-history":[{"count":8,"href":"https:\/\/www.ccis.ad\/es\/wp-json\/wp\/v2\/pages\/42318\/revisions"}],"predecessor-version":[{"id":48140,"href":"https:\/\/www.ccis.ad\/es\/wp-json\/wp\/v2\/pages\/42318\/revisions\/48140"}],"wp:featuredmedia":[{"embeddable":true,"href":"https:\/\/www.ccis.ad\/es\/wp-json\/wp\/v2\/media\/35513"}],"wp:attachment":[{"href":"https:\/\/www.ccis.ad\/es\/wp-json\/wp\/v2\/media?parent=42318"}],"curies":[{"name":"wp","href":"https:\/\/api.w.org\/{rel}","templated":true}]}}