{"id":42238,"date":"2023-03-24T15:58:08","date_gmt":"2023-03-24T15:58:08","guid":{"rendered":"https:\/\/www.ccis.ad\/estrategia\/"},"modified":"2023-03-24T15:58:10","modified_gmt":"2023-03-24T15:58:10","slug":"estrategia","status":"publish","type":"page","link":"https:\/\/www.ccis.ad\/es\/estrategia\/","title":{"rendered":"Estrategia"},"content":{"rendered":"<div class=\"wpb-content-wrapper\"><p>[vc_row][vc_column][vc_column_text]Las l\u00edneas de actuaci\u00f3n de la C\u00e1mara para los pr\u00f3ximos a\u00f1os se centran en ser una instituci\u00f3n de referencia en la reflexi\u00f3n estrat\u00e9gica a largo plazo, dar respuesta a los retos del pa\u00eds y contribuir, as\u00ed, a un modelo econ\u00f3mico que genere dinamismo y nuevas f\u00f3rmulas de actividad empresarial:<\/p>\n<p><span style=\"color: #ffffff;\">.<\/span>[\/vc_column_text][\/vc_column][\/vc_row][vc_row css=\u00bb.vc_custom_1638788854045{padding-right: 20px !important;padding-left: 20px !important;}\u00bb][vc_column width=\u00bb1\/2&#8243;][vc_row_inner][vc_column_inner width=\u00bb1\/6&#8243;]<div class=\"gem-icon gem-icon-pack-material gem-icon-size-medium  gem-icon-shape-square gem-simple-icon \"  style=\"opacity: 1;\"><div class=\"gem-icon-inner\" style=\"\"><span class=\"gem-icon-half-1\" style=\"color: #1463a8;\"><span class=\"back-angle\">&#xf1fe;<\/span><\/span><span class=\"gem-icon-half-2\" style=\"color: #1463a8;\"><span class=\"back-angle\">&#xf1fe;<\/span><\/span><\/div><\/div>[\/vc_column_inner][vc_column_inner width=\u00bb5\/6&#8243;][vc_column_text]<\/p>\n<h5>APERTURA Y DIVERSIFICACI\u00d3N ECON\u00d3MICA<\/h5>\n<p>Contribuir a promover el acceso y la creaci\u00f3n de nuevos sectores de actividad econ\u00f3mica a trav\u00e9s de la propuesta y la consecuci\u00f3n de iniciativas favorables a tal fin.[\/vc_column_text][\/vc_column_inner][\/vc_row_inner][\/vc_column][vc_column width=\u00bb1\/2&#8243;][vc_row_inner][vc_column_inner width=\u00bb1\/6&#8243;]<div class=\"gem-icon gem-icon-pack-material gem-icon-size-medium  gem-icon-shape-square gem-simple-icon \"  style=\"opacity: 1;\"><div class=\"gem-icon-inner\" style=\"\"><span class=\"gem-icon-half-1\" style=\"color: #1463a8;\"><span class=\"back-angle\">&#xf1fe;<\/span><\/span><span class=\"gem-icon-half-2\" style=\"color: #1463a8;\"><span class=\"back-angle\">&#xf1fe;<\/span><\/span><\/div><\/div>[\/vc_column_inner][vc_column_inner width=\u00bb5\/6&#8243;][vc_column_text]<\/p>\n<h5>MEJORA Y AMPLIACI\u00d3N DE LAS INFRAESTRUCTURAS DE COMUNICACIONES<\/h5>\n<p>La mejora y ampliaci\u00f3n de las infraestructuras de comunicaciones se convierte en un punto esencial para mantener la competitividad y el dinamismo econ\u00f3mico de Andorra. La C\u00e1mara aporta elementos de debate a la planificaci\u00f3n estrat\u00e9gica del territorio, dado que el papel de las infraestructuras de comunicaci\u00f3n es una cuesti\u00f3n central en el an\u00e1lisis y la planificaci\u00f3n del desarrollo econ\u00f3mico del pa\u00eds.[\/vc_column_text][\/vc_column_inner][\/vc_row_inner][\/vc_column][\/vc_row][vc_row css=\u00bb.vc_custom_1638788854045{padding-right: 20px !important;padding-left: 20px !important;}\u00bb][vc_column width=\u00bb1\/2&#8243;][vc_row_inner][vc_column_inner width=\u00bb1\/6&#8243;]<div class=\"gem-icon gem-icon-pack-material gem-icon-size-medium  gem-icon-shape-square gem-simple-icon \"  style=\"opacity: 1;\"><div class=\"gem-icon-inner\" style=\"\"><span class=\"gem-icon-half-1\" style=\"color: #1463a8;\"><span class=\"back-angle\">&#xf1fe;<\/span><\/span><span class=\"gem-icon-half-2\" style=\"color: #1463a8;\"><span class=\"back-angle\">&#xf1fe;<\/span><\/span><\/div><\/div>[\/vc_column_inner][vc_column_inner width=\u00bb5\/6&#8243;][vc_column_text]<\/p>\n<h5>EVOLUCI\u00d3N DEL MODELO TUR\u00cdSTICO Y COMERCIAL<\/h5>\n<p>Andorra tiene grandes activos, que son los que permitir\u00e1n ampliar a nuestro p\u00fablico objetivo y conseguir un turismo centrado en la promoci\u00f3n de la naturaleza, el bienestar, el deporte, la cultura y la seguridad. Nuestro objetivo es incentivar una evoluci\u00f3n del modelo tur\u00edstico y comercial hacia la sostenibilidad y la diferenciaci\u00f3n, y que aporte un mayor valor a\u00f1adido.[\/vc_column_text][\/vc_column_inner][\/vc_row_inner][\/vc_column][vc_column width=\u00bb1\/2&#8243;][vc_row_inner][vc_column_inner width=\u00bb1\/6&#8243;]<div class=\"gem-icon gem-icon-pack-material gem-icon-size-medium  gem-icon-shape-square gem-simple-icon \"  style=\"opacity: 1;\"><div class=\"gem-icon-inner\" style=\"\"><span class=\"gem-icon-half-1\" style=\"color: #1463a8;\"><span class=\"back-angle\">&#xf1fe;<\/span><\/span><span class=\"gem-icon-half-2\" style=\"color: #1463a8;\"><span class=\"back-angle\">&#xf1fe;<\/span><\/span><\/div><\/div>[\/vc_column_inner][vc_column_inner width=\u00bb5\/6&#8243;][vc_column_text]<\/p>\n<h5>IMPACTO DEL ACUERDO DE ASOCIACI\u00d3N DE LA UE EN LAS EMPRESAS<\/h5>\n<p>Forma parte de nuestra responsabilidad como \u00f3rgano consultivo analizar y realizar las recomendaciones necesarias para ayudar a que el futuro acuerdo de asociaci\u00f3n con la UE aporte beneficios tangibles para el pa\u00eds.[\/vc_column_text][\/vc_column_inner][\/vc_row_inner][\/vc_column][\/vc_row][vc_row css=\u00bb.vc_custom_1638788854045{padding-right: 20px !important;padding-left: 20px !important;}\u00bb][vc_column width=\u00bb1\/2&#8243;][vc_row_inner][vc_column_inner width=\u00bb1\/6&#8243;]<div class=\"gem-icon gem-icon-pack-material gem-icon-size-medium  gem-icon-shape-square gem-simple-icon \"  style=\"opacity: 1;\"><div class=\"gem-icon-inner\" style=\"\"><span class=\"gem-icon-half-1\" style=\"color: #1463a8;\"><span class=\"back-angle\">&#xf1fe;<\/span><\/span><span class=\"gem-icon-half-2\" style=\"color: #1463a8;\"><span class=\"back-angle\">&#xf1fe;<\/span><\/span><\/div><\/div>[\/vc_column_inner][vc_column_inner width=\u00bb5\/6&#8243;][vc_column_text]<\/p>\n<h5>RETENCI\u00d3N, ATRACCI\u00d3N Y CAPACITACI\u00d3N DEL TALENTO<\/h5>\n<p>Como agente econ\u00f3mico y catalizador de actividad, tenemos un papel proactivo para ayudar a consolidar la implantaci\u00f3n del talento en Andorra. Por este motivo, nuestro objetivo es promover programas para captar, desarrollar y retener el talento en las empresas.[\/vc_column_text][\/vc_column_inner][\/vc_row_inner][\/vc_column][vc_column width=\u00bb1\/2&#8243;][vc_row_inner][vc_column_inner width=\u00bb1\/6&#8243;]<div class=\"gem-icon gem-icon-pack-material gem-icon-size-medium  gem-icon-shape-square gem-simple-icon \"  style=\"opacity: 1;\"><div class=\"gem-icon-inner\" style=\"\"><span class=\"gem-icon-half-1\" style=\"color: #1463a8;\"><span class=\"back-angle\">&#xf1fe;<\/span><\/span><span class=\"gem-icon-half-2\" style=\"color: #1463a8;\"><span class=\"back-angle\">&#xf1fe;<\/span><\/span><\/div><\/div>[\/vc_column_inner][vc_column_inner width=\u00bb5\/6&#8243;][vc_column_text]<\/p>\n<h5>PROMOCI\u00d3N ECON\u00d3MICA DE ANDORRA EN EL EXTRANJERO<\/h5>\n<p>Queremos promover el pa\u00eds a nivel internacional a trav\u00e9s de la asistencia a foros que ayuden a establecer nuevas conexiones empresariales, mejorar las relaciones exteriores y promover la dinamizaci\u00f3n econ\u00f3mica internacional.[\/vc_column_text][\/vc_column_inner][\/vc_row_inner][\/vc_column][\/vc_row][vc_row css=\u00bb.vc_custom_1638788854045{padding-right: 20px !important;padding-left: 20px !important;}\u00bb][vc_column width=\u00bb1\/2&#8243;][vc_row_inner][vc_column_inner width=\u00bb1\/6&#8243;]<div class=\"gem-icon gem-icon-pack-material gem-icon-size-medium  gem-icon-shape-square gem-simple-icon \"  style=\"opacity: 1;\"><div class=\"gem-icon-inner\" style=\"\"><span class=\"gem-icon-half-1\" style=\"color: #1463a8;\"><span class=\"back-angle\">&#xf1fe;<\/span><\/span><span class=\"gem-icon-half-2\" style=\"color: #1463a8;\"><span class=\"back-angle\">&#xf1fe;<\/span><\/span><\/div><\/div>[\/vc_column_inner][vc_column_inner width=\u00bb5\/6&#8243;][vc_column_text]<\/p>\n<h5>INNOVACI\u00d3N Y TRANSFORMACI\u00d3N DIGITAL EN LAS EMPRESAS<\/h5>\n<p>Nuestro objetivo es ayudar al conjunto del tejido empresarial a alcanzar un nivel de madurez digital \u00f3ptimo, a trav\u00e9s de proyectos y formaciones para convertirse en m\u00e1s competitivos.[\/vc_column_text][\/vc_column_inner][\/vc_row_inner][\/vc_column][vc_column width=\u00bb1\/2&#8243;][vc_row_inner][vc_column_inner width=\u00bb1\/6&#8243;]<div class=\"gem-icon gem-icon-pack-material gem-icon-size-medium  gem-icon-shape-square gem-simple-icon \"  style=\"opacity: 1;\"><div class=\"gem-icon-inner\" style=\"\"><span class=\"gem-icon-half-1\" style=\"color: #1463a8;\"><span class=\"back-angle\">&#xf1fe;<\/span><\/span><span class=\"gem-icon-half-2\" style=\"color: #1463a8;\"><span class=\"back-angle\">&#xf1fe;<\/span><\/span><\/div><\/div>[\/vc_column_inner][vc_column_inner width=\u00bb5\/6&#8243;][vc_column_text]<\/p>\n<h5>ECONOM\u00cdA SOSTENIBLE Y CIRCULAR<\/h5>\n<p>Promovemos el modelo de econom\u00eda sostenible y la incorporaci\u00f3n de criterios de sostenibilidad a trav\u00e9s de la creaci\u00f3n de programas y formaciones espec\u00edficas en este \u00e1mbito, siempre teniendo en cuenta los Objetivos de Desarrollo Sostenible de Naciones Unidas.[\/vc_column_text][\/vc_column_inner][\/vc_row_inner][\/vc_column][\/vc_row][vc_row css=\u00bb.vc_custom_1638788854045{padding-right: 20px !important;padding-left: 20px !important;}\u00bb][vc_column width=\u00bb1\/2&#8243;][vc_row_inner][vc_column_inner width=\u00bb1\/6&#8243;]<div class=\"gem-icon gem-icon-pack-material gem-icon-size-medium  gem-icon-shape-square gem-simple-icon \"  style=\"opacity: 1;\"><div class=\"gem-icon-inner\" style=\"\"><span class=\"gem-icon-half-1\" style=\"color: #1463a8;\"><span class=\"back-angle\">&#xf1fe;<\/span><\/span><span class=\"gem-icon-half-2\" style=\"color: #1463a8;\"><span class=\"back-angle\">&#xf1fe;<\/span><\/span><\/div><\/div>[\/vc_column_inner][vc_column_inner width=\u00bb5\/6&#8243;][vc_column_text]<\/p>\n<h5>RESOLUCI\u00d3N DE CONFLICTOS EMPRESARIALES<\/h5>\n<p>Promovemos sistemas de resoluci\u00f3n de conflictos empresariales alternativos en los tribunales de justicia, con el fin de resolverlos con flexibilidad, imparcialidad y eficiencia.[\/vc_column_text][\/vc_column_inner][\/vc_row_inner][\/vc_column][vc_column width=\u00bb1\/2&#8243;][\/vc_column][\/vc_row]<\/p>\n<\/div>","protected":false},"excerpt":{"rendered":"<p>[vc_row][vc_column][vc_column_text]Las l\u00edneas de actuaci\u00f3n de la C\u00e1mara para los pr\u00f3ximos a\u00f1os se centran en ser una instituci\u00f3n de referencia en la reflexi\u00f3n estrat\u00e9gica a largo plazo, dar respuesta a los retos del pa\u00eds y contribuir,&#8230;<\/p>\n","protected":false},"author":52,"featured_media":0,"parent":0,"menu_order":0,"comment_status":"closed","ping_status":"closed","template":"","meta":{"footnotes":""},"class_list":["post-42238","page","type-page","status-publish"],"_links":{"self":[{"href":"https:\/\/www.ccis.ad\/es\/wp-json\/wp\/v2\/pages\/42238","targetHints":{"allow":["GET"]}}],"collection":[{"href":"https:\/\/www.ccis.ad\/es\/wp-json\/wp\/v2\/pages"}],"about":[{"href":"https:\/\/www.ccis.ad\/es\/wp-json\/wp\/v2\/types\/page"}],"author":[{"embeddable":true,"href":"https:\/\/www.ccis.ad\/es\/wp-json\/wp\/v2\/users\/52"}],"replies":[{"embeddable":true,"href":"https:\/\/www.ccis.ad\/es\/wp-json\/wp\/v2\/comments?post=42238"}],"version-history":[{"count":1,"href":"https:\/\/www.ccis.ad\/es\/wp-json\/wp\/v2\/pages\/42238\/revisions"}],"predecessor-version":[{"id":42280,"href":"https:\/\/www.ccis.ad\/es\/wp-json\/wp\/v2\/pages\/42238\/revisions\/42280"}],"wp:attachment":[{"href":"https:\/\/www.ccis.ad\/es\/wp-json\/wp\/v2\/media?parent=42238"}],"curies":[{"name":"wp","href":"https:\/\/api.w.org\/{rel}","templated":true}]}}