{"id":42181,"date":"2023-03-24T15:58:05","date_gmt":"2023-03-24T15:58:05","guid":{"rendered":"https:\/\/www.ccis.ad\/propositos-y-valores\/"},"modified":"2023-05-15T14:49:29","modified_gmt":"2023-05-15T13:49:29","slug":"propositos-y-valores","status":"publish","type":"page","link":"https:\/\/www.ccis.ad\/es\/propositos-y-valores\/","title":{"rendered":"Prop\u00f3sitos y Valores"},"content":{"rendered":"<div class=\"wpb-content-wrapper\"><p>[vc_row css=\u00bb.vc_custom_1640794007468{margin-right: 20px !important;margin-left: 20px !important;}\u00bb][vc_column][vc_empty_space][vc_column_text]<\/p>\n<p style=\"text-align: justify;\"><em>\u00abNuestro prop\u00f3sito es acompa\u00f1ar a las empresas en el camino de la <strong>competitividad, la sostenibilidad y la resiliencia<\/strong> , trabajando por el bien com\u00fan, <strong>la dinamizaci\u00f3n econ\u00f3mica y el progreso del pa\u00eds. <\/strong>Adem\u00e1s, queremos contribuir a la reflexi\u00f3n estrat\u00e9gica en el <strong>dise\u00f1o de un nuevo modelo econ\u00f3mico<\/strong> a largo plazo, que consolide a Andorra como pa\u00eds de referencia en el \u00e1mbito del turismo, la innovaci\u00f3n, la tecnolog\u00eda y la inversi\u00f3n.\u00bb<\/em><\/p>\n<p>&nbsp;<\/p>\n<p style=\"text-align: right;\">C\u00e1mara de Comercio, Industria y Servicios de Andorra<\/p>\n<p>[\/vc_column_text][\/vc_column][\/vc_row][vc_row gap=\u00bb25&#8243; equal_height=\u00bbyes\u00bb css=\u00bb.vc_custom_1640765076700{margin-right: 20px !important;margin-left: 20px !important;}\u00bb mobile_margin_left=\u00bb0&#8243; mobile_margin_right=\u00bb0&#8243;][vc_column width=\u00bb1\/2&#8243; css_animation=\u00bbfadeIn\u00bb css=\u00bb.vc_custom_1634716926680{padding-right: 55px !important;padding-bottom: 60px !important;padding-left: 55px !important;background-color: #1878c5 !important;}\u00bb]<div class=\"clearboth\"><\/div><style>#thegem-divider-69ea2034543c8 {margin-top: 40px !important;}<\/style><div id=\"thegem-divider-69ea2034543c8\" class=\"gem-divider  \" style=\"\" ><\/div>[vc_column_text]<\/p>\n<h3 style=\"text-align: left;\"><span class=\"light\" style=\"color: #ffffff;\">REPRESENTATIVA<\/span><\/h3>\n<p>[\/vc_column_text][vc_column_text]<\/p>\n<h5 style=\"text-align: left;\"><span style=\"color: #ff9900;\">DE TODAS LAS EMPRESAS<br \/>\nDE TODOS LOS SECTORES<\/span><\/h5>\n<p>[\/vc_column_text][\/vc_column][vc_column width=\u00bb1\/2&#8243; css_animation=\u00bbfadeIn\u00bb css=\u00bb.vc_custom_1634716997517{padding-right: 55px !important;padding-bottom: 60px !important;padding-left: 55px !important;background-color: #1463a8 !important;}\u00bb]<div class=\"clearboth\"><\/div><style>#thegem-divider-69ea203454444 {margin-top: 40px !important;}<\/style><div id=\"thegem-divider-69ea203454444\" class=\"gem-divider  \" style=\"\" ><\/div>[vc_column_text]<\/p>\n<h3><span class=\"light\" style=\"color: #ffffff;\">ACCESIBLE, PR\u00d3XIMA Y DIALOGANTE<\/span><\/h3>\n<p>[\/vc_column_text][vc_column_text]<\/p>\n<h5><span style=\"color: #ff9900;\">HACEMOS ESCUCHA ACTIVA<\/span><\/h5>\n<p>[\/vc_column_text][\/vc_column][\/vc_row][vc_row gap=\u00bb25&#8243; equal_height=\u00bbyes\u00bb css=\u00bb.vc_custom_1640765104951{margin-right: 20px !important;margin-left: 20px !important;}\u00bb mobile_margin_left=\u00bb0&#8243; mobile_margin_right=\u00bb0&#8243;][vc_column width=\u00bb1\/3&#8243; css_animation=\u00bbfadeIn\u00bb css=\u00bb.vc_custom_1634716926680{padding-right: 55px !important;padding-bottom: 60px !important;padding-left: 55px !important;background-color: #1878c5 !important;}\u00bb]<div class=\"clearboth\"><\/div><style>#thegem-divider-69ea203454480 {margin-top: 40px !important;}<\/style><div id=\"thegem-divider-69ea203454480\" class=\"gem-divider  \" style=\"\" ><\/div>[vc_column_text]<\/p>\n<h3><span class=\"light\" style=\"color: #ffffff;\">CATALIZADORA<\/span><\/h3>\n<p>[\/vc_column_text][vc_column_text]<\/p>\n<h5><span style=\"color: #ff9900;\">DE LA DINAMIZACI\u00d3N ECON\u00d3MICA Y EL PROGRESO<\/span><\/h5>\n<p>[\/vc_column_text][\/vc_column][vc_column width=\u00bb1\/3&#8243; css_animation=\u00bbfadeIn\u00bb css=\u00bb.vc_custom_1634716997517{padding-right: 55px !important;padding-bottom: 60px !important;padding-left: 55px !important;background-color: #1463a8 !important;}\u00bb]<div class=\"clearboth\"><\/div><style>#thegem-divider-69ea2034544ba {margin-top: 40px !important;}<\/style><div id=\"thegem-divider-69ea2034544ba\" class=\"gem-divider  \" style=\"\" ><\/div>[vc_column_text]<\/p>\n<h3><span class=\"light\" style=\"color: #ffffff;\">INDEPENDIENTE<\/span><\/h3>\n<p>[\/vc_column_text][vc_column_text]<\/p>\n<h5><span style=\"color: #ff9900;\">SOMOS UNA INSTITUCI\u00d3N AUT\u00d3NOMA AL SERVICIO DEL TEJIDO EMPRESARIAL<\/span><\/h5>\n<p>[\/vc_column_text][\/vc_column][vc_column width=\u00bb1\/3&#8243; css_animation=\u00bbfadeIn\u00bb css=\u00bb.vc_custom_1640708821940{padding-right: 55px !important;padding-bottom: 60px !important;padding-left: 55px !important;background-color: #1e73be !important;}\u00bb]<div class=\"clearboth\"><\/div><style>#thegem-divider-69ea2034544ea {margin-top: 40px !important;}<\/style><div id=\"thegem-divider-69ea2034544ea\" class=\"gem-divider  \" style=\"\" ><\/div>[vc_column_text]<\/p>\n<h3><span class=\"light\" style=\"color: #ffffff;\">OBSERVANZA<\/span><\/h3>\n<p>[\/vc_column_text][vc_column_text]<\/p>\n<h5><span style=\"color: #ff9900;\">VELAR POR LA TRANSPARENCIA Y LA COMPETENCIA LEAL<\/span><\/h5>\n<p>[\/vc_column_text][\/vc_column][\/vc_row][vc_row css=\u00bb.vc_custom_1640794007468{margin-right: 20px !important;margin-left: 20px !important;}\u00bb][vc_column][vc_empty_space][vc_column_text]<\/p>\n<p style=\"text-align: justify;\">Somos la instituci\u00f3n <strong>representativa<\/strong> de todas las empresas y sectores; <strong>accesible<\/strong>, <strong>cercana y dialogante;<\/strong>\u00a0<strong>independiente<\/strong> y catalizadora de la dinamizaci\u00f3n econ\u00f3mica y del progreso del pa\u00eds, con el fin de velar por <strong>la transparencia y la competitividad leal<\/strong> entre las empresas andorranas.<\/p>\n<p style=\"text-align: justify;\">Somos la voz de la empresa. Representamos y defendemos los intereses de todos los sectores de actividad empresarial y ofrecemos servicios para cubrir las necesidades de aut\u00f3nomos, PYME y grandes empresas.<\/p>\n<p style=\"text-align: justify;\">Escuchamos, entendemos y actuamos para apoyar a la empresa. Trabajamos con visi\u00f3n y estrategia para ayudar a progresar nuestro pa\u00eds con acciones centradas en la competitividad y la dinamizaci\u00f3n econ\u00f3mica.<\/p>\n<p style=\"text-align: justify;\">Somos observadores de todo lo que merece ser estudiado, con el objetivo de impulsar las mejores pr\u00e1cticas, la transparencia y la competencia leal.<\/p>\n<p>[\/vc_column_text][\/vc_column][\/vc_row]<\/p>\n<\/div>","protected":false},"excerpt":{"rendered":"<p>[vc_row css=\u00bb.vc_custom_1640794007468{margin-right: 20px !important;margin-left: 20px !important;}\u00bb][vc_column][vc_empty_space][vc_column_text] \u00abNuestro prop\u00f3sito es acompa\u00f1ar a las empresas en el camino de la competitividad, la sostenibilidad y la resiliencia , trabajando por el bien com\u00fan, la dinamizaci\u00f3n econ\u00f3mica y el&#8230;<\/p>\n","protected":false},"author":52,"featured_media":0,"parent":0,"menu_order":0,"comment_status":"closed","ping_status":"closed","template":"","meta":{"footnotes":""},"class_list":["post-42181","page","type-page","status-publish"],"_links":{"self":[{"href":"https:\/\/www.ccis.ad\/es\/wp-json\/wp\/v2\/pages\/42181","targetHints":{"allow":["GET"]}}],"collection":[{"href":"https:\/\/www.ccis.ad\/es\/wp-json\/wp\/v2\/pages"}],"about":[{"href":"https:\/\/www.ccis.ad\/es\/wp-json\/wp\/v2\/types\/page"}],"author":[{"embeddable":true,"href":"https:\/\/www.ccis.ad\/es\/wp-json\/wp\/v2\/users\/52"}],"replies":[{"embeddable":true,"href":"https:\/\/www.ccis.ad\/es\/wp-json\/wp\/v2\/comments?post=42181"}],"version-history":[{"count":2,"href":"https:\/\/www.ccis.ad\/es\/wp-json\/wp\/v2\/pages\/42181\/revisions"}],"predecessor-version":[{"id":43099,"href":"https:\/\/www.ccis.ad\/es\/wp-json\/wp\/v2\/pages\/42181\/revisions\/43099"}],"wp:attachment":[{"href":"https:\/\/www.ccis.ad\/es\/wp-json\/wp\/v2\/media?parent=42181"}],"curies":[{"name":"wp","href":"https:\/\/api.w.org\/{rel}","templated":true}]}}