{"id":42149,"date":"2023-03-24T15:58:03","date_gmt":"2023-03-24T15:58:03","guid":{"rendered":"https:\/\/www.ccis.ad\/gobernanza-y-normativa\/"},"modified":"2024-04-17T12:28:58","modified_gmt":"2024-04-17T10:28:58","slug":"gobernanza-y-normativa","status":"publish","type":"page","link":"https:\/\/www.ccis.ad\/es\/gobernanza-y-normativa\/","title":{"rendered":"Gobernanza y Normativa"},"content":{"rendered":"<div class=\"wpb-content-wrapper\"><p>[vc_row][vc_column width=\u00bb1\/4&#8243;][vc_single_image image=\u00bb43545&#8243; img_size=\u00bbfull\u00bb][\/vc_column][vc_column width=\u00bb3\/4&#8243;][vc_column_text]De acuerdo con el Decreto legislativo de 5-12-2008 sobre la Ley de la C\u00e1mara de Comercio, Industria y Servicios de Andorra, los \u00f3rganos de gobierno de la C\u00e1mara son el Pleno, el Comit\u00e9 Ejecutivo y el presidente.<\/p>\n<p>&nbsp;<\/p>\n<h4><strong>Presidente de la C\u00e1mara<\/strong><\/h4>\n<p>Josep Maria Mas ha estado vinculado a la C\u00e1mara desde 2009 como tesorero, miembro del Comit\u00e9 y de la Comisi\u00f3n de Comercio. Su trayectoria profesional est\u00e1 ligada a la direcci\u00f3n de un grupo familiar andorrano del sector del comercio al por menor y la alimentaci\u00f3n. Adem\u00e1s, fue consejero del Com\u00fa de Encamp en la legislatura de Jordi Torres.<\/p>\n<p><em>\u00abMi objetivo es seguir trabajando para el tejido empresarial del pa\u00eds, y hacerlo desde la perspectiva de \u00f3rgano consultivo de las administraciones p\u00fablicas y fortaleciendo la misi\u00f3n tradicional de la C\u00e1mara de diversificar la econom\u00eda andorrana y fomentar la competitividad del pa\u00eds .\u00bb<\/em><\/p>\n<p><span style=\"color: #ffffff;\">.<\/span>[\/vc_column_text][\/vc_column][\/vc_row][vc_row][vc_column css=\u00bb.vc_custom_1483693371237{padding-top: 40px !important;}\u00bb][vc_separator border_width=\u00bb10&#8243; css=\u00bb.vc_custom_1486475572322{padding-bottom: 30px !important;}\u00bb][vc_column_text]<\/p>\n<h4><strong>Comit\u00e9 Ejecutivo<\/strong><\/h4>\n<p><strong>Presidente:<\/strong> Sr. Josep M\u00aa MAS TORRES, MIT SA; <strong>Vicepresidente sector comercio:<\/strong> Sr. Ramon GINESTA JULI\u00c1N, SERVEI AERI ANDORR\u00c0 D&#8217;AVANGUARDA SL; <strong>Vicepresidente sector industria:<\/strong> Sr. Miquel PUJAL, CONSTRUCCIONS PUJAL; <strong>Vicepresidente servicios tur\u00edsticos:<\/strong> Sr. Ricard VICENS RODR\u00cdGUEZ, HOTEL COMA BELLA; <strong>Vicepresidente otros servicios:<\/strong> Sra. Esther PUIGCERC\u00d3S FONT, ANDORRA BANC AGR\u00cdCOL REIG SA; <strong>Tesorero:<\/strong> Sr. Joan ARDERIU SOLER, ORGANITZACI\u00d3, FORMACI\u00d3 I MANTENIMENT ARDERIU SLU; <strong>Tesorero adjunto:<\/strong> Carles VISENT GUITART, ESTACI\u00d3 ENCLAR CARBURANTS ANDORRA SA; <strong>Vocal:<\/strong> Sra. Merc\u00e8 ARDERIU HUIX, LIDERA, SL; Sr. Josep MAGALL\u00d3N TORN\u00c9, \u00a0TRANSPORT LOG\u00cdSTIC INTERNACIONAL VERD SL;<\/p>\n<p><span style=\"color: #ffffff;\">.<\/span>[\/vc_column_text][vc_separator border_width=\u00bb10&#8243; css=\u00bb.vc_custom_1486475572322{padding-bottom: 30px !important;}\u00bb][vc_column_text]<\/p>\n<h4><strong>Pleno<\/strong><\/h4>\n<h4>INDUSTRIA, 7 miembros<\/h4>\n<p>Sr. Francesc ZAMORA PUIGCERC\u00d3S, ECOTECNIC, SA; Sr. Josep M\u00aa MAS TORRES, MIT SA; Sr. Daniel ARMENGOL BOSCH, GRUP HERACLES CONSTRUCCI\u00d3 I OBRA P\u00daBLICA SLU; Sr. Miquel PUJAL LABORDA, CONSTRUCCIONS PUJAL SA; Sra. Gracia Mirell ROCA BOV\u00c9, PIDASA SERVEIS, SL; Sr. Lloren\u00e7 PICANYOL BULL\u00d3, EM-T ENGINYERIA I T\u00c8CNICS, SA; Sr. Jordi DUR\u00d3 ESPINETA, AGEFRED SERVEI, SA<\/p>\n<p><span style=\"color: #ffffff;\">.<\/span>[\/vc_column_text][vc_gallery type=\u00bbimage_grid\u00bb images=\u00bb26260,36970,26151,28489,26149,33077,28490&#8243; onclick=\u00bb\u00bb][vc_separator css=\u00bb.vc_custom_1487002904223{padding-bottom: 20px !important;}\u00bb][vc_column_text]<\/p>\n<h4>COMERCIO, 11 miembros<\/h4>\n<p>Sr. Carles SANSA CALL, H.R.C MOTOR, SLU; SR. Carles VISENT GUITART, ESTACI\u00d3 ENCLAR CARBURANTS ANDORRA SA; SR. Ramon GINESTA JULI\u00c1N, SERVEI AERI ANDORR\u00c0 D\u2019AVANTGUARDA SL; SR. Miquel ARMENGOL PONS, DISTRIBUCIONS L\u00c0CTIQUES SLU; Sra. Cristina TOR ARMENGOL, CELLER DEL PIRINEU; Sr. Ramon Maria OLIVA CUSCULLOLA, ALTA RIBA DISTRIBUCI\u00d3 SA; Sra. Meritxell MART\u00cd CASTANYER, FARM\u00c0CIA MERITXELL; SR. Enric CASABELLA TRIAS, T\u00c8CNIC ESPORT CAPE SL; SR. Joan ARDERIU SOLER, ORGANIZACI\u00d3, FORMACI\u00d3 I MANTENIMENT ARDERIU SLU; Sra. Rosa PONS SOLANS, SU\u00cfSSA, SLU; Sr. Jordi RIBA CASAL<\/p>\n<p><span style=\"color: #ffffff;\">.<\/span>[\/vc_column_text][vc_gallery type=\u00bbimage_grid\u00bb images=\u00bb28498,26150,28500,26155,26153,35828,26394,26149,26226,28501,37074&#8243; onclick=\u00bb\u00bb][vc_separator css=\u00bb.vc_custom_1487002904223{padding-bottom: 20px !important;}\u00bb][vc_column_text]<\/p>\n<h4>SERVICIOS TUR\u00cdSTICOS, 6 miembros<\/h4>\n<p>Sra. Roser DABAN VILA; Sr. Amadeu ROSSELL TARRADELLAS, ALIAT SA; Sr. Ricard VICENS RODR\u00cdGUEZ, HOTEL COMA BELLA; Sr. Pere TORRES MASBERNAT, RESTAURACI\u00d3 DE LA MUNTANYA I DEL MAR; Sr. Nicolau CRUZ COBO, GERMANS CRUZ, SL<\/p>\n<p><span style=\"color: #ffffff;\">.<\/span>[\/vc_column_text][vc_gallery type=\u00bbimage_grid\u00bb images=\u00bb37146,26157,28492,37269,37152&#8243; onclick=\u00bb\u00bb][vc_separator css=\u00bb.vc_custom_1487002904223{padding-bottom: 20px !important;}\u00bb][vc_column_text]<\/p>\n<h4>OTROS SERVICIOS, 6 miembros<\/h4>\n<p>Sr. Josep MAGALL\u00d3N TORN\u00c9, \u00a0TRANSPORT LOG\u00cdSTIC INTERNACIONAL VERD SL; Sra. Esther PUIGCERC\u00d3S FONT, ANDORRA BANC AGR\u00cdCOL REIG SA; Sr. Enric LLAH\u00cd SEGAL\u00c0S, \u00a0DKV Seguros y reaseguros SA Espa\u00f1ola; Sra. Sandra CANO VILA, MIGJORN SLU; Sr. Joan TOM\u00c0S REIG, ECONOMISTES ASSOCIATS, SL; Sra. Merc\u00e8 ARDERIU HUIX, LIDERA, SL<\/p>\n<p><span style=\"color: #ffffff;\">.<\/span>[\/vc_column_text][vc_gallery type=\u00bbimage_grid\u00bb images=\u00bb26145,26228,30721,35779,26229,26160&#8243; onclick=\u00bb\u00bb][vc_separator css=\u00bb.vc_custom_1487002904223{padding-bottom: 20px !important;}\u00bb][vc_column_text]<\/p>\n<h4>VOCALES COOPERADORES, 5 miembros<\/h4>\n<p>Sr. Francesc PALL\u00c0S VILADOMAT, Sr. Marc PANTEBRE PALMITJAVILA, Sr. Daniel BASTIDA OBIOLS, Sra. Meritxell MARS\u00c0 PONS, Sr. Andr\u00e9s L\u00d3PEZ ALONSO<\/p>\n<p><span style=\"color: #ffffff;\">.<\/span>[\/vc_column_text][\/vc_column][\/vc_row][vc_row css=\u00bb.vc_custom_1641379889443{padding-top: 25px !important;}\u00bb][vc_column][vc_separator border_width=\u00bb10&#8243; css=\u00bb.vc_custom_1486475572322{padding-bottom: 30px !important;}\u00bb][vc_column_text]<\/p>\n<h4><strong>NORMATIVA DE LA C\u00c1MARA<\/strong><\/h4>\n<p>En esta secci\u00f3n puede descargar los documentos correspondientes al Reglamento Interno de la C\u00e1mara de Comercio, el texto de la Ley 23\/2018, de 18 de octubre y el C\u00f3digo de Buenas Pr\u00e1cticas.<\/p>\n<p><span style=\"color: #ffffff;\">.<\/span>[\/vc_column_text][vc_row_inner][vc_column_inner width=\u00bb1\/4&#8243;][vc_btn title=\u00bbReglamento interno\u00bb color=\u00bbprimary\u00bb align=\u00bbcenter\u00bb button_block=\u00bbtrue\u00bb link=\u00bburl:https%3A%2F%2Fwww.ccis.ad%2Fwp-content%2Fuploads%2F2023%2F11%2FReglament-intern-de-la-Cambra.pdf|target:_blank\u00bb][\/vc_column_inner][vc_column_inner width=\u00bb1\/4&#8243;][vc_btn title=\u00bbLey de la CCIS\u00bb color=\u00bbprimary\u00bb align=\u00bbcenter\u00bb button_block=\u00bbtrue\u00bb link=\u00bburl:https%3A%2F%2Fwww.ccis.ad%2Fwp-content%2Fuploads%2F2022%2F01%2FLlei-CCIS.pdf|target:_blank|\u00bb][\/vc_column_inner][vc_column_inner width=\u00bb1\/4&#8243;][vc_btn title=\u00bbC\u00f3digo de buenas pr\u00e1cticas\u00bb color=\u00bbprimary\u00bb align=\u00bbcenter\u00bb button_block=\u00bbtrue\u00bb link=\u00bburl:https%3A%2F%2Fonline.fliphtml5.com%2Ftjblj%2Fkzrm%2F%23p%3D1|target:_blank|\u00bb][\/vc_column_inner][vc_column_inner width=\u00bb1\/4&#8243;][vc_btn title=\u00bbReglamento electoral\u00bb color=\u00bbprimary\u00bb align=\u00bbcenter\u00bb button_block=\u00bbtrue\u00bb link=\u00bburl:https%3A%2F%2Fwww.ccis.ad%2Fwp-content%2Fuploads%2F2023%2F11%2FReglament-electoral-del-Ple-de-la-Cambra.pdf|target:_blank\u00bb][\/vc_column_inner][\/vc_row_inner][vc_row_inner][vc_column_inner width=\u00bb1\/4&#8243;][vc_btn title=\u00bbManual de contrataci\u00f3n y compras\u00bb color=\u00bbprimary\u00bb align=\u00bbcenter\u00bb button_block=\u00bbtrue\u00bb link=\u00bburl:https%3A%2F%2Fwww.ccis.ad%2Fwp-content%2Fuploads%2F2023%2F11%2FManual-en-la-contractacio-i-les-compres-de-la-Cambra.pdf|target:_blank\u00bb][\/vc_column_inner][vc_column_inner width=\u00bb1\/4&#8243;][\/vc_column_inner][vc_column_inner width=\u00bb1\/4&#8243;][\/vc_column_inner][vc_column_inner width=\u00bb1\/4&#8243;][\/vc_column_inner][\/vc_row_inner][\/vc_column][\/vc_row][vc_row css=\u00bb.vc_custom_1641379889443{padding-top: 25px !important;}\u00bb][vc_column][vc_separator border_width=\u00bb10&#8243; css=\u00bb.vc_custom_1486475572322{padding-bottom: 30px !important;}\u00bb][vc_column_text]<\/p>\n<h4><strong>ORGANIGRAMA DE LA C\u00c1MARA<\/strong><\/h4>\n<p>Aqu\u00ed puede descargar nuestro organigrama.<\/p>\n<p><span style=\"color: #ffffff;\">.<\/span>[\/vc_column_text][vc_row_inner][vc_column_inner width=\u00bb1\/3&#8243;][vc_btn title=\u00bbOrganigrama\u00bb color=\u00bbprimary\u00bb align=\u00bbcenter\u00bb button_block=\u00bbtrue\u00bb link=\u00bburl:https%3A%2F%2Fwww.ccis.ad%2Fwp-content%2Fuploads%2F2024%2F04%2FOrganigrama-2023.pdf|target:_blank\u00bb][\/vc_column_inner][vc_column_inner width=\u00bb1\/3&#8243;][\/vc_column_inner][vc_column_inner width=\u00bb1\/3&#8243;][\/vc_column_inner][\/vc_row_inner][\/vc_column][\/vc_row]<\/p>\n<\/div>","protected":false},"excerpt":{"rendered":"<p>[vc_row][vc_column width=\u00bb1\/4&#8243;][vc_single_image image=\u00bb43545&#8243; img_size=\u00bbfull\u00bb][\/vc_column][vc_column width=\u00bb3\/4&#8243;][vc_column_text]De acuerdo con el Decreto legislativo de 5-12-2008 sobre la Ley de la C\u00e1mara de Comercio, Industria y Servicios de Andorra, los \u00f3rganos de gobierno de la C\u00e1mara son el Pleno,&#8230;<\/p>\n","protected":false},"author":52,"featured_media":0,"parent":0,"menu_order":0,"comment_status":"closed","ping_status":"closed","template":"","meta":{"footnotes":""},"class_list":["post-42149","page","type-page","status-publish"],"_links":{"self":[{"href":"https:\/\/www.ccis.ad\/es\/wp-json\/wp\/v2\/pages\/42149","targetHints":{"allow":["GET"]}}],"collection":[{"href":"https:\/\/www.ccis.ad\/es\/wp-json\/wp\/v2\/pages"}],"about":[{"href":"https:\/\/www.ccis.ad\/es\/wp-json\/wp\/v2\/types\/page"}],"author":[{"embeddable":true,"href":"https:\/\/www.ccis.ad\/es\/wp-json\/wp\/v2\/users\/52"}],"replies":[{"embeddable":true,"href":"https:\/\/www.ccis.ad\/es\/wp-json\/wp\/v2\/comments?post=42149"}],"version-history":[{"count":23,"href":"https:\/\/www.ccis.ad\/es\/wp-json\/wp\/v2\/pages\/42149\/revisions"}],"predecessor-version":[{"id":44940,"href":"https:\/\/www.ccis.ad\/es\/wp-json\/wp\/v2\/pages\/42149\/revisions\/44940"}],"wp:attachment":[{"href":"https:\/\/www.ccis.ad\/es\/wp-json\/wp\/v2\/media?parent=42149"}],"curies":[{"name":"wp","href":"https:\/\/api.w.org\/{rel}","templated":true}]}}