{"id":42109,"date":"2023-03-24T15:57:59","date_gmt":"2023-03-24T15:57:59","guid":{"rendered":"https:\/\/www.ccis.ad\/funciones-de-la-camara\/"},"modified":"2023-04-30T10:16:22","modified_gmt":"2023-04-30T09:16:22","slug":"funciones-de-la-camara","status":"publish","type":"page","link":"https:\/\/www.ccis.ad\/es\/funciones-de-la-camara\/","title":{"rendered":"Funciones de la C\u00e1mara"},"content":{"rendered":"<div class=\"wpb-content-wrapper\"><p>[vc_row css=\u00bb.vc_custom_1640788017472{margin-right: 20px !important;margin-left: 20px !important;}\u00bb][vc_column][vc_column_text]<\/p>\n<p style=\"text-align: justify;\">En la C\u00e1mara tenemos dos funciones principales, que marcan nuestra actividad: la primera se centra en ejercer como \u00f3rgano consultivo, y la segunda tiene la vocaci\u00f3n de ofrecer servicios dirigidos a la empresa andorrana.<\/p>\n<p>[\/vc_column_text][\/vc_column][\/vc_row][vc_row gap=\u00bb25&#8243; equal_height=\u00bbyes\u00bb css=\u00bb.vc_custom_1640765165749{margin-right: 20px !important;margin-left: 20px !important;}\u00bb mobile_margin_left=\u00bb0&#8243; mobile_margin_right=\u00bb0&#8243;][vc_column width=\u00bb1\/2&#8243; css_animation=\u00bbfadeIn\u00bb css=\u00bb.vc_custom_1634716926680{padding-right: 55px !important;padding-bottom: 60px !important;padding-left: 55px !important;background-color: #1878c5 !important;}\u00bb]<div class=\"clearboth\"><\/div><style>#thegem-divider-69ea204d1b3e2 {margin-top: 40px !important;}<\/style><div id=\"thegem-divider-69ea204d1b3e2\" class=\"gem-divider  \" style=\"\" ><\/div>[vc_column_text]<\/p>\n<h3><span class=\"light\" style=\"color: #ffffff;\">\u00d3RGANO<\/span><br \/>\n<span style=\"color: #ff9900;\">CONSULTIVO<\/span><\/h3>\n<p>[\/vc_column_text][\/vc_column][vc_column width=\u00bb1\/2&#8243; css_animation=\u00bbfadeIn\u00bb css=\u00bb.vc_custom_1634716997517{padding-right: 55px !important;padding-bottom: 60px !important;padding-left: 55px !important;background-color: #1463a8 !important;}\u00bb]<div class=\"clearboth\"><\/div><style>#thegem-divider-69ea204d1b478 {margin-top: 40px !important;}<\/style><div id=\"thegem-divider-69ea204d1b478\" class=\"gem-divider  \" style=\"\" ><\/div>[vc_column_text]<\/p>\n<h3><span class=\"light\" style=\"color: #ffffff;\">SERVICIOS<\/span><br \/>\n<span style=\"color: #ff9900;\">EN EMPRESAS<\/span><\/h3>\n<p>[\/vc_column_text][vc_column_text][\/vc_column_text][\/vc_column][\/vc_row][vc_row css=\u00bb.vc_custom_1640788078155{margin-right: 20px !important;margin-left: 20px !important;}\u00bb][vc_column][vc_column_text]<\/p>\n<p class=\"xmsonormal\" style=\"text-align: justify;\">Como <b>\u00f3rgano consultivo<\/b>, ante el Govern, el Consell General y otras administraciones e instituciones p\u00fablicas, trasladamos la opini\u00f3n y las propuestas del sector empresarial que mejor contribuyan a la econom\u00eda y la sociedad andorranas en general.<\/p>\n<p class=\"xmsonormal\" style=\"text-align: justify;\">La C\u00e1mara tiene atribuida por la Ley 23\/2018, de 18 de octubre, la funci\u00f3n de \u00f3rgano consultivo y de asesoramiento de la Administraci\u00f3n p\u00fablica. El resultado de esta actividad se obtiene mediante el an\u00e1lisis y la emisi\u00f3n de informes y estudios. Esta funci\u00f3n se lleva a cabo tanto a petici\u00f3n de las administraciones p\u00fablicas como por propia iniciativa.<\/p>\n<p class=\"xmsonormal\" style=\"text-align: justify;\">La funci\u00f3n consultiva la coordina el secretario letrado con el apoyo de las comisiones y el servicio de an\u00e1lisis econ\u00f3mico.<\/p>\n<p class=\"xmsonormal\" style=\"text-align: justify;\">Las comisiones son la herramienta de trabajo que aporta el conocimiento necesario para la reflexi\u00f3n transversal y estrat\u00e9gica a largo plazo.<\/p>\n<p class=\"xmsonormal\" style=\"text-align: justify;\">El servicio de an\u00e1lisis econ\u00f3mico, adem\u00e1s de la elaboraci\u00f3n del informe econ\u00f3mico anual, en cumplimiento de sus funciones, es el referente del pa\u00eds en publicaciones de car\u00e1cter empresarial y econ\u00f3mico.<\/p>\n<p>[\/vc_column_text][vc_empty_space][\/vc_column][\/vc_row][vc_row css=\u00bb.vc_custom_1640788078155{margin-right: 20px !important;margin-left: 20px !important;}\u00bb][vc_column][vc_column_text]<\/p>\n<p style=\"text-align: justify;\"><strong>Disponemos de un gran abanico de servicios dirigidos a la empresa, orientados a la profesionalizaci\u00f3n, dinamizaci\u00f3n econ\u00f3mica, asesoramiento, resoluci\u00f3n de conflictos empresariales y formaci\u00f3n continuada. <\/strong><\/p>\n<ul>\n<li style=\"text-align: left;\"><a href=\"https:\/\/www.ccis.ad\/pf\/assessorament-empresarial\/\"><strong>El asesoramiento<\/strong> <strong>empresarial<\/strong><\/a> : es un acompa\u00f1amiento para resolver todas las dudas a la hora de crear una empresa o sociedad<\/li>\n<li style=\"text-align: justify;\">La <strong><a href=\"https:\/\/www.ccis.ad\/pf\/formacio\/\">formaci\u00f3n continua<\/a><\/strong> est\u00e1 orientada a la competitividad y la vitalidad del tejido empresarial aportando contenidos de calidad y actuales.<\/li>\n<li style=\"text-align: justify;\">Desde el <strong><a href=\"https:\/\/www.ccis.ad\/pf\/resolucio-de-conflictes\/\">Centro de Resoluci\u00f3n de Conflictos<\/a><\/strong> ofrecemos los procedimientos para resolver conflictos de forma profesional, imparcial y neutral.<\/li>\n<li style=\"text-align: justify;\">Dentro del servicio al <strong><a href=\"https:\/\/www.ccis.ad\/pf\/comerc-i-turisme\/\">comercio y turismo<\/a><\/strong> estructuramos programas para la dinamizaci\u00f3n del comercio como el label \u201cAndorra comercio excelente\u201d y el servicio Store Assist y, el concurso de Escaparates de Navidad. Por otra parte, desde la comisi\u00f3n de trabajo especializada en turismo y comercio se impulsan iniciativas para el sector.<\/li>\n<li style=\"text-align: justify;\"><strong><a href=\"https:\/\/www.ccis.ad\/pf\/analisi-economica\/\">El an\u00e1lisis econ\u00f3mico.<\/a><\/strong> Somos el referente del pa\u00eds en publicaciones de car\u00e1cter empresarial y econ\u00f3mico, tales como <em>el informe econ\u00f3mico anual<\/em> , <em>el Informe de coyuntura semestral<\/em> y la coedici\u00f3n de <em>Andorra en cifras<\/em> .<\/li>\n<li style=\"text-align: left;\"><a href=\"https:\/\/www.ccis.ad\/pf\/cens-de-la-cambra\/\"><strong>El censo<\/strong> :<\/a> parte de nuestra responsabilidad se centra en mantener una base de datos de establecimientos comerciales completa y constantemente actualizada del pa\u00eds.<\/li>\n<li style=\"text-align: justify;\"><strong><a href=\"https:\/\/www.ccis.ad\/pf\/internacionalitzacio\/\">La internacionalizaci\u00f3n:<\/a><\/strong> ayudamos a las empresas en procesos de internacionalizaci\u00f3n y la tramitaci\u00f3n de la documentaci\u00f3n aduanera necesaria.<\/li>\n<\/ul>\n<p>[\/vc_column_text][\/vc_column][\/vc_row]<\/p>\n<\/div>","protected":false},"excerpt":{"rendered":"<p>[vc_row css=\u00bb.vc_custom_1640788017472{margin-right: 20px !important;margin-left: 20px !important;}\u00bb][vc_column][vc_column_text] En la C\u00e1mara tenemos dos funciones principales, que marcan nuestra actividad: la primera se centra en ejercer como \u00f3rgano consultivo, y la segunda tiene la vocaci\u00f3n de ofrecer servicios&#8230;<\/p>\n","protected":false},"author":52,"featured_media":0,"parent":0,"menu_order":0,"comment_status":"closed","ping_status":"closed","template":"","meta":{"footnotes":""},"class_list":["post-42109","page","type-page","status-publish"],"_links":{"self":[{"href":"https:\/\/www.ccis.ad\/es\/wp-json\/wp\/v2\/pages\/42109","targetHints":{"allow":["GET"]}}],"collection":[{"href":"https:\/\/www.ccis.ad\/es\/wp-json\/wp\/v2\/pages"}],"about":[{"href":"https:\/\/www.ccis.ad\/es\/wp-json\/wp\/v2\/types\/page"}],"author":[{"embeddable":true,"href":"https:\/\/www.ccis.ad\/es\/wp-json\/wp\/v2\/users\/52"}],"replies":[{"embeddable":true,"href":"https:\/\/www.ccis.ad\/es\/wp-json\/wp\/v2\/comments?post=42109"}],"version-history":[{"count":14,"href":"https:\/\/www.ccis.ad\/es\/wp-json\/wp\/v2\/pages\/42109\/revisions"}],"predecessor-version":[{"id":42911,"href":"https:\/\/www.ccis.ad\/es\/wp-json\/wp\/v2\/pages\/42109\/revisions\/42911"}],"wp:attachment":[{"href":"https:\/\/www.ccis.ad\/es\/wp-json\/wp\/v2\/media?parent=42109"}],"curies":[{"name":"wp","href":"https:\/\/api.w.org\/{rel}","templated":true}]}}