{"id":42087,"date":"2023-03-24T15:57:51","date_gmt":"2023-03-24T15:57:51","guid":{"rendered":"https:\/\/www.ccis.ad\/quienes-somos\/"},"modified":"2024-06-17T12:32:52","modified_gmt":"2024-06-17T10:32:52","slug":"quienes-somos","status":"publish","type":"page","link":"https:\/\/www.ccis.ad\/es\/quienes-somos\/","title":{"rendered":"\u00bfQui\u00e9nes somos?"},"content":{"rendered":"<div class=\"wpb-content-wrapper\"><p>[vc_row][vc_column width=\u00bb1\/4&#8243;][vc_single_image image=\u00bb36130&#8243; img_size=\u00bbfull\u00bb][\/vc_column][vc_column width=\u00bb3\/4&#8243;][vc_column_text css=\u00bb\u00bb]La C\u00e1mara es una entidad de derecho p\u00fablico creada por ley en 1993. <strong>Representamos y defendemos los intereses generales de las empresas andorranas<\/strong> e impulsamos la promoci\u00f3n econ\u00f3mica. Estamos bajo la tutela del ministerio adscrito al registro de comercio.<\/p>\n<p><strong>El censo de la C\u00e1mara aglutina un total de m\u00e1s de 10.000 registros de comercio, que representan el 85% del PIB nacional.<\/strong><\/p>\n<p>&nbsp;<\/p>\n<h4>NUESTRA MISI\u00d3N<\/h4>\n<p>La C\u00e1mara trabaja para mejorar la actividad de nuestras empresas desde varios \u00e1mbitos. Por una parte, llevando a cabo actuaciones de inter\u00e9s general que contribuyan al fomento, defensa y apoyo de la actividad econ\u00f3mica y empresarial en general; por otra, con el ejercicio de las competencias p\u00fablico-administrativas que la Ley le atribuye y, por \u00faltimo, prestando servicios que las empresas pueden utilizar individualmente.<\/p>\n<p><span style=\"color: #ffffff;\">.<\/span>[\/vc_column_text][\/vc_column][\/vc_row]<\/p>\n<\/div>","protected":false},"excerpt":{"rendered":"<p>[vc_row][vc_column width=\u00bb1\/4&#8243;][vc_single_image image=\u00bb36130&#8243; img_size=\u00bbfull\u00bb][\/vc_column][vc_column width=\u00bb3\/4&#8243;][vc_column_text css=\u00bb\u00bb]La C\u00e1mara es una entidad de derecho p\u00fablico creada por ley en 1993. Representamos y defendemos los intereses generales de las empresas andorranas e impulsamos la promoci\u00f3n econ\u00f3mica. Estamos bajo&#8230;<\/p>\n","protected":false},"author":52,"featured_media":0,"parent":0,"menu_order":0,"comment_status":"closed","ping_status":"closed","template":"","meta":{"footnotes":""},"class_list":["post-42087","page","type-page","status-publish"],"_links":{"self":[{"href":"https:\/\/www.ccis.ad\/es\/wp-json\/wp\/v2\/pages\/42087","targetHints":{"allow":["GET"]}}],"collection":[{"href":"https:\/\/www.ccis.ad\/es\/wp-json\/wp\/v2\/pages"}],"about":[{"href":"https:\/\/www.ccis.ad\/es\/wp-json\/wp\/v2\/types\/page"}],"author":[{"embeddable":true,"href":"https:\/\/www.ccis.ad\/es\/wp-json\/wp\/v2\/users\/52"}],"replies":[{"embeddable":true,"href":"https:\/\/www.ccis.ad\/es\/wp-json\/wp\/v2\/comments?post=42087"}],"version-history":[{"count":11,"href":"https:\/\/www.ccis.ad\/es\/wp-json\/wp\/v2\/pages\/42087\/revisions"}],"predecessor-version":[{"id":45328,"href":"https:\/\/www.ccis.ad\/es\/wp-json\/wp\/v2\/pages\/42087\/revisions\/45328"}],"wp:attachment":[{"href":"https:\/\/www.ccis.ad\/es\/wp-json\/wp\/v2\/media?parent=42087"}],"curies":[{"name":"wp","href":"https:\/\/api.w.org\/{rel}","templated":true}]}}