{"id":34403,"date":"2020-10-13T14:46:30","date_gmt":"2020-10-13T13:46:30","guid":{"rendered":"https:\/\/www.ccis.ad\/?page_id=34403"},"modified":"2023-06-08T10:34:57","modified_gmt":"2023-06-08T09:34:57","slug":"politica-cookies","status":"publish","type":"page","link":"https:\/\/www.ccis.ad\/es\/politica-cookies\/","title":{"rendered":"Pol\u00edtica de cookies"},"content":{"rendered":"<div class=\"wpb-content-wrapper\"><p>[vc_row][vc_column][vc_column_text css=\u00bb.vc_custom_1602596630695{padding-bottom: 60px !important;}\u00bb]Una cookie es un peque\u00f1o archivo de texto que se almacena en su navegador cuando visita casi cualquier p\u00e1gina web. Su utilidad es que la web sea capaz de recordar su visita cuando vuelva a navegar por esta p\u00e1gina. Las cookies suelen almacenar informaci\u00f3n de car\u00e1cter t\u00e9cnico, preferencias personales, personalizaci\u00f3n de contenidos, estad\u00edsticas de uso, links a redes sociales, acceso a cuentas de usuario, etc. El objetivo de la cookie es adaptar el contenido de la web a su perfil y necesidades, sin cookies los servicios ofrecidos por cualquier p\u00e1gina se ver\u00edan mermados notablemente.<\/p>\n<h5>Cookies utilizadas en este sitio web:<\/h5>\n<p>Siguiendo las directrices de la APDA procedemos a detallar el uso de cookies que hace esta web con el fin de informarle con la m\u00e1xima exactitud posible.<\/p>\n<h5>Este sitio web utiliza las siguientes cookies propias:<\/h5>\n<ul>\n<li>Cookies de sesi\u00f3n, para garantizar que los usuarios que participen en la web sean humanos y no aplicaciones automatizadas. De esta forma se combate el spam.<\/li>\n<\/ul>\n<h5>Este sitio web utiliza las siguientes cookies de terceros:<\/h5>\n<ul>\n<li>Google Analytics: Almacena cookies para poder elaborar estad\u00edsticas sobre el tr\u00e1fico y volumen de visitas de esta web. Al utilizar este sitio web est\u00e1 consintiendo que Google trate la informaci\u00f3n. Por tanto, el ejercicio de cualquier derecho en este sentido deber\u00e1 hacerlo comunic\u00e1ndose directamente con Google.<\/li>\n<li>Redes sociales: Cada red social utiliza sus propias cookies para que usted pueda pinchar en botones del tipo Me gusta o Compartir.<br \/>\nDesactivaci\u00f3n o eliminaci\u00f3n de cookies<\/li>\n<li>En cualquier momento podr\u00e1 ejercer el derecho de desactivaci\u00f3n o eliminaci\u00f3n de cookies de este sitio web. Estas acciones se realizan de forma distinta en funci\u00f3n del navegador que est\u00e9 usando.<\/li>\n<\/ul>\n<table class=\"cookielawinfo-row-cat-table cookielawinfo-classic\"><thead><tr><th class=\"cookielawinfo-column-1\">Cookie<\/th><th class=\"cookielawinfo-column-2\">Tipo<\/th><th class=\"cookielawinfo-column-3\">Duraci\u00f3n<\/th><th class=\"cookielawinfo-column-4\">Descripci\u00f3n<\/th><\/tr><\/thead><tbody><tr class=\"cookielawinfo-row\"><td class=\"cookielawinfo-column-1\">cookielawinfo-checkbox-analytics<\/td><td class=\"cookielawinfo-column-2\"><\/td><td class=\"cookielawinfo-column-3\"><\/td><td class=\"cookielawinfo-column-4\">Esta cookie es set by GDPR Cookie Consent plugin. Cookie se utiliza para guardar el usuario consentiendo las cookies en la categor\u00eda \"Analytics\".<\/td><\/tr><tr class=\"cookielawinfo-row\"><td class=\"cookielawinfo-column-1\">cookielawinfo-checkbox-functional<\/td><td class=\"cookielawinfo-column-2\"><\/td><td class=\"cookielawinfo-column-3\"><\/td><td class=\"cookielawinfo-column-4\">La cookie se encuentra en GDPR cookie consentiendo el recuerdo del usuario consentiendo las cookies en la categor\u00eda \"Functional\".<\/td><\/tr><tr class=\"cookielawinfo-row\"><td class=\"cookielawinfo-column-1\">cookielawinfo-checkbox-necessary<\/td><td class=\"cookielawinfo-column-2\"><\/td><td class=\"cookielawinfo-column-3\"><\/td><td class=\"cookielawinfo-column-4\">Esta cookie es set by GDPR Cookie Consent plugin. Las cookies se utilizan para almacenar el usuario consiente para las cookies en la categor\u00eda \"Necesary\".<\/td><\/tr><tr class=\"cookielawinfo-row\"><td class=\"cookielawinfo-column-1\">cookielawinfo-checkbox-others<\/td><td class=\"cookielawinfo-column-2\"><\/td><td class=\"cookielawinfo-column-3\"><\/td><td class=\"cookielawinfo-column-4\">Esta cookie es set by GDPR Cookie Consent plugin. Cookie se utiliza para guardar el usuario consentiendo las cookies en la categor\u00eda \"Other.<\/td><\/tr><tr class=\"cookielawinfo-row\"><td class=\"cookielawinfo-column-1\">cookielawinfo-checkbox-performance<\/td><td class=\"cookielawinfo-column-2\"><\/td><td class=\"cookielawinfo-column-3\"><\/td><td class=\"cookielawinfo-column-4\">Esta cookie es set by GDPR Cookie Consent plugin. Cookie se utiliza para guardar el usuario consentiendo las cookies en la categor\u00eda \"Performance\".<\/td><\/tr><tr class=\"cookielawinfo-row\"><td class=\"cookielawinfo-column-1\">viewed_cookie_policy<\/td><td class=\"cookielawinfo-column-2\"><\/td><td class=\"cookielawinfo-column-3\"><\/td><td class=\"cookielawinfo-column-4\">La cookie se encuentra mediante el GDPR Cookie Consent plugin y se utiliza para el almacenamiento de where o no se ha consentido para utilizar cookies. It does not store a\u00f1o personal fecha.<\/td><\/tr><\/tbody><\/table>\n<h5>Notas adicionales<\/h5>\n<ul>\n<li>Ni esta web ni sus representantes legales se hacen responsables ni del contenido ni de la veracidad de las pol\u00edticas de privacidad que puedan tener los terceros citados en esta pol\u00edtica de cookies.<\/li>\n<li>Los navegadores web son las herramientas encargadas de almacenar las cookies y desde este sitio debe efectuar su derecho de eliminaci\u00f3n o desactivaci\u00f3n. Ni esta web ni sus representantes legales pueden garantizar la correcta o incorrecta manipulaci\u00f3n de las cookies por parte de dichos navegadores.<\/li>\n<li>En algunos casos es necesario instalar cookies para que el navegador no olvide su decisi\u00f3n de no aceptarlas.<\/li>\n<li>En el caso de las cookies de Google Analytics, esta empresa almacena las cookies en servidores situados en Estados Unidos y se compromete a no compartirla con terceros, salvo en los casos en los que sea necesario para el funcionamiento del sistema o cuando la ley obligue a tal efecto. Seg\u00fan Google, no se guarda su direcci\u00f3n IP. Google Inc. es una compa\u00f1\u00eda adherida al Acuerdo de Port Segur que garantiza que todos los datos transferidos ser\u00e1n tratados con un nivel de protecci\u00f3n seg\u00fan la normativa europea. Puede consultar informaci\u00f3n detallada al respecto en este enlace. Si desea informaci\u00f3n sobre el uso que Google da a las cookies le adjuntamos ese otro enlace.<\/li>\n<\/ul>\n<p>Para cualquier duda o consulta sobre esta pol\u00edtica de cookies, no dude en comunicarse con nosotros a trav\u00e9s de la secci\u00f3n de contacto.<\/p>\n<p>[\/vc_column_text][\/vc_column][\/vc_row]<\/p>\n<\/div>","protected":false},"excerpt":{"rendered":"<p>[vc_row][vc_column][vc_column_text css=\u00bb.vc_custom_1602596630695{padding-bottom: 60px !important;}\u00bb]Una cookie es un peque\u00f1o archivo de texto que se almacena en su navegador cuando visita casi cualquier p\u00e1gina web. Su utilidad es que la web sea capaz de recordar su visita&#8230;<\/p>\n","protected":false},"author":52,"featured_media":0,"parent":0,"menu_order":0,"comment_status":"closed","ping_status":"closed","template":"","meta":{"footnotes":""},"class_list":["post-34403","page","type-page","status-publish"],"_links":{"self":[{"href":"https:\/\/www.ccis.ad\/es\/wp-json\/wp\/v2\/pages\/34403","targetHints":{"allow":["GET"]}}],"collection":[{"href":"https:\/\/www.ccis.ad\/es\/wp-json\/wp\/v2\/pages"}],"about":[{"href":"https:\/\/www.ccis.ad\/es\/wp-json\/wp\/v2\/types\/page"}],"author":[{"embeddable":true,"href":"https:\/\/www.ccis.ad\/es\/wp-json\/wp\/v2\/users\/52"}],"replies":[{"embeddable":true,"href":"https:\/\/www.ccis.ad\/es\/wp-json\/wp\/v2\/comments?post=34403"}],"version-history":[{"count":8,"href":"https:\/\/www.ccis.ad\/es\/wp-json\/wp\/v2\/pages\/34403\/revisions"}],"predecessor-version":[{"id":43374,"href":"https:\/\/www.ccis.ad\/es\/wp-json\/wp\/v2\/pages\/34403\/revisions\/43374"}],"wp:attachment":[{"href":"https:\/\/www.ccis.ad\/es\/wp-json\/wp\/v2\/media?parent=34403"}],"curies":[{"name":"wp","href":"https:\/\/api.w.org\/{rel}","templated":true}]}}