{"id":42089,"date":"2023-03-24T15:57:51","date_gmt":"2023-03-24T15:57:51","guid":{"rendered":"https:\/\/www.ccis.ad\/governance-and-regulations\/"},"modified":"2024-04-17T12:32:18","modified_gmt":"2024-04-17T10:32:18","slug":"governance-and-regulations","status":"publish","type":"page","link":"https:\/\/www.ccis.ad\/en\/governance-and-regulations\/","title":{"rendered":"Governance and Regulations"},"content":{"rendered":"<div class=\"wpb-content-wrapper\"><p>[vc_row][vc_column width=&#8221;1\/4&#8243;][vc_single_image image=&#8221;43543&#8243; img_size=&#8221;full&#8221;][\/vc_column][vc_column width=&#8221;3\/4&#8243;][vc_column_text]In accordance with the Legislative Decree of December 5, 2008, regarding the Law of the Chamber of Commerce, Industry, and Services of Andorra, the governing bodies of the Chamber are the Plenary, the Executive Committee, and the President.<\/p>\n<p>&nbsp;<\/p>\n<h4><strong>President of the Chamber<\/strong><\/h4>\n<p>Josep Maria Mas has been involved with the Chamber since 2009, serving as treasurer, a member of the Committee, and the Trade Commission. His professional background is in the management of an Andorran family group in the retail and food sector. Additionally, he was a councilor of the Com\u00fa d\u2019Encamp during the Jordi Torres administration.<\/p>\n<p><em>&#8220;My goal is to continue working for the business community of the country, while fulfilling the role of a consultative body for public administrations and further strengthening the Chamber&#8217;s traditional mission of diversifying the Andorran economy and enhancing the country&#8217;s competitiveness.&#8221;<\/em><\/p>\n<p><span style=\"color: #ffffff;\">.<\/span>[\/vc_column_text][\/vc_column][\/vc_row][vc_row][vc_column css=&#8221;.vc_custom_1483693371237{padding-top: 40px !important;}&#8221;][vc_separator border_width=&#8221;10&#8243; css=&#8221;.vc_custom_1486475572322{padding-bottom: 30px !important;}&#8221;][vc_column_text]<\/p>\n<h4><strong>Executive Committee<\/strong><\/h4>\n<p><strong>President:<\/strong> Mr. Josep M\u00aa MAS TORRES, MIT SA; <strong>Vice-president trade sector:<\/strong> Mr. Ramon GINESTA JULI\u00c1N, SERVEI AERI ANDORR\u00c0 D&#8217;AVANTGUARDA SL; <strong>Industry sector vice president:<\/strong> Mr. Miquel PUJAL, PUJAL CONSTRUCTIONS; <strong>Vice-president tourist services:<\/strong> Mr. Ricard VICENS RODR\u00cdGUEZ, HOTEL COMA BELLA; <strong>Vice-president other services:<\/strong> Ms. Esther PUIGCERC\u00d3S FONT, ANDORRA BANC AGR\u00cdCOL REIG SA; <strong>Treasurer:<\/strong> Mr. Joan ARDERIU SOLER, ORGANIZATION, TRAINING AND MAINTENANCE ARDERIU SLU; <strong>Assistant treasurer:<\/strong> Carles VISENT GUITART, ESTACI\u00d3 ENCLAR CARBURANTS ANDORRA SA; <strong>Vocal:<\/strong> Ms. Merc\u00e8 ARDERIU HUIX, LIDERA, SL; Mr. Josep MAGALL\u00d3N TORN\u00c9, \u00a0TRANSPORT LOG\u00cdSTIC INTERNACIONAL VERD SL<\/p>\n<p><span style=\"color: #ffffff;\">.<\/span>[\/vc_column_text][vc_separator border_width=&#8221;10&#8243; css=&#8221;.vc_custom_1486475572322{padding-bottom: 30px !important;}&#8221;][vc_column_text]<\/p>\n<h4><strong>THE PLENARY<\/strong><\/h4>\n<h4>INDUSTRY, 7 members<\/h4>\n<p>Mr. Francesc ZAMORA PUIGCERC\u00d3S, ECOTECNIC, SA; Mr. Josep M\u00aa MAS TORRES, MIT SA; Mr. Daniel ARMENGOL BOSCH, GRUP HERACLES CONSTRUCTION AND PUBLIC WORKS SLU; Mr. Miquel PUJAL LABORDA, CONSTRUCCIONS PUJAL SA; Mrs. Gr\u00e0cia Mirell ROCA BOV\u00c9, PIDASA SERVEIS, SL; Mr. Lloren\u00e7 PICANYOL BULL\u00d3, EM-T INGENIERIA I T\u00c8CNICS, SA; Mr. Jordi DUR\u00d3 ESPINETA, AGEFRED SERVEI, SA<\/p>\n<p><span style=\"color: #ffffff;\">.<\/span>[\/vc_column_text][vc_gallery type=&#8221;image_grid&#8221; images=&#8221;26260,36970,26151,28489,26149,33077,28490&#8243; onclick=&#8221;&#8221;][vc_separator css=&#8221;.vc_custom_1487002904223{padding-bottom: 20px !important;}&#8221;][vc_column_text]<\/p>\n<h4>COMMERCE, 11 members<\/h4>\n<p>Mr. Carles SANSA CALL, HRC MOTOR, SLU; Mr. Carles VISENT GUITART, STATION ENCLAR CARBURANTS ANDORRA SA; Mr. Ramon GINESTA JULI\u00c1N, SERVEI AERI ANDORR\u00c0 D&#8217;AVANTGUARDA SL; Mr. Miquel ARMENGOL PONS, DAIRY DISTRIBUTIONS SLU; Mrs. Cristina TOR ARMENGOL, PYRENEE WINERY; Mr. Ramon Maria OLIVA CUSCULLOLA, ALTA RIBA DISRIBUCI\u00d3 SA; Mrs. Meritxell MART\u00cd CASTANYER, MERITXELL PHARMACY; Mr. Enric CASABELLA TRIAS, SPORTS TECHNICAL CAPE SL; Mr. Joan ARDERIU SOLER, ORGANIZATION, TRAINING AND MAINTENANCE ARDERIU SLU; Mrs. Rosa PONS SOLANS, SWITZERLAND, SLU; Mr. Jordi RIBA CASAL<\/p>\n<p><span style=\"color: #ffffff;\">.<\/span>[\/vc_column_text][vc_gallery type=&#8221;image_grid&#8221; images=&#8221;28498,26150,28500,26155,26153,35828,26394,26149,26226,28501,37074&#8243; onclick=&#8221;&#8221;][vc_separator css=&#8221;.vc_custom_1487002904223{padding-bottom: 20px !important;}&#8221;][vc_column_text]<\/p>\n<h4>TOURIST SERVICES, 6 members<\/h4>\n<p>Mrs. Rose DABAN VILA; Mr. Amadeu ROSSELL TARRADELLAS, ALIAT SA; Mr. Ricard VICENS RODR\u00cdGUEZ, HOTEL COMA BELLA; Mr. Pere TORRES MASBERNAT, RESTORATION OF THE MOUNTAIN AND THE SEA; Mr. Nicolau CRUZ COBO, GERMANS CRUZ, SL<\/p>\n<p><span style=\"color: #ffffff;\">.<\/span>[\/vc_column_text][vc_gallery type=&#8221;image_grid&#8221; images=&#8221;37146,26157,28492,37269,37152&#8243; onclick=&#8221;&#8221;][vc_separator css=&#8221;.vc_custom_1487002904223{padding-bottom: 20px !important;}&#8221;][vc_column_text]<\/p>\n<h4>OTHER SERVICES, 6 members<\/h4>\n<p>Mr. Josep MAGALL\u00d3N TORN\u00c9, TRANSPORT LOG\u00cdSTIC INTERNACIONAL VERD SL; Mrs. Esther PUIGCERC\u00d3S FONT, ANDORRA BANC AGR\u00cdCOL REIG SA; Mr. Enric LLAH\u00cd SEGAL\u00c0S, DKV Seguros y reaseguros SA Espa\u00f1ola; Mrs. Sandra CANO VILA, MIGJORN SLU; Mr. Joan TOM\u00c0S REIG, ECONOMISTES ASSOCIATES, SL; Mrs. Merc\u00e8 ARDERIU HUIX, LIDERA, SL<\/p>\n<p><span style=\"color: #ffffff;\">.<\/span>[\/vc_column_text][vc_gallery type=&#8221;image_grid&#8221; images=&#8221;26145,26228,30721,35779,26229,26160&#8243; onclick=&#8221;&#8221;][vc_separator css=&#8221;.vc_custom_1487002904223{padding-bottom: 20px !important;}&#8221;][vc_column_text]<\/p>\n<h4>COOPERATING VOCALS, 5 members<\/h4>\n<p>Mr. Francesc PALL\u00c0S VILADOMAT, Mr. Marc PANTEBRE PALMITJAVILA, Mr. Daniel BASTIDA OBIOLS, Mrs. Meritxell MARS\u00c0 PONS, Mr. Andr\u00e9s L\u00f3pez Alonso<\/p>\n<p><span style=\"color: #ffffff;\">.<\/span>[\/vc_column_text][\/vc_column][\/vc_row][vc_row css=&#8221;.vc_custom_1641379889443{padding-top: 25px !important;}&#8221;][vc_column][vc_separator border_width=&#8221;10&#8243; css=&#8221;.vc_custom_1486475572322{padding-bottom: 30px !important;}&#8221;][vc_column_text]<\/p>\n<h4><strong>RULES OF THE CHAMBER<\/strong><\/h4>\n<p>In this section you can download the documents corresponding to the Internal Regulations of the Chamber of Commerce, the text of Law 23\/2018, of 18 October and the Code of Good Practices.<\/p>\n<p><span style=\"color: #ffffff;\">.<\/span>[\/vc_column_text][vc_row_inner][vc_column_inner width=&#8221;1\/4&#8243;][vc_btn title=&#8221;Internal regulation&#8221; color=&#8221;primary&#8221; align=&#8221;center&#8221; button_block=&#8221;true&#8221; link=&#8221;url:https%3A%2F%2Fwww.ccis.ad%2Fwp-content%2Fuploads%2F2023%2F11%2FReglament-intern-de-la-Cambra.pdf|target:_blank&#8221;][\/vc_column_inner][vc_column_inner width=&#8221;1\/4&#8243;][vc_btn title=&#8221;Law of the CCIS&#8221; color=&#8221;primary&#8221; align=&#8221;center&#8221; button_block=&#8221;true&#8221; link=&#8221;url:https%3A%2F%2Fwww.ccis.ad%2Fwp-content%2Fuploads%2F2022%2F01%2FLlei-CCIS.pdf|target:_blank|&#8221;][\/vc_column_inner][vc_column_inner width=&#8221;1\/4&#8243;][vc_btn title=&#8221;Code of good practice&#8221; color=&#8221;primary&#8221; align=&#8221;center&#8221; button_block=&#8221;true&#8221; link=&#8221;url:https%3A%2F%2Fonline.fliphtml5.com%2Ftjblj%2Fkzrm%2F%23p%3D1|target:_blank|&#8221;][\/vc_column_inner][vc_column_inner width=&#8221;1\/4&#8243;][vc_btn title=&#8221;Electoral regulation&#8221; color=&#8221;primary&#8221; align=&#8221;center&#8221; button_block=&#8221;true&#8221; link=&#8221;url:https%3A%2F%2Fwww.ccis.ad%2Fwp-content%2Fuploads%2F2023%2F11%2FReglament-electoral-del-Ple-de-la-Cambra.pdf|target:_blank&#8221;][\/vc_column_inner][\/vc_row_inner][vc_row_inner][vc_column_inner width=&#8221;1\/4&#8243;][vc_btn title=&#8221;Contracting and purchasing manual&#8221; color=&#8221;primary&#8221; align=&#8221;center&#8221; button_block=&#8221;true&#8221; link=&#8221;url:https%3A%2F%2Fwww.ccis.ad%2Fwp-content%2Fuploads%2F2023%2F11%2FManual-en-la-contractacio-i-les-compres-de-la-Cambra.pdf|target:_blank&#8221;][\/vc_column_inner][vc_column_inner width=&#8221;1\/4&#8243;][\/vc_column_inner][vc_column_inner width=&#8221;1\/4&#8243;][\/vc_column_inner][vc_column_inner width=&#8221;1\/4&#8243;][\/vc_column_inner][\/vc_row_inner][\/vc_column][\/vc_row][vc_row css=&#8221;.vc_custom_1641379889443{padding-top: 25px !important;}&#8221;][vc_column][vc_separator border_width=&#8221;10&#8243; css=&#8221;.vc_custom_1486475572322{padding-bottom: 30px !important;}&#8221;][vc_column_text]<\/p>\n<h4><strong>ORGANIZATION CHART OF THE CHAMBER<\/strong><\/h4>\n<p>Here you can download our organizational chart.<\/p>\n<p><span style=\"color: #ffffff;\">.<\/span>[\/vc_column_text][vc_row_inner][vc_column_inner width=&#8221;1\/3&#8243;][vc_btn title=&#8221;Organizational chart&#8221; color=&#8221;primary&#8221; align=&#8221;center&#8221; button_block=&#8221;true&#8221; link=&#8221;url:https%3A%2F%2Fwww.ccis.ad%2Fwp-content%2Fuploads%2F2024%2F04%2FOrganigrama-2023.pdf|target:_blank&#8221;][\/vc_column_inner][vc_column_inner width=&#8221;1\/3&#8243;][\/vc_column_inner][vc_column_inner width=&#8221;1\/3&#8243;][\/vc_column_inner][\/vc_row_inner][\/vc_column][\/vc_row]<\/p>\n<\/div>","protected":false},"excerpt":{"rendered":"<p>[vc_row][vc_column width=&#8221;1\/4&#8243;][vc_single_image image=&#8221;43543&#8243; img_size=&#8221;full&#8221;][\/vc_column][vc_column width=&#8221;3\/4&#8243;][vc_column_text]In accordance with the Legislative Decree of December 5, 2008, regarding the Law of the Chamber of Commerce, Industry, and Services of Andorra, the governing bodies of the Chamber are the&#8230;<\/p>\n","protected":false},"author":52,"featured_media":0,"parent":0,"menu_order":0,"comment_status":"closed","ping_status":"closed","template":"","meta":{"footnotes":""},"class_list":["post-42089","page","type-page","status-publish"],"_links":{"self":[{"href":"https:\/\/www.ccis.ad\/en\/wp-json\/wp\/v2\/pages\/42089","targetHints":{"allow":["GET"]}}],"collection":[{"href":"https:\/\/www.ccis.ad\/en\/wp-json\/wp\/v2\/pages"}],"about":[{"href":"https:\/\/www.ccis.ad\/en\/wp-json\/wp\/v2\/types\/page"}],"author":[{"embeddable":true,"href":"https:\/\/www.ccis.ad\/en\/wp-json\/wp\/v2\/users\/52"}],"replies":[{"embeddable":true,"href":"https:\/\/www.ccis.ad\/en\/wp-json\/wp\/v2\/comments?post=42089"}],"version-history":[{"count":20,"href":"https:\/\/www.ccis.ad\/en\/wp-json\/wp\/v2\/pages\/42089\/revisions"}],"predecessor-version":[{"id":44942,"href":"https:\/\/www.ccis.ad\/en\/wp-json\/wp\/v2\/pages\/42089\/revisions\/44942"}],"wp:attachment":[{"href":"https:\/\/www.ccis.ad\/en\/wp-json\/wp\/v2\/media?parent=42089"}],"curies":[{"name":"wp","href":"https:\/\/api.w.org\/{rel}","templated":true}]}}