{"id":39059,"date":"2023-04-19T10:26:51","date_gmt":"2023-04-19T09:26:51","guid":{"rendered":"https:\/\/www.ccis.ad\/?page_id=39059"},"modified":"2023-04-19T10:26:51","modified_gmt":"2023-04-19T09:26:51","slug":"cambra-publications","status":"publish","type":"page","link":"https:\/\/www.ccis.ad\/en\/cambra-publications\/","title":{"rendered":"Publications"},"content":{"rendered":"<div class=\"wpb-content-wrapper\"><p>[vc_row][vc_column][vc_empty_space]<div class=\"gem-list gem-list-type-Label gem-list-color-3\" ><ul>\n<li><a href=\"https:\/\/www.ccis.ad\/wp-content\/uploads\/2021\/10\/Economic-Report_2020_CCIS.pdf\" target=\"_blank\" rel=\"noopener\">Economic Report 2020 (CCIS)<\/a><\/li>\n<li><a href=\"https:\/\/www.ccis.ad\/viewer\/ie2019\/INGLES\/html-eng\/mobile\/index.html\">Economic Report 2019 (CCIS)<\/a><\/li>\n<li><a href=\"https:\/\/www.estadistica.ad\/serveiestudis\/publicacions\/Publicacions\/Andorra%20en%20Xifres_ang.pdf\">Andorra in figures 2019<\/a>\u00a0(CCIS, Actua, Govern d&#8217;Andorra)<\/li>\n<li><a href=\"https:\/\/www.ccis.ad\/viewer\/ie2018\/html-ingles\/index.html\">Economic Report 2018<\/a> (CCIS)<\/li>\n<li>Calendari Fiscal 2018 (<a href=\"https:\/\/www.ccis.ad\/wp-content\/uploads\/2018\/02\/Calendari-Fiscal-per-mesos-2018.pdf\">calendari per mesos<\/a> i <a href=\"https:\/\/www.ccis.ad\/wp-content\/uploads\/2018\/02\/Quadre-resum-per-impostos-2018.pdf\">quadre resum per impostos<\/a>)<\/li>\n<li><a href=\"https:\/\/www.estadistica.ad\/serveiestudis\/publicacions\/Publicacions\/Andorra%20en%20Xifres%20taules.pdf\" target=\"_blank\" rel=\"noopener noreferrer\">Andorra en xifres 2018<\/a> (CCIS, Actua, Govern d&#8217;Andorra)<\/li>\n<li><a href=\"http:\/\/www.ccis.ad\/wp-content\/uploads\/2017\/03\/Manual-impostos-directes.pdf\">Manual pr\u00e0ctic sobre els impostos directes a Andorra<\/a> (CCIS i Alfacapital, 2013)<\/li>\n<li><a href=\"http:\/\/www.ccis.ad\/wp-content\/uploads\/2017\/02\/andorratefutur.pdf\">Andorra t\u00e9 futur (CCIS, CEA i EFA, 2012)\u00a0<\/a><\/li>\n<li><a href=\"http:\/\/www.ccis.ad\/wp-content\/uploads\/2017\/03\/Manual-compta.pdf\">Manual pr\u00e0ctic del Pla General de Comptabilitat d&#8217;Andorra (2012)<\/a><\/li>\n<li>El segle XX. La modernitzaci\u00f3 d&#8217;Andorra (D. Comas d&#8217;Argemir, Maria J. Lluelles, Joan J. Pujadas i Xavier Sa\u00e9z, 2004) &#8211; <em>Versi\u00f3 paper adquirible a la Cambra.<\/em><\/li>\n<li>Noves propostes d&#8217;oci per a l&#8217;oferta tur\u00edstica d&#8217;Andorra (CCIS, 2001) &#8211;<em>Versi\u00f3 paper per consultar\u00a0a la Cambra.<\/em><\/li>\n<li><a href=\"http:\/\/www.ccis.ad\/docs\/sistemaandorra.pdf\">El sistema de relacions econ\u00f2miques internacionals d&#8217;Andorra (Ramon Torrent Macau, 2000)\u00a0<\/a><\/li>\n<li>Pla de revitalitzaci\u00f3 del comer\u00e7 d\u00b4Andorra (CCIS, 1997)<em> -Versi\u00f3 paper per consultar a la Cambra.<\/em><\/li>\n<\/ul>\n<\/div>[\/vc_column][\/vc_row]<\/p>\n<\/div>","protected":false},"excerpt":{"rendered":"<p>[vc_row][vc_column][vc_empty_space][\/vc_column][\/vc_row]<\/p>\n","protected":false},"author":52,"featured_media":35730,"parent":0,"menu_order":0,"comment_status":"closed","ping_status":"closed","template":"","meta":{"footnotes":""},"class_list":["post-39059","page","type-page","status-publish","has-post-thumbnail"],"_links":{"self":[{"href":"https:\/\/www.ccis.ad\/en\/wp-json\/wp\/v2\/pages\/39059","targetHints":{"allow":["GET"]}}],"collection":[{"href":"https:\/\/www.ccis.ad\/en\/wp-json\/wp\/v2\/pages"}],"about":[{"href":"https:\/\/www.ccis.ad\/en\/wp-json\/wp\/v2\/types\/page"}],"author":[{"embeddable":true,"href":"https:\/\/www.ccis.ad\/en\/wp-json\/wp\/v2\/users\/52"}],"replies":[{"embeddable":true,"href":"https:\/\/www.ccis.ad\/en\/wp-json\/wp\/v2\/comments?post=39059"}],"version-history":[{"count":1,"href":"https:\/\/www.ccis.ad\/en\/wp-json\/wp\/v2\/pages\/39059\/revisions"}],"predecessor-version":[{"id":42838,"href":"https:\/\/www.ccis.ad\/en\/wp-json\/wp\/v2\/pages\/39059\/revisions\/42838"}],"wp:featuredmedia":[{"embeddable":true,"href":"https:\/\/www.ccis.ad\/en\/wp-json\/wp\/v2\/media\/35730"}],"wp:attachment":[{"href":"https:\/\/www.ccis.ad\/en\/wp-json\/wp\/v2\/media?parent=39059"}],"curies":[{"name":"wp","href":"https:\/\/api.w.org\/{rel}","templated":true}]}}